{"id":83884,"date":"2023-07-16T14:04:39","date_gmt":"2023-07-16T12:04:39","guid":{"rendered":"https:\/\/fysiolab.dk\/product\/hudteip-paa-bena\/"},"modified":"2025-12-18T09:21:39","modified_gmt":"2025-12-18T08:21:39","slug":"hudteip-paa-bena","status":"publish","type":"product","link":"https:\/\/fysiolab.dk\/no\/product\/hudteip-paa-bena\/","title":{"rendered":"Hudteip p\u00e5 bena"},"content":{"rendered":"<p data-start=\"72\" data-end=\"91\"><strong data-start=\"72\" data-end=\"89\">Hudteip p\u00e5 bena<\/strong><\/p>\n<p data-start=\"93\" data-end=\"355\">Skinnebeintape er en fleksibel og elastisk tape som er utviklet for \u00e5 holde leggbeskyttere og str\u00f8mper p\u00e5 plass under idrett og fysisk aktivitet. Teipen kombinerer sikker oppbevaring med bevegelsesfrihet for en komfortabel passform uten \u00e5 begrense blodsirkulasjonen. <\/p>\n<p data-start=\"357\" data-end=\"576\">Den ekstra elastisiteten gj\u00f8r at teipen f\u00f8lger kroppens bevegelser og holder seg p\u00e5 plass - selv under intens aktivitet. Den er ideell for fotball, hockey og andre idretter der leggbeskyttere m\u00e5 holdes sikkert p\u00e5 plass. <\/p>\n<p data-start=\"578\" data-end=\"863\">Teipen er tilgjengelig i bl\u00e5tt, gr\u00f8nt, gult, hvitt, gjennomsiktig, r\u00f8dt og svart for \u00e5 matche klubbfarger eller individuelle preferanser. Med en bredde p\u00e5 1,9 cm og en lengde p\u00e5 20 meter per rull har den god dekning og kan enkelt brukes av trenere, terapeuter og individuelle ut\u00f8vere. <\/p>\n<p data-start=\"865\" data-end=\"879\"><strong data-start=\"865\" data-end=\"877\">Fordeler:<\/strong><\/p>\n<ul data-start=\"880\" data-end=\"1114\">\n<li data-start=\"880\" data-end=\"925\">\n<p data-start=\"882\" data-end=\"925\">Holder benskinner og sokker sikkert p\u00e5 plass<\/p>\n<\/li>\n<li data-start=\"926\" data-end=\"970\">\n<p data-start=\"928\" data-end=\"970\">Elastisk og fleksibel, f\u00f8lger bevegelsene<\/p>\n<\/li>\n<li data-start=\"971\" data-end=\"1021\">\n<p data-start=\"973\" data-end=\"1021\">Komfortabel uten \u00e5 begrense blodsirkulasjonen<\/p>\n<\/li>\n<li data-start=\"1022\" data-end=\"1071\">\n<p data-start=\"1024\" data-end=\"1071\">Tilgjengelig i bl\u00e5tt, gr\u00f8nt, gult, hvitt, r\u00f8dt, gjennomsiktig og svart<\/p>\n<\/li>\n<li data-start=\"1072\" data-end=\"1114\">\n<p data-start=\"1074\" data-end=\"1114\">Enkel \u00e5 bruke og tilpasse etter behov<\/p>\n<\/li>\n<\/ul>\n<p data-start=\"1116\" data-end=\"1294\">Skinnebeintape er et praktisk og effektivt verkt\u00f8y som s\u00f8rger for at utstyr og leggbeskyttere holder seg p\u00e5 plass under trening og kamp, samtidig som bevegelsesfriheten opprettholdes.<\/p>\n","protected":false},"excerpt":{"rendered":"<p><strong>Skinnebeintape for \u00e5 feste leggbeskyttere og sokker under idrett og trening. Elastisk og fleksibel, f\u00f8lger kroppens bevegelser og sitter komfortabelt. Finnes i bl\u00e5, gr\u00f8nn, gul, hvit, gjennomsiktig, r\u00f8d og svart.  <\/strong><\/p>\n","protected":false},"featured_media":83894,"comment_status":"closed","ping_status":"closed","template":"","meta":{"_acf_changed":false},"product_brand":[3086],"product_cat":[2391,2218,1937,1945],"product_tag":[2392],"class_list":{"0":"post-83884","1":"product","2":"type-product","3":"status-publish","4":"has-post-thumbnail","6":"product_brand-aserve","7":"product_cat-a-serve-no","8":"product_cat-fotball-og-fotball","9":"product_cat-merkevarer","10":"product_cat-treningsutstyr","11":"product_tag-aserve-no","13":"first","14":"instock","15":"taxable","16":"shipping-taxable","17":"purchasable","18":"product-type-variable"},"acf":[],"_links":{"self":[{"href":"https:\/\/fysiolab.dk\/no\/wp-json\/wp\/v2\/product\/83884","targetHints":{"allow":["GET"]}}],"collection":[{"href":"https:\/\/fysiolab.dk\/no\/wp-json\/wp\/v2\/product"}],"about":[{"href":"https:\/\/fysiolab.dk\/no\/wp-json\/wp\/v2\/types\/product"}],"replies":[{"embeddable":true,"href":"https:\/\/fysiolab.dk\/no\/wp-json\/wp\/v2\/comments?post=83884"}],"wp:featuredmedia":[{"embeddable":true,"href":"https:\/\/fysiolab.dk\/no\/wp-json\/wp\/v2\/media\/83894"}],"wp:attachment":[{"href":"https:\/\/fysiolab.dk\/no\/wp-json\/wp\/v2\/media?parent=83884"}],"wp:term":[{"taxonomy":"product_brand","embeddable":true,"href":"https:\/\/fysiolab.dk\/no\/wp-json\/wp\/v2\/product_brand?post=83884"},{"taxonomy":"product_cat","embeddable":true,"href":"https:\/\/fysiolab.dk\/no\/wp-json\/wp\/v2\/product_cat?post=83884"},{"taxonomy":"product_tag","embeddable":true,"href":"https:\/\/fysiolab.dk\/no\/wp-json\/wp\/v2\/product_tag?post=83884"}],"curies":[{"name":"wp","href":"https:\/\/api.w.org\/{rel}","templated":true}]}}