{"id":83885,"date":"2023-07-16T14:07:10","date_gmt":"2023-07-16T12:07:10","guid":{"rendered":"https:\/\/fysiolab.dk\/product\/bauerfeind-ryggstoette-lordoloc\/"},"modified":"2025-12-18T09:21:38","modified_gmt":"2025-12-18T08:21:38","slug":"bauerfeind-ryggstoette-lordoloc","status":"publish","type":"product","link":"https:\/\/fysiolab.dk\/no\/product\/bauerfeind-ryggstoette-lordoloc\/","title":{"rendered":"Bauerfeind ryggst\u00f8tte, LordoLoc"},"content":{"rendered":"<p><b>LordoLoc korsryggst\u00f8tte<\/b><\/p>\n<p>Ryggst\u00f8tten er sv\u00e6rt brukervennlig og behagelig \u00e5 ha p\u00e5. LordoLoc aktiverer musklene ved \u00e5 komprimere muskelkorsettet, som sammen med de integrerte elastiske stengene p\u00e5 ryggen bidrar til \u00e5 \u00f8ke kontrollen over ledd, ligamenter og skiver i ryggen. <\/p>\n<p>LordoLoc er anatomisk utformet for \u00e5 st\u00f8tte kroppens egne strukturer. Borrel\u00e5sfestet gj\u00f8r p\u00e5settingen sv\u00e6rt enkel, og de to innebygde trekkstroppene for variabel stabilitet p\u00e5 baksiden gj\u00f8r bandasjen sv\u00e6rt fleksibel, avhengig av behovet for stabilitet eller smertelindring. <\/p>\n<p>LordoLoc er laget av et elastisk og sv\u00e6rt pustende materiale som tar minimalt med plass under kl\u00e6rne og er behagelig \u00e5 ha p\u00e5 seg.<\/p>\n<p><b>Vi anbefaler LordoLoc for:  <\/b><\/p>\n<p>Personer med en moderat slitt korsrygg som utvikler smerter i visse belastningssituasjoner.<\/p>\n<p>Personer med utilstrekkelig stabilitet og styrke i korsryggen.<\/p>\n<p>Personer f\u00f8r eller etter en ryggoperasjon som \u00f8nsker hjelp til \u00e5 \u00f8ke muskelaktiviteten og samtidig redusere den lokale belastningen p\u00e5 de nedre ryggvirvlene og overgangen til bekkenet.<\/p>\n<p>Personer med kroniske korsryggsmerter og nedsatt funksjon<\/p>\n<p>LordoLoc gir \u00f8kt funksjon eller smertelindring. Bruk st\u00f8tten i situasjoner som er spesielt belastende og potensielt skadelige for ryggen. <\/p>\n<p><b>Indikasjoner:  <\/b><\/p>\n<p>HS-syndrom (kronisk)<\/p>\n<p>Degenerasjon\/muskelsvikt HS (moderat)<\/p>\n<p><b>Kjennetegn::<\/b><\/p>\n<p>LordoLoc\u00ae er en lett, stabiliserende ortose for behandling av korsryggen og lumbosakralovergangen med muskelaktiverende og avlastende effekt.<\/p>\n<p>Det elastiske, pustende materialet tilpasser seg anatomien optimalt, tar liten plass og er sv\u00e6rt behagelig \u00e5 ha p\u00e5.<\/p>\n<p><b>Virkem\u00e5te:  <\/b><\/p>\n<p>De dorsalt plasserte, fleksible stagene kan tilpasses individuelt og gir anatomisk korrekt st\u00f8tte til omr\u00e5det som skal behandles.<\/p>\n<p>De ekstra elastiske trekkstroppene gj\u00f8r det mulig \u00e5 justere kompresjonen individuelt og dermed stille inn stabiliseringen.<\/p>\n<p><iframe title=\"Discover the ultimate solution for back pain relief with the LordoLoc Back Brace\" width=\"800\" height=\"450\" src=\"https:\/\/www.youtube.com\/embed\/P3hr7bLdeAw?feature=oembed\" frameborder=\"0\" allow=\"accelerometer; autoplay; clipboard-write; encrypted-media; gyroscope; picture-in-picture; web-share\" referrerpolicy=\"strict-origin-when-cross-origin\" allowfullscreen><\/iframe><\/p>\n<p><strong>St\u00f8rrelsesguide  <\/strong><\/p>\n<p><strong><a href=\"https:\/\/dev.fysiolab.dk\/wp-content\/uploads\/2025\/05\/csm_measurement_lumbotrain_746f50c570-1.jpg\"><img decoding=\"async\" class=\"alignnone wp-image-202391839\" src=\"https:\/\/dev.fysiolab.dk\/wp-content\/uploads\/2025\/05\/csm_measurement_lumbotrain_746f50c570-1-300x230.jpg\" alt=\"\" width=\"173\" height=\"133\" title=\"\"><\/a><\/strong><\/p>\n<p><strong>Omkretsen m\u00e5les rundt korsryggen  <\/strong><\/p>\n<p><strong>Omkrets Str<\/strong><\/p>\n<p><strong>70-80 cm 1<\/strong><\/p>\n<p><strong>80-90 cm 2<\/strong><\/p>\n<p><strong>90-100 cm 3<\/strong><\/p>\n<p><strong>100-110 cm 4<\/strong><\/p>\n<p><strong>110-120 cm 5<\/strong><\/p>\n<p><strong>120-130 cm 6<\/strong><\/p>\n<p>&nbsp;<\/p>\n","protected":false},"excerpt":{"rendered":"<p><strong>LordoLoc anbefales ved akutte og kroniske korsryggsmerter. Utformingen sikrer stabilitet og st\u00f8tte for ryggvirvlene i korsryggen og aktivitet i musklene for \u00e5 \u00f8ke stabiliteten.   <\/strong><\/p>\n<p>https:\/\/www.youtube.com\/watch?v=_c2mbw5K7uY<\/p>\n","protected":false},"featured_media":83901,"comment_status":"closed","ping_status":"closed","template":"","meta":{"_acf_changed":false},"product_brand":[],"product_cat":[2188,2189,2755,2754,2354,2191,2504,2192,1937,2190,2184,1933,2186,2187],"product_tag":[2356],"class_list":{"0":"post-83885","1":"product","2":"type-product","3":"status-publish","4":"has-post-thumbnail","6":"product_cat-anstrengt-rygg","7":"product_cat-artrose-i-ryggen","8":"product_cat-bauerfeind-korsryggbelte","9":"product_cat-bauerfeind-ryggstoette","10":"product_cat-bondetamp","11":"product_cat-brudd-i-ryggen-brudd-i-ryggraden","12":"product_cat-graviditet-bekkensmerter-nedre-rygg-avlastning","13":"product_cat-isjias-iskias","14":"product_cat-merkevarer","15":"product_cat-osteoporose-benskjoerhet-i-ryggen","16":"product_cat-rygg-og-korsrygg","17":"product_cat-skinner-og-stoetteskinner","18":"product_cat-skiveprolaps","19":"product_cat-smerter-i-nedre-del-av-ryggen","20":"product_tag-bondetamp","22":"first","23":"instock","24":"taxable","25":"shipping-taxable","26":"purchasable","27":"product-type-variable"},"acf":[],"_links":{"self":[{"href":"https:\/\/fysiolab.dk\/no\/wp-json\/wp\/v2\/product\/83885","targetHints":{"allow":["GET"]}}],"collection":[{"href":"https:\/\/fysiolab.dk\/no\/wp-json\/wp\/v2\/product"}],"about":[{"href":"https:\/\/fysiolab.dk\/no\/wp-json\/wp\/v2\/types\/product"}],"replies":[{"embeddable":true,"href":"https:\/\/fysiolab.dk\/no\/wp-json\/wp\/v2\/comments?post=83885"}],"wp:featuredmedia":[{"embeddable":true,"href":"https:\/\/fysiolab.dk\/no\/wp-json\/wp\/v2\/media\/83901"}],"wp:attachment":[{"href":"https:\/\/fysiolab.dk\/no\/wp-json\/wp\/v2\/media?parent=83885"}],"wp:term":[{"taxonomy":"product_brand","embeddable":true,"href":"https:\/\/fysiolab.dk\/no\/wp-json\/wp\/v2\/product_brand?post=83885"},{"taxonomy":"product_cat","embeddable":true,"href":"https:\/\/fysiolab.dk\/no\/wp-json\/wp\/v2\/product_cat?post=83885"},{"taxonomy":"product_tag","embeddable":true,"href":"https:\/\/fysiolab.dk\/no\/wp-json\/wp\/v2\/product_tag?post=83885"}],"curies":[{"name":"wp","href":"https:\/\/api.w.org\/{rel}","templated":true}]}}