{"id":83905,"date":"2023-07-16T14:04:38","date_gmt":"2023-07-16T12:04:38","guid":{"rendered":"https:\/\/fysiolab.dk\/product\/bauerfiend-ryggstoette-sacroloc-utgaatt\/"},"modified":"2026-04-09T13:33:25","modified_gmt":"2026-04-09T11:33:25","slug":"bauerfiend-ryggstoette-sacroloc-utgaatt","status":"publish","type":"product","link":"https:\/\/fysiolab.dk\/no\/product\/bauerfiend-ryggstoette-sacroloc-utgaatt\/","title":{"rendered":"Bauerfiend ryggst\u00f8tte, SacroLoc - Utg\u00e5tt"},"content":{"rendered":"<p><b>Bauerfield Sacroloc<\/b><\/p>\n<p>SacroLoc er en stabiliserende bandasje som stabiliserer og avlaster iliosakralleddet og bekkenet med en kombinasjon av elastisk og ikke-elastisk strikket materiale.<\/p>\n<p>De funksjonelle stroppene kan justeres individuelt for \u00e5 endre stabiliseringsintensiteten. Den todelte puten fremmer blodgjennomstr\u00f8mningen til leddb\u00e5nd og muskler gjennom mikromassasje. <\/p>\n<p>Bandasjen er anatomisk formet for \u00f8kt b\u00e6rekomfort og en sikker passform.<\/p>\n<p><strong>St\u00f8rrelsesguide  <\/strong><\/p>\n<p><strong>Omkretsen m\u00e5les rundt korsryggen<\/strong><\/p>\n<p><strong> <a href=\"https:\/\/dev.fysiolab.dk\/wp-content\/uploads\/2025\/05\/csm_measurement_lumbotrain_746f50c570-1.jpg\"><img decoding=\"async\" class=\"alignnone wp-image-202391839\" src=\"https:\/\/dev.fysiolab.dk\/wp-content\/uploads\/2025\/05\/csm_measurement_lumbotrain_746f50c570-1-300x230.jpg\" alt=\"\" width=\"173\" height=\"133\" title=\"\"><\/a><\/strong><\/p>\n<p><strong>Omkrets Str<\/strong><\/p>\n<p><strong>70-80 cm 1<\/strong><\/p>\n<p><strong>80-90 cm 2<\/strong><\/p>\n<p><strong>90-100 cm 3<\/strong><\/p>\n<p><strong>100-110 cm 4<\/strong><\/p>\n<p><strong>110-120 cm 5<\/strong><\/p>\n<p><strong>120-130 cm 6<\/strong><\/p>\n<p><strong>130-140 cm 7<\/strong><\/p>\n<p><b>SacroLoc ryggst\u00f8tte anbefales for f\u00f8lgende indikasjoner:  <\/b><\/p>\n<p>- Sakroiliakaleddssyndrom<\/p>\n<p>- Artrose i sacroiliacaleddet<\/p>\n<p>- Instabilitet i sacroiliacaleddet<\/p>\n<p>- Blokkering av sacroiliacaleddet<\/p>\n<p>- Myalgier og fibromyalgi i bekkenregionen<\/p>\n<p>- Instabilitet i bekkenringen<\/p>\n<p><iframe title=\"Bauerfeind SacroLoc\u00ae fordeler og virkem\u00e5ter\" width=\"800\" height=\"450\" src=\"https:\/\/www.youtube.com\/embed\/B85g5GrhA08?feature=oembed\" frameborder=\"0\" allow=\"accelerometer; autoplay; clipboard-write; encrypted-media; gyroscope; picture-in-picture; web-share\" referrerpolicy=\"strict-origin-when-cross-origin\" allowfullscreen><\/iframe><\/p>\n<p><b>Kjennetegn: :  <\/b><\/p>\n<p>- Todelt friksjonspute for m\u00e5lrettet bruk.<\/p>\n<p>- Kombinasjon av elastisk og uelastisk strikk og funksjonelle stropper for individuell stabilisering.<\/p>\n<p>- Anatomisk form for h\u00f8y komfort og sikker passform.<\/p>\n<p>- Praktiske sl\u00f8yfer for komfortabel og str\u00f8msparende bruk.<\/p>\n<p>- H\u00f8y pasientcompliance fordi ortosen kan b\u00e6res skjult under kl\u00e6rne.<\/p>\n<p><b>Virkem\u00e5te:  <\/b><\/p>\n<p>- Den todelte puten fremmer blodgjennomstr\u00f8mningen til leddb\u00e5nd og muskler gjennom mikromassasje.<\/p>\n<p>- Den proprioseptive input forbedrer muskeltonus.<\/p>\n<p>- Ortosen stabiliserer og avlaster iliosakralleddet og bekkenet med en kombinasjon av elastisk og ikke-elastisk strikket materiale.<\/p>\n<p>- Stabiliseringsintensiteten kan justeres individuelt med funksjonsstroppene.<\/p>\n<p><b>Ny generasjon SacroLoc<\/b><\/p>\n<p>Den nye SacroLoc omslutter n\u00e5 bekkenet med en elastisk st\u00f8tte i mykt netting og strammes med uelastiske nettingstropper. Den helelastiske bekkenst\u00f8tten er enklere \u00e5 ta p\u00e5 og tilpasser seg kroppen perfekt. Takket v\u00e6re de nye materialene er SacroLoc lettere, flatere og slankere, noe som sikrer enda mer st\u00f8tte under daglige aktiviteter og maksimal bevegelsesfrihet.  <\/p>\n<p>Den patenterte styringen av stroppesystemet er ogs\u00e5 ny, noe som \u00f8ker SacroLocs lindrende effekt p\u00e5 sacroiliacaleddene. En annen forskjell er den direkte styringen av de faste massasjeputene, som er individuelt koblet til stroppene. Dette gir en m\u00e5lrettet massasje av triggerpunkter.  <\/p>\n","protected":false},"excerpt":{"rendered":"<p><strong>Sacroloc er en st\u00f8tte fra Bauerfield som stabiliserer og avlaster bekkenet ved hjelp av Bauerfields spesialutviklede strikkede materiale. Anbefales ved akutte og kroniske smerter rundt korsryggen og korsbenet. Anbefales ogs\u00e5 for lindring av bekkensmerter  <\/strong><\/p>\n<p><strong>Denne bandasjen er utg\u00e5tt og erstattet av den nye og forbedrede versjonen som du finner her: <a href=\"https:\/\/fysiolab.dk\/no\/product\/bauerfeind-sacroloc-generasjon-8\/\">Bauerfeind Sacroloc Genutrain 8<\/a><\/strong><\/p>\n<p>https:\/\/www.youtube.com\/watch?v=_c2mbw5K7uY<\/p>\n","protected":false},"featured_media":83913,"comment_status":"closed","ping_status":"closed","template":"","meta":{"_acf_changed":false},"product_brand":[3090],"product_cat":[2755,2754,2354,2191,2504,2192,1937,2184,1933,2186,2016],"product_tag":[2356],"class_list":{"0":"post-83905","1":"product","2":"type-product","3":"status-publish","4":"has-post-thumbnail","6":"product_brand-bauerfeind","7":"product_cat-bauerfeind-korsryggbelte","8":"product_cat-bauerfeind-ryggstoette","9":"product_cat-bondetamp","10":"product_cat-brudd-i-ryggen-brudd-i-ryggraden","11":"product_cat-graviditet-bekkensmerter-nedre-rygg-avlastning","12":"product_cat-isjias-iskias","13":"product_cat-merkevarer","14":"product_cat-rygg-og-korsrygg","15":"product_cat-skinner-og-stoetteskinner","16":"product_cat-skiveprolaps","17":"product_cat-uttak","18":"product_tag-bondetamp","20":"first","21":"outofstock","22":"sale","23":"taxable","24":"shipping-taxable","25":"purchasable","26":"product-type-variable"},"acf":[],"_links":{"self":[{"href":"https:\/\/fysiolab.dk\/no\/wp-json\/wp\/v2\/product\/83905","targetHints":{"allow":["GET"]}}],"collection":[{"href":"https:\/\/fysiolab.dk\/no\/wp-json\/wp\/v2\/product"}],"about":[{"href":"https:\/\/fysiolab.dk\/no\/wp-json\/wp\/v2\/types\/product"}],"replies":[{"embeddable":true,"href":"https:\/\/fysiolab.dk\/no\/wp-json\/wp\/v2\/comments?post=83905"}],"wp:featuredmedia":[{"embeddable":true,"href":"https:\/\/fysiolab.dk\/no\/wp-json\/wp\/v2\/media\/83913"}],"wp:attachment":[{"href":"https:\/\/fysiolab.dk\/no\/wp-json\/wp\/v2\/media?parent=83905"}],"wp:term":[{"taxonomy":"product_brand","embeddable":true,"href":"https:\/\/fysiolab.dk\/no\/wp-json\/wp\/v2\/product_brand?post=83905"},{"taxonomy":"product_cat","embeddable":true,"href":"https:\/\/fysiolab.dk\/no\/wp-json\/wp\/v2\/product_cat?post=83905"},{"taxonomy":"product_tag","embeddable":true,"href":"https:\/\/fysiolab.dk\/no\/wp-json\/wp\/v2\/product_tag?post=83905"}],"curies":[{"name":"wp","href":"https:\/\/api.w.org\/{rel}","templated":true}]}}