{"id":83906,"date":"2023-07-16T14:05:55","date_gmt":"2023-07-16T12:05:55","guid":{"rendered":"https:\/\/fysiolab.dk\/product\/bauerfeind-sports-kompresjon-for-arm\/"},"modified":"2025-12-18T09:21:39","modified_gmt":"2025-12-18T08:21:39","slug":"bauerfeind-sports-kompresjon-for-arm","status":"publish","type":"product","link":"https:\/\/fysiolab.dk\/no\/product\/bauerfeind-sports-kompresjon-for-arm\/","title":{"rendered":"Bauerfeind Sports kompresjon for arm"},"content":{"rendered":"<p><b>  BAUERFEIND SPORTS KOMPRESJONSHYLSER  <\/b><\/p>\n<p>Kompresjonshylse laget for \u00e5 styrke armmuskulaturen under blod- og utholdenhetsidretter<\/p>\n<p>- Stoffet er sv\u00e6rt elastisk og perfekt sammensatt for kompresjon<\/p>\n<p>- Ekstra myk innside i albueomr\u00e5det for ekstraordin\u00e6r komfort.<\/p>\n<p>- Slitesterk, langvarig kvalitet for daglig bruk.<\/p>\n<p><b>Funksjonalitet  <\/b><\/p>\n<p>Bidrar til \u00e5 forbedre blodsirkulasjonen og dermed optimalisere transporten av oksygen og fjerning av avfallsstoffer. Mer kraft til armmusklene. Sportskompresjonshylse for komfortabel og fast kompresjon som \u00f8ker blodsirkulasjonen og tilf\u00f8rselen av oksygen til musklene. Resultatet er at musklene kan jobbe lenger enn vanlig og restituere seg raskere.   <\/p>\n<p><b>St\u00f8rrelse<\/b><\/p>\n<p>Funnet under bilder<\/p>\n","protected":false},"excerpt":{"rendered":"<p><strong>Video med korrekt m\u00e5ling. Se v\u00e5r st\u00f8rrelsesguide for st\u00f8rrelser i cm. Hvis du har sp\u00f8rsm\u00e5l om dette produktet, kan du kontakte v\u00e5re fysioterapeuter p\u00e5: 92724444 eller info@fysiolab.dk  <\/strong><\/p>\n<p>https:\/\/player.vimeo.com\/video\/200307168?color=ffffff&amp;title=0&amp;byline=0&amp;portrait=0<\/p>\n","protected":false},"featured_media":83942,"comment_status":"closed","ping_status":"closed","template":"","meta":{"_acf_changed":false},"product_brand":[],"product_cat":[1932,2753,2354,1935,1937,1933,1934],"product_tag":[2356],"class_list":{"0":"post-83906","1":"product","2":"type-product","3":"status-publish","4":"has-post-thumbnail","6":"product_cat-albue-no","7":"product_cat-bauerfeind-albuestoette","8":"product_cat-bondetamp","9":"product_cat-golfalbue-no","10":"product_cat-merkevarer","11":"product_cat-skinner-og-stoetteskinner","12":"product_cat-tennisalbue-no","13":"product_tag-bondetamp","15":"first","16":"instock","17":"taxable","18":"shipping-taxable","19":"purchasable","20":"product-type-variable"},"acf":[],"_links":{"self":[{"href":"https:\/\/fysiolab.dk\/no\/wp-json\/wp\/v2\/product\/83906","targetHints":{"allow":["GET"]}}],"collection":[{"href":"https:\/\/fysiolab.dk\/no\/wp-json\/wp\/v2\/product"}],"about":[{"href":"https:\/\/fysiolab.dk\/no\/wp-json\/wp\/v2\/types\/product"}],"replies":[{"embeddable":true,"href":"https:\/\/fysiolab.dk\/no\/wp-json\/wp\/v2\/comments?post=83906"}],"wp:featuredmedia":[{"embeddable":true,"href":"https:\/\/fysiolab.dk\/no\/wp-json\/wp\/v2\/media\/83942"}],"wp:attachment":[{"href":"https:\/\/fysiolab.dk\/no\/wp-json\/wp\/v2\/media?parent=83906"}],"wp:term":[{"taxonomy":"product_brand","embeddable":true,"href":"https:\/\/fysiolab.dk\/no\/wp-json\/wp\/v2\/product_brand?post=83906"},{"taxonomy":"product_cat","embeddable":true,"href":"https:\/\/fysiolab.dk\/no\/wp-json\/wp\/v2\/product_cat?post=83906"},{"taxonomy":"product_tag","embeddable":true,"href":"https:\/\/fysiolab.dk\/no\/wp-json\/wp\/v2\/product_tag?post=83906"}],"curies":[{"name":"wp","href":"https:\/\/api.w.org\/{rel}","templated":true}]}}