{"id":83941,"date":"2023-07-16T14:04:14","date_gmt":"2023-07-16T12:04:14","guid":{"rendered":"https:\/\/fysiolab.dk\/product\/bauerfeind-sports-knestoette\/"},"modified":"2025-12-18T09:21:40","modified_gmt":"2025-12-18T08:21:40","slug":"bauerfeind-sports-knestoette","status":"publish","type":"product","link":"https:\/\/fysiolab.dk\/no\/product\/bauerfeind-sports-knestoette\/","title":{"rendered":"Bauerfeind Sports knest\u00f8tte"},"content":{"rendered":"<p><b>  BAUERFEIND SPORTS KNEST\u00d8TTE<\/b><\/p>\n<p>Innovativ knest\u00f8tte med h\u00f8yteknologisk l\u00f8sning for \u00f8kt stabilitet og fleksibilitet. Anbefales ved menisk-, ligament- og instabilitetsskader i kneet. <\/p>\n<p><b>3D<\/b><\/p>\n<p>Takket v\u00e6re den anatomiske passformen fungerer Bauerfeind sportsst\u00f8tte akkurat der den trengs, slik at kroppen din leverer maksimal kraft samtidig som du f\u00e5r perfekt st\u00f8tte.<\/p>\n<p><b>Funksjoner og egenskaper<\/b><\/p>\n<p>Bandasjen har ventilasjonssoner som gj\u00f8r at kroppsdelene som dekkes av bandasjen, kj\u00f8les ned mer effektivt under bevegelse og fysisk anstrengelse, og hindrer fuktdannelse p\u00e5 grunn av svette. <\/p>\n<p>Innebygde, innovative funksjonssoner som kombinerer optimal stabilitet med maksimal bevegelsesfrihet. Bauerfeind gir deg all den fleksibiliteten du trenger for maksimal ytelse, samtidig som den gir p\u00e5litelig beskyttelse mot overbelastning, noe som gj\u00f8r den til den perfekte sportsskinnen. <\/p>\n<p><b>St\u00f8rrelsesguide<\/b><\/p>\n<p><a href=\"https:\/\/dev.fysiolab.dk\/wp-content\/uploads\/2025\/05\/a3-maaltagning-3.jpg\"><img fetchpriority=\"high\" decoding=\"async\" class=\"alignnone size-full wp-image-202394184\" src=\"https:\/\/dev.fysiolab.dk\/wp-content\/uploads\/2025\/05\/a3-maaltagning-3.jpg\" alt=\"\" width=\"225\" height=\"225\" title=\"\"><\/a><\/p>\n<p><strong>Rundt l\u00e5rene Rundt l\u00e5rene  Legg Str.<\/strong><\/p>\n<p><strong>38-41 cm 28-31 cm XS<\/strong><\/p>\n<p><strong>41-44 cm 31-34 cm S  <\/strong><\/p>\n<p><strong>44-47 cm 34-37 cm M<\/strong><\/p>\n<p><strong>47-50 cm 37-40 cm L<\/strong><\/p>\n<p><strong>50-53 cm 40-43 cm XL<\/strong><\/p>\n<p><strong>53-56 cm 43-46 cm XXL<\/strong><\/p>\n","protected":false},"excerpt":{"rendered":"<p><strong>Knest\u00f8tte med anatomisk formet pute rundt knesk\u00e5len fordeler trykk og strekkbelastninger for \u00e5 beskytte mot overbelastning av muskelsener, knesk\u00e5l og indre deler av kneet, som menisk og leddbrusk<\/strong><\/p>\n<p>https:\/\/www.youtube.com\/watch?v=6065THzZgT0<\/p>\n","protected":false},"featured_media":83962,"comment_status":"closed","ping_status":"closed","template":"","meta":{"_acf_changed":false},"product_brand":[3090],"product_cat":[1981,2287,2734,2354,1978,1937,1976,1933,2200],"product_tag":[2356],"class_list":{"0":"post-83941","1":"product","2":"type-product","3":"status-publish","4":"has-post-thumbnail","6":"product_brand-bauerfeind","7":"product_cat-artrose-menisk-bruskskade","8":"product_cat-bakerens-cyste","9":"product_cat-bauerfeind-knestoette","10":"product_cat-bondetamp","11":"product_cat-knestoetter","12":"product_cat-merkevarer","13":"product_cat-overbelastning-no","14":"product_cat-skinner-og-stoetteskinner","15":"product_cat-uspesifikke-smerter-i-fremre-del-av-kneet","16":"product_tag-bondetamp","18":"first","19":"instock","20":"taxable","21":"shipping-taxable","22":"purchasable","23":"product-type-variable","24":"has-default-attributes"},"acf":[],"_links":{"self":[{"href":"https:\/\/fysiolab.dk\/no\/wp-json\/wp\/v2\/product\/83941","targetHints":{"allow":["GET"]}}],"collection":[{"href":"https:\/\/fysiolab.dk\/no\/wp-json\/wp\/v2\/product"}],"about":[{"href":"https:\/\/fysiolab.dk\/no\/wp-json\/wp\/v2\/types\/product"}],"replies":[{"embeddable":true,"href":"https:\/\/fysiolab.dk\/no\/wp-json\/wp\/v2\/comments?post=83941"}],"wp:featuredmedia":[{"embeddable":true,"href":"https:\/\/fysiolab.dk\/no\/wp-json\/wp\/v2\/media\/83962"}],"wp:attachment":[{"href":"https:\/\/fysiolab.dk\/no\/wp-json\/wp\/v2\/media?parent=83941"}],"wp:term":[{"taxonomy":"product_brand","embeddable":true,"href":"https:\/\/fysiolab.dk\/no\/wp-json\/wp\/v2\/product_brand?post=83941"},{"taxonomy":"product_cat","embeddable":true,"href":"https:\/\/fysiolab.dk\/no\/wp-json\/wp\/v2\/product_cat?post=83941"},{"taxonomy":"product_tag","embeddable":true,"href":"https:\/\/fysiolab.dk\/no\/wp-json\/wp\/v2\/product_tag?post=83941"}],"curies":[{"name":"wp","href":"https:\/\/api.w.org\/{rel}","templated":true}]}}