{"id":83949,"date":"2023-07-16T14:05:54","date_gmt":"2023-07-16T12:05:54","guid":{"rendered":"https:\/\/fysiolab.dk\/product\/donjoy-reaction-knestoette\/"},"modified":"2025-12-18T09:21:39","modified_gmt":"2025-12-18T08:21:39","slug":"donjoy-reaction-knestoette","status":"publish","type":"product","link":"https:\/\/fysiolab.dk\/no\/product\/donjoy-reaction-knestoette\/","title":{"rendered":"DonJoy Reaction knest\u00f8tte"},"content":{"rendered":"<p>REACTION Knee Brace fra DonJoy er en unik skinne utviklet av den anerkjente ortopeden Dr. William Nordt for fremre knesmerter som hopperkne, Osgood&#8217;s Schlatter og patellofemorale smerter. Det elastiske nettet p\u00e5 forsiden av kneet absorberer, minimerer og fordeler belastningen p\u00e5 kneet under idrett og bevegelse, og gir st\u00f8tte rundt knesk\u00e5len. Knest\u00f8tten leveres med en kompresjonsbandasje til \u00e5 ha under skinnen.  <\/p>\n<p><strong>St\u00f8rrelsesguide  <\/strong><\/p>\n<p><strong>L\u00e5romkrets m\u00e5lt 15 cm over midten av knesk\u00e5len<\/strong><\/p>\n<p><a href=\"https:\/\/dev.fysiolab.dk\/wp-content\/uploads\/2025\/05\/Billede1.jpg\"><img fetchpriority=\"high\" decoding=\"async\" class=\"alignnone size-medium wp-image-202393828\" src=\"https:\/\/dev.fysiolab.dk\/wp-content\/uploads\/2025\/05\/Billede1-267x300.jpg\" alt=\"\" width=\"267\" height=\"300\" title=\"\"><\/a><\/p>\n<p><strong>Omkrets Str<\/strong><\/p>\n<p><strong>33-47 cm XS\/S<\/strong><\/p>\n<p><strong>47-60 cm M\/L<\/strong><\/p>\n<p><b>60-75 cm XL\/XXL<\/b><\/p>\n<p><strong>75-79 cm XXXL<\/strong><\/p>\n<p>&nbsp;<\/p>\n","protected":false},"excerpt":{"rendered":"<p><strong>REACTION-knest\u00f8tten fra DonJoy brukes ved smerter i fremre del av kneet, for eksempel hopperkne, Osgood <\/strong><b>schlatter, mild artrose og problemer med \u00e5 f\u00f8lge knesk\u00e5len<\/b><\/p>\n<p>https:\/\/www.youtube.com\/watch?v=gHZnfVzfG_k<\/p>\n","protected":false},"featured_media":83975,"comment_status":"closed","ping_status":"closed","template":"","meta":{"_acf_changed":false},"product_brand":[],"product_cat":[1938,2145,1977,2011,1978,2010,2199,1937,2009,1933,2200],"product_tag":[2173],"class_list":{"0":"post-83949","1":"product","2":"type-product","3":"status-publish","4":"has-post-thumbnail","6":"product_cat-donjoy-no","7":"product_cat-donjoy-kneskinne","8":"product_cat-donjoy-knestoette","9":"product_cat-hopperkneet","10":"product_cat-knestoetter","11":"product_cat-loeperkne","12":"product_cat-loes-kneskaal-patellaluksasjon-og-smerter-i-kneskaalen","13":"product_cat-merkevarer","14":"product_cat-osgood-snakk","15":"product_cat-skinner-og-stoetteskinner","16":"product_cat-uspesifikke-smerter-i-fremre-del-av-kneet","17":"product_tag-donjoy-no","19":"first","20":"instock","21":"taxable","22":"shipping-taxable","23":"purchasable","24":"product-type-variable"},"acf":[],"_links":{"self":[{"href":"https:\/\/fysiolab.dk\/no\/wp-json\/wp\/v2\/product\/83949","targetHints":{"allow":["GET"]}}],"collection":[{"href":"https:\/\/fysiolab.dk\/no\/wp-json\/wp\/v2\/product"}],"about":[{"href":"https:\/\/fysiolab.dk\/no\/wp-json\/wp\/v2\/types\/product"}],"replies":[{"embeddable":true,"href":"https:\/\/fysiolab.dk\/no\/wp-json\/wp\/v2\/comments?post=83949"}],"wp:featuredmedia":[{"embeddable":true,"href":"https:\/\/fysiolab.dk\/no\/wp-json\/wp\/v2\/media\/83975"}],"wp:attachment":[{"href":"https:\/\/fysiolab.dk\/no\/wp-json\/wp\/v2\/media?parent=83949"}],"wp:term":[{"taxonomy":"product_brand","embeddable":true,"href":"https:\/\/fysiolab.dk\/no\/wp-json\/wp\/v2\/product_brand?post=83949"},{"taxonomy":"product_cat","embeddable":true,"href":"https:\/\/fysiolab.dk\/no\/wp-json\/wp\/v2\/product_cat?post=83949"},{"taxonomy":"product_tag","embeddable":true,"href":"https:\/\/fysiolab.dk\/no\/wp-json\/wp\/v2\/product_tag?post=83949"}],"curies":[{"name":"wp","href":"https:\/\/api.w.org\/{rel}","templated":true}]}}