{"id":83977,"date":"2023-07-16T14:03:28","date_gmt":"2023-07-16T12:03:28","guid":{"rendered":"https:\/\/fysiolab.dk\/product\/bauerfeind-sports-ryggstoette\/"},"modified":"2025-12-18T09:21:40","modified_gmt":"2025-12-18T08:21:40","slug":"bauerfeind-sports-ryggstoette","status":"publish","type":"product","link":"https:\/\/fysiolab.dk\/no\/product\/bauerfeind-sports-ryggstoette\/","title":{"rendered":"Bauerfeind Sports ryggst\u00f8tte"},"content":{"rendered":"<p><b>  BAUERFEIND SPORTS RYGGST\u00d8TTE<\/b><\/p>\n<p>Effektiv sportsst\u00f8tte for ryggen din<\/p>\n<p><b>Funksjoner og egenskaper  <\/b><\/p>\n<p>St\u00f8tte som plasseres rundt overkroppen og er laget av et sv\u00e6rt elastisk materiale som er perfekt for kompresjon. Innovativ pute som stimulerer muskler og fascia. Anatomisk passform for \u00e5 sikre maksimal bevegelsesfrihet.  <\/p>\n<p>- Lett og luftig stoff laget av slitesterkt materiale som gj\u00f8r st\u00f8tten sv\u00e6rt komfortabel.<\/p>\n<p>Effektiv beskyttelse mot overbelastning av ryggen. Bandasjen gir en behagelig kompresjon som st\u00f8tter ryggmuskulaturen og stimulerer den under bevegelse. Dette har en gunstig effekt p\u00e5 det sensomotoriske systemet og bidrar til \u00e5 aktivere de stabiliserende musklene rundt overkroppen for bedre muskelkontroll og bedre holdning.  <\/p>\n<p>Tilgjengelig i svart og bl\u00e5 farger<\/p>\n<p><b>St\u00f8rrelsesguide<\/b><\/p>\n<p>M\u00e5l omkretsen i midjen<\/p>\n<p><a href=\"https:\/\/dev.fysiolab.dk\/wp-content\/uploads\/2025\/05\/X1.png\"><img fetchpriority=\"high\" decoding=\"async\" class=\"alignnone size-medium wp-image-202392633\" src=\"https:\/\/dev.fysiolab.dk\/wp-content\/uploads\/2025\/05\/X1-300x169.png\" alt=\"\" width=\"300\" height=\"169\" title=\"\"><\/a><\/p>\n<p><strong>Omkrets Str<\/strong><\/p>\n<p><strong>70-80 cm XS<\/strong><\/p>\n<p><strong>80-90 cm S<\/strong><\/p>\n<p><strong>90-100 cm M<\/strong><\/p>\n<p><strong>100-110 cm L<\/strong><\/p>\n<p><strong>110-120 cm XL<\/strong><\/p>\n<p><strong>120-130 cm XXL<\/strong><\/p>\n<p>&nbsp;<\/p>\n","protected":false},"excerpt":{"rendered":"<p>https:\/\/www.youtube.com\/watch?v=_c2mbw5K7uY<\/p>\n","protected":false},"featured_media":83994,"comment_status":"closed","ping_status":"closed","template":"","meta":{"_acf_changed":false},"product_brand":[3090],"product_cat":[2188,2189,2754,2354,1937,2184,1933,2186,2187,2502],"product_tag":[2356],"class_list":{"0":"post-83977","1":"product","2":"type-product","3":"status-publish","4":"has-post-thumbnail","6":"product_brand-bauerfeind","7":"product_cat-anstrengt-rygg","8":"product_cat-artrose-i-ryggen","9":"product_cat-bauerfeind-ryggstoette","10":"product_cat-bondetamp","11":"product_cat-merkevarer","12":"product_cat-rygg-og-korsrygg","13":"product_cat-skinner-og-stoetteskinner","14":"product_cat-skiveprolaps","15":"product_cat-smerter-i-nedre-del-av-ryggen","16":"product_cat-svake-magemuskler","17":"product_tag-bondetamp","19":"first","20":"instock","21":"taxable","22":"shipping-taxable","23":"purchasable","24":"product-type-variable"},"acf":[],"_links":{"self":[{"href":"https:\/\/fysiolab.dk\/no\/wp-json\/wp\/v2\/product\/83977","targetHints":{"allow":["GET"]}}],"collection":[{"href":"https:\/\/fysiolab.dk\/no\/wp-json\/wp\/v2\/product"}],"about":[{"href":"https:\/\/fysiolab.dk\/no\/wp-json\/wp\/v2\/types\/product"}],"replies":[{"embeddable":true,"href":"https:\/\/fysiolab.dk\/no\/wp-json\/wp\/v2\/comments?post=83977"}],"wp:featuredmedia":[{"embeddable":true,"href":"https:\/\/fysiolab.dk\/no\/wp-json\/wp\/v2\/media\/83994"}],"wp:attachment":[{"href":"https:\/\/fysiolab.dk\/no\/wp-json\/wp\/v2\/media?parent=83977"}],"wp:term":[{"taxonomy":"product_brand","embeddable":true,"href":"https:\/\/fysiolab.dk\/no\/wp-json\/wp\/v2\/product_brand?post=83977"},{"taxonomy":"product_cat","embeddable":true,"href":"https:\/\/fysiolab.dk\/no\/wp-json\/wp\/v2\/product_cat?post=83977"},{"taxonomy":"product_tag","embeddable":true,"href":"https:\/\/fysiolab.dk\/no\/wp-json\/wp\/v2\/product_tag?post=83977"}],"curies":[{"name":"wp","href":"https:\/\/api.w.org\/{rel}","templated":true}]}}