{"id":83978,"date":"2023-07-16T14:05:54","date_gmt":"2023-07-16T12:05:54","guid":{"rendered":"https:\/\/fysiolab.dk\/product\/donjoy-fotskinne-pro-night-splint\/"},"modified":"2025-12-18T09:21:39","modified_gmt":"2025-12-18T08:21:39","slug":"donjoy-fotskinne-pro-night-splint","status":"publish","type":"product","link":"https:\/\/fysiolab.dk\/no\/product\/donjoy-fotskinne-pro-night-splint\/","title":{"rendered":"DonJoy fotskinne, Pro Night Splint"},"content":{"rendered":"<p><b>Optimal anvendelse<\/b><\/p>\n<p>Pro night nattskinne gir sk\u00e5nsom t\u00f8yning for \u00e5 lindre smerter og ubehag ved akillessenebetennelse (h\u00e6lspore) og akillessenebetennelse.<\/p>\n<p>Et termoplastisk skall med mykt f\u00f4r bidrar til \u00e5 holde foten i en n\u00f8ytral 90-graders stilling for enkel t\u00f8yning og optimal komfort.<\/p>\n<p>Designet med lav profil og komfortabel passform for enkel bruk. Stroppene rundt foten og leggen og den \u00e5pne h\u00e6len gj\u00f8r det mulig \u00e5 bevege seg minimalt og trygt ved behov. Finnes i to st\u00f8rrelser for \u00e5 passe b\u00e5de h\u00f8yre og venstre fot.  <\/p>\n<p><strong>St\u00f8rrelsesguide  <\/strong><\/p>\n<p><strong>Sortert etter skost\u00f8rrelse<\/strong><\/p>\n<p><strong>Sko st\u00f8rrelse Str<\/strong><\/p>\n<p><strong>35-41 S\/M  <\/strong><\/p>\n<p><strong>42-47 L\/XL<\/strong><\/p>\n","protected":false},"excerpt":{"rendered":"<p><strong>Fotskinne som gir sk\u00e5nsom utt\u00f8yning av akillessenen. Anbefales ved plantar fasciitt og akillessenebetennelse. Inkluderer 1 stk. som kan brukes til b\u00e5de h\u00f8yre og venstre fot  <\/strong><\/p>\n","protected":false},"featured_media":83982,"comment_status":"closed","ping_status":"closed","template":"","meta":{"_acf_changed":false},"product_brand":[],"product_cat":[1992,1938,2266,1937,1997,1933],"product_tag":[2173],"class_list":{"0":"post-83978","1":"product","2":"type-product","3":"status-publish","4":"has-post-thumbnail","6":"product_cat-ankelskinne","7":"product_cat-donjoy-no","8":"product_cat-donjoy-ankelskinne-no","9":"product_cat-merkevarer","10":"product_cat-plantar-facitis-no","11":"product_cat-skinner-og-stoetteskinner","12":"product_tag-donjoy-no","14":"first","15":"instock","16":"taxable","17":"shipping-taxable","18":"purchasable","19":"product-type-variable"},"acf":[],"_links":{"self":[{"href":"https:\/\/fysiolab.dk\/no\/wp-json\/wp\/v2\/product\/83978","targetHints":{"allow":["GET"]}}],"collection":[{"href":"https:\/\/fysiolab.dk\/no\/wp-json\/wp\/v2\/product"}],"about":[{"href":"https:\/\/fysiolab.dk\/no\/wp-json\/wp\/v2\/types\/product"}],"replies":[{"embeddable":true,"href":"https:\/\/fysiolab.dk\/no\/wp-json\/wp\/v2\/comments?post=83978"}],"wp:featuredmedia":[{"embeddable":true,"href":"https:\/\/fysiolab.dk\/no\/wp-json\/wp\/v2\/media\/83982"}],"wp:attachment":[{"href":"https:\/\/fysiolab.dk\/no\/wp-json\/wp\/v2\/media?parent=83978"}],"wp:term":[{"taxonomy":"product_brand","embeddable":true,"href":"https:\/\/fysiolab.dk\/no\/wp-json\/wp\/v2\/product_brand?post=83978"},{"taxonomy":"product_cat","embeddable":true,"href":"https:\/\/fysiolab.dk\/no\/wp-json\/wp\/v2\/product_cat?post=83978"},{"taxonomy":"product_tag","embeddable":true,"href":"https:\/\/fysiolab.dk\/no\/wp-json\/wp\/v2\/product_tag?post=83978"}],"curies":[{"name":"wp","href":"https:\/\/api.w.org\/{rel}","templated":true}]}}