{"id":84000,"date":"2023-07-16T14:05:06","date_gmt":"2023-07-16T12:05:06","guid":{"rendered":"https:\/\/fysiolab.dk\/product\/bauerfeind-ankelstoette-malleotrain-s-open-heel-utgaatt-av-produksjon\/"},"modified":"2025-12-18T09:21:39","modified_gmt":"2025-12-18T08:21:39","slug":"bauerfeind-ankelstoette-malleotrain-s-open-heel-utgaatt-av-produksjon","status":"publish","type":"product","link":"https:\/\/fysiolab.dk\/no\/product\/bauerfeind-ankelstoette-malleotrain-s-open-heel-utgaatt-av-produksjon\/","title":{"rendered":"Bauerfeind ankelst\u00f8tte, MalleoTrain S Open Heel - Utg\u00e5tt av produksjon"},"content":{"rendered":"<p><b>MalleoTrain S Open Heel ankelst\u00f8tte  <\/b><\/p>\n<p>Etter operasjoner, mindre skader eller vedvarende overbelastning er fotens ligamentstrukturer svekket og trenger \u00f8kt stabilitet. MalleoTrain S \u00e5pen aktiv h\u00e6lskinne styrer foten med sitt 3-trinns stroppesystem. Det beskytter mot vridning og gir st\u00f8rre sikkerhet. Den \u00e5pne h\u00e6len gir en bedre f\u00f8ling med gulvet i barfotsporter som gymnastikk, dans eller kampsport.   <\/p>\n<p><b>Indikasjoner:  <\/b><\/p>\n<p>- Ligamentinsuffisiens<\/p>\n<p>- Postoperativ rehabilitering<\/p>\n<p>- Sm\u00e5 forvrengninger<\/p>\n<p>- Supinasjonsprofylakse, spesielt ved sportsaktiviteter<\/p>\n<p>- Prevensjon<\/p>\n<p><b>Kjennetegn:  <\/b><\/p>\n<p>- \u00c5pen h\u00e6l for bedre gulvf\u00f8lelse; spesielt utviklet for dans, gymnastikk eller kampsport<\/p>\n<p>- Aktiv bandasje som en effektiv erstatning for tape.<\/p>\n<p>- Delvis elastisk b\u00e5ndsystem sikrer ankelleddet i supinasjons- og pronasjonsniv\u00e5.<\/p>\n<p>- B\u00e5ndsystemet er viklet i form av en vertikal \"8-l\u00f8kke\".<\/p>\n<p><b>Virkem\u00e5te:  <\/b><\/p>\n<p>- MalleoTrain\u00ae S Open heel oppfyller de samme kravene som funksjonelle bandasjer.<\/p>\n<p>Sensomotoriske p\u00e5virkninger st\u00f8tter den aktive stabiliseringen av ankelleddet.<\/p>\n<p>- B\u00e5ndsystemet kan tilpasses individuelt, kan enkelt strammes og forbedrer persepsjonen p\u00e5 alle bevegelsesniv\u00e5er uten \u00e5 begrense den fysiologiske bevegelsesfriheten.<\/p>\n<p>- \"Figur 8-l\u00f8kken\" stabiliserer og beskytter ankelleddet.<\/p>\n<p><strong>St\u00f8rrelsesguide<\/strong><\/p>\n<p><strong>M\u00e5l omkretsen av ankelen over knoklene der ankelen er smalest<\/strong><\/p>\n<p><strong><a href=\"https:\/\/dev.fysiolab.dk\/wp-content\/uploads\/2025\/05\/measurement_malleotrain-s.jpg\"><img fetchpriority=\"high\" decoding=\"async\" class=\"alignnone size-medium wp-image-202392051\" src=\"https:\/\/dev.fysiolab.dk\/wp-content\/uploads\/2025\/05\/measurement_malleotrain-s-300x230.jpg\" alt=\"\" width=\"300\" height=\"230\" title=\"\"><\/a><\/strong><\/p>\n<p><strong>Omkrets Str.<\/strong><\/p>\n<p><strong>17-19 cm 1<\/strong><\/p>\n<p><strong>19-21 cm 2<\/strong><\/p>\n<p><strong>21-23 cm 3<\/strong><\/p>\n<p><strong>23-25 cm 4<\/strong><\/p>\n<p><strong>25-27 cm 5<\/strong><\/p>\n<p>&nbsp;<\/p>\n","protected":false},"excerpt":{"rendered":"<p><strong>Etter operasjoner, mindre skader eller vedvarende overbelastning er fotens ligamentstrukturer svekket og trenger \u00f8kt stabilitet. Bandasjen har en \u00e5ttetallsbandasje som gir \u00f8kt st\u00f8tte og stabilitet og beskytter mot ytre vridning. <\/strong><\/p>\n<p><strong>Denne bandasjen er utg\u00e5tt og erstattet av en ny og forbedret versjon som er tilgjengelig her: <a href=\"https:\/\/fysiolab.dk\/product\/bauerfeind-malleotrain-s-open-heel-ny-model\/\">Bauerfeind Malleotrain S Open Heel - Ny modell<\/a><\/strong><\/p>\n<p>https:\/\/www.youtube.com\/watch?v=rkUnY8rnXpY<\/p>\n","protected":false},"featured_media":84009,"comment_status":"closed","ping_status":"closed","template":"","meta":{"_acf_changed":false},"product_brand":[],"product_cat":[2262,2074,1992,2180,2182,2076,2181,2369,2354,1937,1933,2077,2016],"product_tag":[2356],"class_list":{"0":"post-84000","1":"product","2":"type-product","3":"status-publish","4":"has-post-thumbnail","6":"product_cat-akutte-smerter-i-ankelen","7":"product_cat-ankelforstuing","8":"product_cat-ankelskinne","9":"product_cat-ankelskinner-for-fotball","10":"product_cat-ankelskinner-for-haandball","11":"product_cat-ankelvridning","12":"product_cat-artrose-i-ankelleddet","13":"product_cat-bauerfeind-ankelstoette","14":"product_cat-bondetamp","15":"product_cat-merkevarer","16":"product_cat-skinner-og-stoetteskinner","17":"product_cat-ustabil-ankel-no","18":"product_cat-uttak","19":"product_tag-bondetamp","21":"first","22":"instock","23":"sale","24":"taxable","25":"shipping-taxable","26":"purchasable","27":"product-type-variable"},"acf":[],"_links":{"self":[{"href":"https:\/\/fysiolab.dk\/no\/wp-json\/wp\/v2\/product\/84000","targetHints":{"allow":["GET"]}}],"collection":[{"href":"https:\/\/fysiolab.dk\/no\/wp-json\/wp\/v2\/product"}],"about":[{"href":"https:\/\/fysiolab.dk\/no\/wp-json\/wp\/v2\/types\/product"}],"replies":[{"embeddable":true,"href":"https:\/\/fysiolab.dk\/no\/wp-json\/wp\/v2\/comments?post=84000"}],"wp:featuredmedia":[{"embeddable":true,"href":"https:\/\/fysiolab.dk\/no\/wp-json\/wp\/v2\/media\/84009"}],"wp:attachment":[{"href":"https:\/\/fysiolab.dk\/no\/wp-json\/wp\/v2\/media?parent=84000"}],"wp:term":[{"taxonomy":"product_brand","embeddable":true,"href":"https:\/\/fysiolab.dk\/no\/wp-json\/wp\/v2\/product_brand?post=84000"},{"taxonomy":"product_cat","embeddable":true,"href":"https:\/\/fysiolab.dk\/no\/wp-json\/wp\/v2\/product_cat?post=84000"},{"taxonomy":"product_tag","embeddable":true,"href":"https:\/\/fysiolab.dk\/no\/wp-json\/wp\/v2\/product_tag?post=84000"}],"curies":[{"name":"wp","href":"https:\/\/api.w.org\/{rel}","templated":true}]}}