{"id":84001,"date":"2023-07-16T14:03:01","date_gmt":"2023-07-16T12:03:01","guid":{"rendered":"https:\/\/fysiolab.dk\/product\/bauerfeind-sports-ankelstoette\/"},"modified":"2025-12-18T09:21:40","modified_gmt":"2025-12-18T08:21:40","slug":"bauerfeind-sports-ankelstoette","status":"publish","type":"product","link":"https:\/\/fysiolab.dk\/no\/product\/bauerfeind-sports-ankelstoette\/","title":{"rendered":"Bauerfeind Sports ankelst\u00f8tte"},"content":{"rendered":"<p><b>  BAUERFEIND SPORTS ANKELST\u00d8TTE<\/b><\/p>\n<p>Stabiliserende sportsst\u00f8tte for ankelen<\/p>\n<p><b>Funksjoner og egenskaper<\/b><\/p>\n<p>-St\u00f8tte som omslutter leddet og er laget av et sterkt elastisk stoff for \u00e5 gi optimal kompresjon<\/p>\n<p>- Justerbar stropp for \u00e5 st\u00f8tte leddb\u00e5ndene<\/p>\n<p>- Anatomisk passform for \u00e5 sikre god passform og maksimal bevegelsesfrihet<\/p>\n<p>- Lett og luftig stoff laget av et slitesterkt materiale som gj\u00f8r st\u00f8tten behagelig.<\/p>\n<p>God passform med maksimal st\u00f8tte. Ekstremt lett og slitesterk. St\u00f8tter leddb\u00e5ndene og beskytter ankelen mot forstuinger og vridninger.  <\/p>\n<p>Tilgjengelig i svart og bl\u00e5 farger<\/p>\n<p><b>St\u00f8rrelsesguide<\/b><\/p>\n<p><a href=\"https:\/\/dev.fysiolab.dk\/wp-content\/uploads\/2025\/05\/F3.png\"><img fetchpriority=\"high\" decoding=\"async\" class=\"alignnone size-medium wp-image-202393097\" src=\"https:\/\/dev.fysiolab.dk\/wp-content\/uploads\/2025\/05\/F3-300x169.png\" alt=\"\" width=\"300\" height=\"169\" title=\"\"><\/a><\/p>\n<p><strong>M\u00e5l omkretsen av ankelen der den er smalest<\/strong><\/p>\n<p><strong>Omkrets Str.<\/strong><\/p>\n<p><strong>17-19 cm XS<\/strong><\/p>\n<p><strong>19-21 cm S<\/strong><\/p>\n<p><strong>21-23 cm M<\/strong><\/p>\n<p><strong>23-25 cm L<\/strong><\/p>\n<p><strong>25-27 cm XL<\/strong><\/p>\n<p><strong>27-29 cm XXL<\/strong><\/p>\n<p>&nbsp;<\/p>\n","protected":false},"excerpt":{"rendered":"<p><strong>Bauerfeind Sports Ankle Brace er ideell for \u00e5 gi st\u00f8tte og stabilitet til ankelen og forhindrer utvendig vridning med sin smarte \u00e5ttetallsbandasje og stropp som vikles rundt og st\u00f8tter leddet i hele bevegelsesomr\u00e5det. Skinnen har en lav profil og passer godt inn i fott\u00f8yet, slik at den ogs\u00e5 kan brukes til idretter som vaktmester, fotball og h\u00e5ndball. <\/strong><\/p>\n<p>https:\/\/www.youtube.com\/watch?v=rkUnY8rnXpY<\/p>\n","protected":false},"featured_media":84037,"comment_status":"closed","ping_status":"closed","template":"","meta":{"_acf_changed":false},"product_brand":[3090],"product_cat":[2262,2074,1992,2180,2182,2076,2355,2369,2354,1937,1933,2077],"product_tag":[2356],"class_list":{"0":"post-84001","1":"product","2":"type-product","3":"status-publish","4":"has-post-thumbnail","6":"product_brand-bauerfeind","7":"product_cat-akutte-smerter-i-ankelen","8":"product_cat-ankelforstuing","9":"product_cat-ankelskinne","10":"product_cat-ankelskinner-for-fotball","11":"product_cat-ankelskinner-for-haandball","12":"product_cat-ankelvridning","13":"product_cat-bauerfeind-ankelskinne-no","14":"product_cat-bauerfeind-ankelstoette","15":"product_cat-bondetamp","16":"product_cat-merkevarer","17":"product_cat-skinner-og-stoetteskinner","18":"product_cat-ustabil-ankel-no","19":"product_tag-bondetamp","21":"first","22":"instock","23":"taxable","24":"shipping-taxable","25":"purchasable","26":"product-type-variable"},"acf":[],"_links":{"self":[{"href":"https:\/\/fysiolab.dk\/no\/wp-json\/wp\/v2\/product\/84001","targetHints":{"allow":["GET"]}}],"collection":[{"href":"https:\/\/fysiolab.dk\/no\/wp-json\/wp\/v2\/product"}],"about":[{"href":"https:\/\/fysiolab.dk\/no\/wp-json\/wp\/v2\/types\/product"}],"replies":[{"embeddable":true,"href":"https:\/\/fysiolab.dk\/no\/wp-json\/wp\/v2\/comments?post=84001"}],"wp:featuredmedia":[{"embeddable":true,"href":"https:\/\/fysiolab.dk\/no\/wp-json\/wp\/v2\/media\/84037"}],"wp:attachment":[{"href":"https:\/\/fysiolab.dk\/no\/wp-json\/wp\/v2\/media?parent=84001"}],"wp:term":[{"taxonomy":"product_brand","embeddable":true,"href":"https:\/\/fysiolab.dk\/no\/wp-json\/wp\/v2\/product_brand?post=84001"},{"taxonomy":"product_cat","embeddable":true,"href":"https:\/\/fysiolab.dk\/no\/wp-json\/wp\/v2\/product_cat?post=84001"},{"taxonomy":"product_tag","embeddable":true,"href":"https:\/\/fysiolab.dk\/no\/wp-json\/wp\/v2\/product_tag?post=84001"}],"curies":[{"name":"wp","href":"https:\/\/api.w.org\/{rel}","templated":true}]}}