{"id":84043,"date":"2023-07-16T14:01:27","date_gmt":"2023-07-16T12:01:27","guid":{"rendered":"https:\/\/fysiolab.dk\/product\/bauerfeind-kneskinne-softec-genu\/"},"modified":"2025-12-18T09:21:41","modified_gmt":"2025-12-18T08:21:41","slug":"bauerfeind-kneskinne-softec-genu","status":"publish","type":"product","link":"https:\/\/fysiolab.dk\/no\/product\/bauerfeind-kneskinne-softec-genu\/","title":{"rendered":"Bauerfeind kneskinne, SofTec Genu"},"content":{"rendered":"<p><b>Bauerfeind SofTec Genu<\/b><\/p>\n<p>Softec Genu knest\u00f8tte fra Bauerfeind er rett og slett det ypperste innen knest\u00f8tter - med dokumenterte effekter p\u00e5 forbedret funksjon og beskyttelse av leddb\u00e5nd. Hvis du har en korsb\u00e5nd-, leddb\u00e5nd- eller meniskskade og f\u00f8ler deg ustabil og s\u00e5rbar, er Softec Genu en optimal l\u00f8sning for deg. <\/p>\n<p>Softec Genu knebandasje anbefales til h\u00e5ndball, fotball, badminton, alpint og andre vridningsbelastninger og kontaktsporter.<\/p>\n<p>Knest\u00f8ttens stabilitetsgrad kan justeres individuelt og tilpasses etter kneets rotasjonsakse. Bandasjens innebygde spesialvev gir sublim kompresjon, utmerket passform og pusteevne, slik at kneet f\u00f8les trygt og stabilt selv under krevende aktivitet.  <\/p>\n<p><b>Indikasjoner:  <\/b><\/p>\n<p>Ruptur av fremre og\/eller bakre korsb\u00e5nd og konservativ behandling<\/p>\n<p>- Pre- og forsinket postoperativ behandling<\/p>\n<p>- Langtidsrehabilitering - idrettsterapi<\/p>\n<p>- Kronisk utilstrekkelighet<\/p>\n<p>- Komplekse instabiliteter (traumatiske, degenerative; f.eks. \"Unhappy Triad\")<\/p>\n<p>- Konservativ behandling av kollateralligamentskader<\/p>\n<p>-Behandling av \"ustabile kneledd\"<\/p>\n<p>Alvorlig gonartrose<\/p>\n<p>Revmatoid artritt - pneumocystis carinii pneumopati<\/p>\n<p>Endoprotese - sekund\u00e6r rehabilitering<\/p>\n<p>Traumatologi - posttraumatisk<\/p>\n<p>For midlertidig bevegelsesbegrensning etter menisksting eller meniskimplantasjon<\/p>\n<p><b>Kjennetegn:  <\/b><\/p>\n<p>- Det formstrikkede materialet puster, er svettetransporterende og omslutter et stort omr\u00e5de av beinet.<\/p>\n<p>- Den store kontaktflaten mellom det formstrikkede materialet og benet forhindrer lokale trykkpunkter og st\u00f8tter dermed muskelaktiviteten.<\/p>\n<p>- Det anatomisk formede, strikkede materialet best\u00e5r delvis av ensrettet uelastiske og sv\u00e6rt strekkstabile omr\u00e5der.<\/p>\n<p>- Fire uelastiske borrel\u00e5sstropper s\u00f8rger for en stabil, sirkul\u00e6r og omsluttende forbindelse.<\/p>\n<p>- Aluminiumsskinnene p\u00e5 sidene er anatomisk formet.<\/p>\n<p>- Spesielle ortoseledd tilpasser seg uavhengig av kompromissdreiepunktene og tar dermed hensyn til kneleddets individuelle kompromissdreieakse i det tredimensjonale rommet.<\/p>\n<p>- Ledd kan begrenses til ekstensjon og fleksjon med avstander p\u00e5 10\u00b0.<\/p>\n<p>- Puten sikrer enkel og korrekt plassering av ortosen p\u00e5 benet.<\/p>\n<p><b>Virkem\u00e5te:  <\/b><\/p>\n<p>- Det strekkfaste, uelastiske strikkede materialet i kombinasjon med leddskinner og borrel\u00e5sstropper stabiliserer kneleddet p\u00e5 samme m\u00e5te som 4-punktssystemet.<\/p>\n<p>- Samtidig gj\u00f8r det formstrikkede materialet at musklene kan bevege seg i ortosen, takket v\u00e6re sin fleksibilitet.<\/p>\n<p>- P\u00e5 grunn av den tredimensjonale tilpasningen av ortoseleddene til den individuelle kompromissdreieaksen, unng\u00e5s skadelig kraft p\u00e5 kneleddet.<\/p>\n<p>- Puten st\u00f8tter riktig f\u00f8ring av patella og forebygger smerter i fremre del av kneet.<\/p>\n<p>- Kompresjon fra det strikkede materialet kombinert med pelottemassasje fremskynder resorpsjonen av effusjoner og \u00f8demat\u00f8s hevelse.<\/p>\n<p>- Ved \u00e5 stimulere proprioseptorene har det spesialstrikkede materialet en positiv effekt p\u00e5 det sensomotoriske systemet og dermed p\u00e5 muskelkontrollen.<\/p>\n<p>&nbsp;<\/p>\n<p>&nbsp;<\/p>\n","protected":false},"excerpt":{"rendered":"<p><strong>SofTec Genu fra Bauerfeind er en kneskinne med dokumentert effekt p\u00e5 forbedret funksjon og ligamentbeskyttelse.<\/strong><\/p>\n","protected":false},"featured_media":84095,"comment_status":"closed","ping_status":"closed","template":"","meta":{"_acf_changed":false},"product_brand":[],"product_cat":[2273,2689,2734,2354,2159,2148,2274,1937,2158,1933],"product_tag":[2356],"class_list":{"0":"post-84043","1":"product","2":"type-product","3":"status-publish","4":"has-post-thumbnail","6":"product_cat-artrose-menisk-bruskskade-no","7":"product_cat-bauerfeind-kneskinne","8":"product_cat-bauerfeind-knestoette","9":"product_cat-bondetamp","10":"product_cat-fremre-korsbaandskade-acl","11":"product_cat-knestoetter-no","12":"product_cat-menisk-no-2","13":"product_cat-merkevarer","14":"product_cat-skade-paa-det-laterale-kollaterale-ligamentet-lcl","15":"product_cat-skinner-og-stoetteskinner","16":"product_tag-bondetamp","18":"first","19":"instock","20":"taxable","21":"shipping-taxable","22":"purchasable","23":"product-type-variable"},"acf":[],"_links":{"self":[{"href":"https:\/\/fysiolab.dk\/no\/wp-json\/wp\/v2\/product\/84043","targetHints":{"allow":["GET"]}}],"collection":[{"href":"https:\/\/fysiolab.dk\/no\/wp-json\/wp\/v2\/product"}],"about":[{"href":"https:\/\/fysiolab.dk\/no\/wp-json\/wp\/v2\/types\/product"}],"replies":[{"embeddable":true,"href":"https:\/\/fysiolab.dk\/no\/wp-json\/wp\/v2\/comments?post=84043"}],"wp:featuredmedia":[{"embeddable":true,"href":"https:\/\/fysiolab.dk\/no\/wp-json\/wp\/v2\/media\/84095"}],"wp:attachment":[{"href":"https:\/\/fysiolab.dk\/no\/wp-json\/wp\/v2\/media?parent=84043"}],"wp:term":[{"taxonomy":"product_brand","embeddable":true,"href":"https:\/\/fysiolab.dk\/no\/wp-json\/wp\/v2\/product_brand?post=84043"},{"taxonomy":"product_cat","embeddable":true,"href":"https:\/\/fysiolab.dk\/no\/wp-json\/wp\/v2\/product_cat?post=84043"},{"taxonomy":"product_tag","embeddable":true,"href":"https:\/\/fysiolab.dk\/no\/wp-json\/wp\/v2\/product_tag?post=84043"}],"curies":[{"name":"wp","href":"https:\/\/api.w.org\/{rel}","templated":true}]}}