{"id":84044,"date":"2023-07-16T13:56:13","date_gmt":"2023-07-16T11:56:13","guid":{"rendered":"https:\/\/fysiolab.dk\/product\/bauerfeind-knestoette-genutrain-s-pro\/"},"modified":"2025-12-18T09:21:42","modified_gmt":"2025-12-18T08:21:42","slug":"bauerfeind-knestoette-genutrain-s-pro","status":"publish","type":"product","link":"https:\/\/fysiolab.dk\/no\/product\/bauerfeind-knestoette-genutrain-s-pro\/","title":{"rendered":"Bauerfeind knest\u00f8tte, GenuTrain S Pro"},"content":{"rendered":"<p><b>GenuTrain S Pro<\/b><\/p>\n<p>Genutrain S Pro knebandasje fra Bauerfeind er en medisinsk og anatomisk utformet kompresjonsbandasje til bruk under tung fysisk aktivitet.<\/p>\n<p>Bandasjen kjennetegnes av utmerket passform og god pusteevne.<\/p>\n<p>De anatomisk formede skinnene kan st\u00f8pes termoplastisk og settes inn i sidekanalene.<\/p>\n<p>Bandasjens patenterte spesialvev gir den samme egenskaper som en kompresjonsstr\u00f8mpe. Dette minimerer hevelse og stimulerer til \u00f8kt muskelaktivitet.  Dette resulterer til syvende og sist i \u00f8kt stabilitet, mindre smerter under aktivitet og kortere restitusjonstid.<\/p>\n<p>Skinnens anatomisk formede stabiliseringsskinner p\u00e5 sidene gir sammen med de innsydde, uelastiske stroppene en ekstra f\u00f8lelse av sidestabilitet under fysisk aktivitet. Den positive p\u00e5virkningen og stimuleringen fra de andre strukturene i skinnen gir kneet et mer aktivt grep. <\/p>\n<p><b>Denne S PRO-modellen kjennetegnes ved at styreskinnene kan l\u00e5ses i 30\u00b0-60\u00b0-90\u00b0 fleksjon og 20\u00b0 ekstensjon.<\/b><\/p>\n<p>Genutrain S Pro kneskinne anbefales spesielt til personer med mild til moderat funksjonell instabilitet og til personer med mindre irritasjoner i kollateralligamentene.<\/p>\n<p><b>Indikasjoner:<\/b><\/p>\n<p>- Lett og middels ustabilitet<\/p>\n<p>- Gonartrose<\/p>\n<p>- Leddbetennelser (f.eks. revmatoid artritt)<\/p>\n<p>- Meniskskader<\/p>\n<p><b>Kjennetegn:<\/b><\/p>\n<p>- De anatomisk formede skinnene kan st\u00f8pes termoplastisk og settes inn i sidekanalene.<\/p>\n<p>- Styreskinnene kan l\u00e5ses i 30\u00b0-60\u00b0-90\u00b0 fleksjon og 20\u00b0 ekstensjon.<\/p>\n<p>- Skinnen festes videre med sirkul\u00e6re, uelastiske stropper p\u00e5 underbenet og l\u00e5ret, som stabiliserer begge kneleddene.<\/p>\n<p>- Sv\u00e6rt elastisk, pustende strikk for optimal passform og h\u00f8y b\u00e6rekomfort.<\/p>\n<p>- Spesielt mykt og finstrikket materiale beskytter det f\u00f8lsomme omr\u00e5det rundt baksiden av kneet.<\/p>\n<p>- Et ringformet, viskoelastisk profilinnlegg legger seg beskyttende rundt patella og gj\u00f8r det lettere \u00e5 plassere bandasjen riktig.<\/p>\n<p><b>Virkem\u00e5te:<\/b><\/p>\n<p>- L\u00e5sing av leddene muliggj\u00f8r en terapeutisk begrensning av kneleddets bevegelser.<\/p>\n<p>- Kombinasjonen av leddskinner og stroppesystem gir kneleddet st\u00f8rre passiv st\u00f8tte og kontrollerer bevegelsene p\u00e5 en sikker m\u00e5te.<\/p>\n<p>- Den positive effekten p\u00e5 den sensomotoriske funksjonen gir kneleddet et mer aktivt grep og stabiliserer det p\u00e5 lang sikt.<\/p>\n<p>- Bevegelser i kneleddet former pelottringen og gir en smertelindrende massasje med vekslende trykk p\u00e5 de parapatellare bl\u00f8tvevsstrukturene.<\/p>\n<p>- Kompresjon og massasje p\u00e5skynder resorpsjonen av \u00f8demer og hematomer.<\/p>\n<p><strong>St\u00f8rrelsesguide<\/strong><\/p>\n<p><strong>M\u00e5l l\u00e5romkretsen 14 cm over midten av kneet med en liten b\u00f8y i kneet<\/strong><\/p>\n<p><strong>M\u00e5l leggomkretsen 12 cm fra midten av kneet<\/strong><\/p>\n<p><strong>Omkrets l\u00e5r Omkrets legg St\u00f8rrelse.<\/strong><\/p>\n<p><strong>38-41 cm 28-31 cm 1<\/strong><\/p>\n<p><strong>41-44 cm 31-34 cm 2<\/strong><\/p>\n<p><strong>44-47 cm 34-37 cm 3<\/strong><\/p>\n<p><strong>47-50 cm 37-40 cm 4<\/strong><\/p>\n<p><strong>50-53 cm 40-43 cm 5<\/strong><\/p>\n<p><strong>53-56 cm 43-46 cm 6<\/strong><\/p>\n<p><strong>56-59 cm 46-49 cm 7<\/strong><\/p>\n<p><a href=\"https:\/\/dev.fysiolab.dk\/wp-content\/uploads\/2025\/05\/a3-maaltagning.jpg\"><img fetchpriority=\"high\" decoding=\"async\" class=\"alignnone size-full wp-image-202391955\" src=\"https:\/\/dev.fysiolab.dk\/wp-content\/uploads\/2025\/05\/a3-maaltagning.jpg\" alt=\"\" width=\"225\" height=\"225\" title=\"\"><\/a><\/p>\n","protected":false},"excerpt":{"rendered":"<p><strong>GenuTrain S Pro er laget i et nytt strukturelt konsept som gj\u00f8r skinnen sv\u00e6rt elastisk og pustende. Anbefales for lette korsb\u00e5ndskader, meniskskader, mild artrose og ustabile kn\u00e6r. <\/strong><\/p>\n<p>https:\/\/www.youtube.com\/watch?v=6065THzZgT0<\/p>\n","protected":false},"featured_media":84114,"comment_status":"closed","ping_status":"closed","template":"","meta":{"_acf_changed":false},"product_brand":[],"product_cat":[2147,1981,2689,2734,2354,1974,2146,1978,1980,1975,1979,1937,1933],"product_tag":[2356],"class_list":{"0":"post-84044","1":"product","2":"type-product","3":"status-publish","4":"has-post-thumbnail","6":"product_cat-alvorlig-ustabilitet-svaert-ustabil","7":"product_cat-artrose-menisk-bruskskade","8":"product_cat-bauerfeind-kneskinne","9":"product_cat-bauerfeind-knestoette","10":"product_cat-bondetamp","11":"product_cat-forstuet-kne","12":"product_cat-fremre-korsbaand","13":"product_cat-knestoetter","14":"product_cat-kollateral-ligamentskade","15":"product_cat-lett-ustabilitet-ustabil","16":"product_cat-menisk-no","17":"product_cat-merkevarer","18":"product_cat-skinner-og-stoetteskinner","19":"product_tag-bondetamp","21":"first","22":"instock","23":"taxable","24":"shipping-taxable","25":"purchasable","26":"product-type-variable"},"acf":[],"_links":{"self":[{"href":"https:\/\/fysiolab.dk\/no\/wp-json\/wp\/v2\/product\/84044","targetHints":{"allow":["GET"]}}],"collection":[{"href":"https:\/\/fysiolab.dk\/no\/wp-json\/wp\/v2\/product"}],"about":[{"href":"https:\/\/fysiolab.dk\/no\/wp-json\/wp\/v2\/types\/product"}],"replies":[{"embeddable":true,"href":"https:\/\/fysiolab.dk\/no\/wp-json\/wp\/v2\/comments?post=84044"}],"wp:featuredmedia":[{"embeddable":true,"href":"https:\/\/fysiolab.dk\/no\/wp-json\/wp\/v2\/media\/84114"}],"wp:attachment":[{"href":"https:\/\/fysiolab.dk\/no\/wp-json\/wp\/v2\/media?parent=84044"}],"wp:term":[{"taxonomy":"product_brand","embeddable":true,"href":"https:\/\/fysiolab.dk\/no\/wp-json\/wp\/v2\/product_brand?post=84044"},{"taxonomy":"product_cat","embeddable":true,"href":"https:\/\/fysiolab.dk\/no\/wp-json\/wp\/v2\/product_cat?post=84044"},{"taxonomy":"product_tag","embeddable":true,"href":"https:\/\/fysiolab.dk\/no\/wp-json\/wp\/v2\/product_tag?post=84044"}],"curies":[{"name":"wp","href":"https:\/\/api.w.org\/{rel}","templated":true}]}}