{"id":84119,"date":"2023-07-16T13:55:23","date_gmt":"2023-07-16T11:55:23","guid":{"rendered":"https:\/\/fysiolab.dk\/product\/bauerfeind-knestoette-genutrain-s\/"},"modified":"2025-12-18T09:21:42","modified_gmt":"2025-12-18T08:21:42","slug":"bauerfeind-knestoette-genutrain-s","status":"publish","type":"product","link":"https:\/\/fysiolab.dk\/no\/product\/bauerfeind-knestoette-genutrain-s\/","title":{"rendered":"Bauerfeind knest\u00f8tte, GenuTrain S"},"content":{"rendered":"<p><b>GenuTrain S<\/b><\/p>\n<p>Genutrain S knebandasje fra Bauerfeind er en medisinsk og anatomisk utformet kompresjonsbandasje til bruk under tung fysisk aktivitet.<\/p>\n<p>- Bandasjen kjennetegnes av utmerket passform og god pusteevne.<\/p>\n<p>De anatomisk formede skinnene kan st\u00f8pes termoplastisk og settes inn i sidekanalene.<\/p>\n<p>- Bandasjens patenterte spesialvev gir den samme egenskaper som en kompresjonsstr\u00f8mpe. Dette minimerer hevelse og stimulerer til \u00f8kt muskelaktivitet.  Dette resulterer til syvende og sist i \u00f8kt stabilitet, mindre smerter under aktivitet og kortere restitusjonstid.<\/p>\n<p>- Skinnens anatomisk formede laterale stabiliseringsskinner gir sammen med de innsydde, uelastiske stroppene en ekstra f\u00f8lelse av lateral stabilitet under fysisk aktivitet. Den positive p\u00e5virkningen og stimuleringen fra de andre strukturene i skinnen gir kneet et mer aktivt grep. <\/p>\n<p><b>Skinnen finnes ogs\u00e5 i en PRO-versjon, som inneb\u00e6rer at skinnen kan l\u00e5ses i 30\u00b0-60\u00b0-90\u00b0 fleksjon og 20\u00b0 ekstensjon.<\/b><\/p>\n<p>Genutrain S kneskinne anbefales spesielt for personer med mild til moderat funksjonell instabilitet og for personer med mindre irritasjon av kollateralligamentene.<\/p>\n<p><b>Indikasjoner:  <\/b><\/p>\n<p>- Lett ustabilitet<\/p>\n<p>- Gonartrose<\/p>\n<p>- Leddgikt (f.eks. pneumocystis carinii pneumopati)<\/p>\n<p><b>Kjennetegn:  <\/b><\/p>\n<p>- Nytt strikkonsept: Ekstra elastisk, pustende og fukttransporterende for effektiv kompresjon og utmerket brukerkomfort.<\/p>\n<p>- Styreskinnene er videre festet med sirkul\u00e6re, uelastiske stropper.<\/p>\n<p>- Spesielle strikketeknikker sikrer en behagelig passform, selv rundt baksiden av kneet.<\/p>\n<p>- De anatomisk formede skinnene kan st\u00f8pes termoplastisk og settes inn i sidekanalene.<\/p>\n<p>- En ringformet viskoelastisk profil omslutter patella og gj\u00f8r det lettere \u00e5 plassere bandasjen riktig.<\/p>\n<p><b>Virkem\u00e5te:  <\/b><\/p>\n<p>- Kombinasjonen av leddskinner og stroppesystem gir stabilitet til kneleddet.<\/p>\n<p>- Den positive p\u00e5virkningen p\u00e5 det sensomotoriske systemet gj\u00f8r kneleddet mer aktivt.<\/p>\n<p>- Bevegelser i kneleddet former pelottringen og masserer de parapatellare bl\u00f8tvevsstrukturene.<\/p>\n<p>- Kompresjon og massasje p\u00e5skynder resorpsjonen av \u00f8demer og effusjoner.<\/p>\n<p><strong>St\u00f8rrelsesguide (se video lenger ned i teksten)<\/strong><\/p>\n<p><strong>M\u00e5l l\u00e5romkretsen 14 cm over midten av kneet med en liten b\u00f8y i kneet<\/strong><\/p>\n<p><strong>M\u00e5l leggomkretsen 12 cm fra kneet<\/strong><strong>ts sentrum<\/strong><\/p>\n<p><strong><a href=\"https:\/\/dev.fysiolab.dk\/wp-content\/uploads\/2025\/05\/a3-maaltagning.jpg\"><img fetchpriority=\"high\" decoding=\"async\" class=\"alignnone size-full wp-image-202391955\" src=\"https:\/\/dev.fysiolab.dk\/wp-content\/uploads\/2025\/05\/a3-maaltagning.jpg\" alt=\"\" width=\"225\" height=\"225\" title=\"\"><\/a><\/strong><\/p>\n<p><strong>Omkrets l\u00e5r Omkrets legg St\u00f8rrelse.<\/strong><\/p>\n<p><strong>38-41 cm 28-31 cm 1<\/strong><\/p>\n<p><strong>41-44 cm 31-34 cm 2<\/strong><\/p>\n<p><strong>44-47 cm 34-37 cm 3<\/strong><\/p>\n<p><strong>47-50 cm 37-40 cm 4<\/strong><\/p>\n<p><strong>50-53 cm 40-43 cm 5<\/strong><\/p>\n<p><strong>53-56 cm 43-46 cm 6<\/strong><\/p>\n<p><strong>56-59 cm 46-49 cm 7<\/strong><\/p>\n<p><iframe title=\"Opm\u00e5lingsvejledning til Bauerfeind kn\u00e6bandager\" width=\"800\" height=\"450\" src=\"https:\/\/www.youtube.com\/embed\/6065THzZgT0?feature=oembed\" frameborder=\"0\" allow=\"accelerometer; autoplay; clipboard-write; encrypted-media; gyroscope; picture-in-picture; web-share\" referrerpolicy=\"strict-origin-when-cross-origin\" allowfullscreen><\/iframe><\/p>\n<p>&nbsp;<\/p>\n","protected":false},"excerpt":{"rendered":"<p><strong>GenuTrain S er laget i et nytt strukturelt konsept som gj\u00f8r skinnen sv\u00e6rt elastisk og pustende. Anbefales ved meniskskader, instabilitet og slitasjegikt i kneet <\/strong><\/p>\n<p>https:\/\/www.youtube.com\/watch?v=PItzxWTQdNk<\/p>\n","protected":false},"featured_media":84181,"comment_status":"closed","ping_status":"closed","template":"","meta":{"_acf_changed":false},"product_brand":[],"product_cat":[2147,1981,2734,2354,1974,2146,1978,1980,1975,1979,1937,1933],"product_tag":[2356],"class_list":{"0":"post-84119","1":"product","2":"type-product","3":"status-publish","4":"has-post-thumbnail","6":"product_cat-alvorlig-ustabilitet-svaert-ustabil","7":"product_cat-artrose-menisk-bruskskade","8":"product_cat-bauerfeind-knestoette","9":"product_cat-bondetamp","10":"product_cat-forstuet-kne","11":"product_cat-fremre-korsbaand","12":"product_cat-knestoetter","13":"product_cat-kollateral-ligamentskade","14":"product_cat-lett-ustabilitet-ustabil","15":"product_cat-menisk-no","16":"product_cat-merkevarer","17":"product_cat-skinner-og-stoetteskinner","18":"product_tag-bondetamp","20":"first","21":"instock","22":"taxable","23":"shipping-taxable","24":"purchasable","25":"product-type-variable"},"acf":[],"_links":{"self":[{"href":"https:\/\/fysiolab.dk\/no\/wp-json\/wp\/v2\/product\/84119","targetHints":{"allow":["GET"]}}],"collection":[{"href":"https:\/\/fysiolab.dk\/no\/wp-json\/wp\/v2\/product"}],"about":[{"href":"https:\/\/fysiolab.dk\/no\/wp-json\/wp\/v2\/types\/product"}],"replies":[{"embeddable":true,"href":"https:\/\/fysiolab.dk\/no\/wp-json\/wp\/v2\/comments?post=84119"}],"wp:featuredmedia":[{"embeddable":true,"href":"https:\/\/fysiolab.dk\/no\/wp-json\/wp\/v2\/media\/84181"}],"wp:attachment":[{"href":"https:\/\/fysiolab.dk\/no\/wp-json\/wp\/v2\/media?parent=84119"}],"wp:term":[{"taxonomy":"product_brand","embeddable":true,"href":"https:\/\/fysiolab.dk\/no\/wp-json\/wp\/v2\/product_brand?post=84119"},{"taxonomy":"product_cat","embeddable":true,"href":"https:\/\/fysiolab.dk\/no\/wp-json\/wp\/v2\/product_cat?post=84119"},{"taxonomy":"product_tag","embeddable":true,"href":"https:\/\/fysiolab.dk\/no\/wp-json\/wp\/v2\/product_tag?post=84119"}],"curies":[{"name":"wp","href":"https:\/\/api.w.org\/{rel}","templated":true}]}}