{"id":84185,"date":"2023-07-16T13:54:14","date_gmt":"2023-07-16T11:54:14","guid":{"rendered":"https:\/\/fysiolab.dk\/product\/bauerfeind-knestoette-genutrain-p3\/"},"modified":"2025-12-18T09:21:42","modified_gmt":"2025-12-18T08:21:42","slug":"bauerfeind-knestoette-genutrain-p3","status":"publish","type":"product","link":"https:\/\/fysiolab.dk\/no\/product\/bauerfeind-knestoette-genutrain-p3\/","title":{"rendered":"Bauerfeind knest\u00f8tte, GenuTrain P3"},"content":{"rendered":"<p><b>GenuTrain P3 knest\u00f8tte<\/b><\/p>\n<p>Genutrain P3 knebandasje fra Bauerfeind er en medisinsk kompresjonsbandasje for hverdagsbruk og fysisk aktivitet.<\/p>\n<p>- Genutrain P3-bandasjen kjennetegnes av utmerket passform og god pusteevne.<\/p>\n<p>- Bandasjens patenterte spesialvev gir samme egenskaper som en kompresjonsstr\u00f8mpe, noe som sammen med den anatomiske utformingen minimerer hevelse og stimulerer til \u00f8kt muskelaktivitet. Dette resulterer i \u00f8kt stabilitet, mindre smerte under aktivitet, \u00f8kt lokal metabolisme og redusert restitusjonstid. <\/p>\n<p>- Den spesialutviklede, innsydde viskoelastiske puten p\u00e5 forsiden av skinnen er tilpasset de anatomiske strukturene for \u00e5 stabilisere knesk\u00e5len i en fysiologisk optimal bevegelsesbane under aktivitet.<\/p>\n<p>- Nytt p\u00e5 denne P3-skinnen er en spesiell patellastabiliseringsstropp, som gir ekstra stabilisering p\u00e5 utsiden av knesk\u00e5len for \u00e5 unng\u00e5 at leddet sklir og smerter oppst\u00e5r.<\/p>\n<p>Genutrain P3-skinnen anbefales spesielt for personer med ubehag i knesk\u00e5len, som patellofemoralt smertesyndrom, Osgood-Schlatter-syndrom hos ungdom, kneskapssvakhet og seneirritasjoner rundt knesk\u00e5len.<\/p>\n<p><b>Indikasjoner:  <\/b><\/p>\n<p>- Patellofemoralt smertesyndrom (kondropati, kondromalasi)<\/p>\n<p>- Lateralisering av patella (tendens til \u00e5 g\u00e5 ut av ledd)<\/p>\n<p>- Etter lateral frigj\u00f8ring<\/p>\n<p>- Patellar tendinitt<\/p>\n<p>- F\u00f8lelse av ustabilitet<\/p>\n<p>- Smerter i fremre del av kneet<\/p>\n<p>- L\u00f8perkne\/hopperkne<\/p>\n<p><b>Kjennetegn:<\/b><\/p>\n<p>- En spesiell strukturvev som er sk\u00e5nsom mot huden, dekker det kritiske poplitealomr\u00e5det.<\/p>\n<p>- Sides\u00f8mmen har ingen trykkpunkter i poplitealomr\u00e5det.<\/p>\n<p>- Den nye anatomisk formede puten er egnet for en lett bandasje. Den bidrar til at bandasjen holder seg p\u00e5 plass og gj\u00f8r den mer behagelig \u00e5 ha p\u00e5. <\/p>\n<p>- Justeringsstroppen er plassert ved den laterale patellaranden.<\/p>\n<p>- Det er to friksjonspunkter p\u00e5 den distale delen av puten.<\/p>\n<p>- Den proksimale delen av puten g\u00e5r til muskelsenekrysset ved m. vastus medialis.<\/p>\n<p>- En halvm\u00e5neformet medial patellahatt settes inn i patellafordypningen p\u00e5 puten.<\/p>\n<p>- Muskelavspenningsputen (verden f\u00f8rst) plasseres p\u00e5 siden av bandasjens \u00f8vre kant.<\/p>\n<p><b>Virkem\u00e5te:  <\/b><\/p>\n<p>- Ekstern kompresjon fremskynder absorpsjonen av \u00f8dem og ekssudasjon.<\/p>\n<p>- Proprioceptiviteten forbedres ved at leddstabiliteten styrkes.<\/p>\n<p>- Den myke strikkestrukturen som brukes i poplitealomr\u00e5det, gir b\u00e5de utmerket brukerkomfort og medisinsk effektiv kompresjon.<\/p>\n<p>- Sammen med justeringsstroppen sentrerer puten patella. Den forhindrer at patella beveger seg ut til sidene. <\/p>\n<p>- Justeringsstroppen f\u00f8rer patella langs glidebanen.<\/p>\n<p>- Friksjonspunktene reduserer trykket og lindrer smerter i det retropatellare omr\u00e5det.<\/p>\n<p>- Den vekslende kompresjonen i den tredimensjonale anatomisk formede strikkede strukturen sammen med den nye puteformen som sitter p\u00e5 vastus medialis-muskelen, reduserer smerte og stimulerer stoffskiftet.<\/p>\n<p>- Den mediale patellahatten motvirker medial vipping av patella under aktivitet. Dette bidrar til en fysiologisk bevegelse av patella. <\/p>\n<p>Ved hjelp av sensorisk og motorisk tilbakemelding slapper muskelavslappende pute av iliotibialb\u00e5ndet p\u00e5 lateral patellar retinaculum, noe som minimerer det laterale trekket p\u00e5 patella. Dette avlaster patella, og smertene reduseres. <\/p>\n<p><iframe title=\"How to fit: GenuTrain P3\" width=\"800\" height=\"450\" src=\"https:\/\/www.youtube.com\/embed\/Q12-hwJuL68?feature=oembed\" frameborder=\"0\" allow=\"accelerometer; autoplay; clipboard-write; encrypted-media; gyroscope; picture-in-picture; web-share\" referrerpolicy=\"strict-origin-when-cross-origin\" allowfullscreen><\/iframe><\/p>\n<p><strong>St\u00f8rrelsesguide<\/strong><\/p>\n<p><strong>M\u00e5l l\u00e5romkretsen 17 cm over midten av kneet med en liten b\u00f8y i kneet<\/strong><\/p>\n<p><strong>M\u00e5l leggomkretsen 15 cm fra midten av kneet<\/strong><\/p>\n<p><strong>Omkrets l\u00e5r Omkrets legg St\u00f8rrelse.<\/strong><\/p>\n<p><strong>38-41 cm 28-31 cm 1<\/strong><\/p>\n<p><strong>41-44 cm 31-34 cm 2<\/strong><\/p>\n<p><strong>44-47 cm 34-37 cm 3<\/strong><\/p>\n<p><strong>47-50 cm 37-40 cm 4<\/strong><\/p>\n<p><strong>50-53 cm 40-43 cm 5<\/strong><\/p>\n<p><strong>53-56 cm 43-46 cm 6<\/strong><\/p>\n<p><a href=\"https:\/\/dev.fysiolab.dk\/wp-content\/uploads\/2025\/05\/P3_maaltagning.jpg\"><img fetchpriority=\"high\" decoding=\"async\" class=\"alignnone size-full wp-image-202392035\" src=\"https:\/\/dev.fysiolab.dk\/wp-content\/uploads\/2025\/05\/P3_maaltagning.jpg\" alt=\"\" width=\"300\" height=\"296\" title=\"\"><\/a><\/p>\n","protected":false},"excerpt":{"rendered":"<p><strong>GenuTrain P3 er laget i et nytt strukturelt konsept som gj\u00f8r skinnen sv\u00e6rt elastisk, pustende og fukttransporterende. Skinnen anbefales ved uspesifikke smerter i fremre del av kneet, l\u00f8perkne, hopperkne og Osgood Schlatter-syndrom. Skinnen har en unik teknologi som bidrar til \u00e5 holde knesk\u00e5len p\u00e5 plass    <\/strong><\/p>\n<p>https:\/\/www.youtube.com\/watch?v=BCxDG81lf3o<\/p>\n","protected":false},"featured_media":84237,"comment_status":"closed","ping_status":"closed","template":"","meta":{"_acf_changed":false},"product_brand":[],"product_cat":[2734,2354,2011,1978,2010,2199,1937,2009,1933,2200],"product_tag":[2356],"class_list":{"0":"post-84185","1":"product","2":"type-product","3":"status-publish","4":"has-post-thumbnail","6":"product_cat-bauerfeind-knestoette","7":"product_cat-bondetamp","8":"product_cat-hopperkneet","9":"product_cat-knestoetter","10":"product_cat-loeperkne","11":"product_cat-loes-kneskaal-patellaluksasjon-og-smerter-i-kneskaalen","12":"product_cat-merkevarer","13":"product_cat-osgood-snakk","14":"product_cat-skinner-og-stoetteskinner","15":"product_cat-uspesifikke-smerter-i-fremre-del-av-kneet","16":"product_tag-bondetamp","18":"first","19":"instock","20":"taxable","21":"shipping-taxable","22":"purchasable","23":"product-type-variable"},"acf":[],"_links":{"self":[{"href":"https:\/\/fysiolab.dk\/no\/wp-json\/wp\/v2\/product\/84185","targetHints":{"allow":["GET"]}}],"collection":[{"href":"https:\/\/fysiolab.dk\/no\/wp-json\/wp\/v2\/product"}],"about":[{"href":"https:\/\/fysiolab.dk\/no\/wp-json\/wp\/v2\/types\/product"}],"replies":[{"embeddable":true,"href":"https:\/\/fysiolab.dk\/no\/wp-json\/wp\/v2\/comments?post=84185"}],"wp:featuredmedia":[{"embeddable":true,"href":"https:\/\/fysiolab.dk\/no\/wp-json\/wp\/v2\/media\/84237"}],"wp:attachment":[{"href":"https:\/\/fysiolab.dk\/no\/wp-json\/wp\/v2\/media?parent=84185"}],"wp:term":[{"taxonomy":"product_brand","embeddable":true,"href":"https:\/\/fysiolab.dk\/no\/wp-json\/wp\/v2\/product_brand?post=84185"},{"taxonomy":"product_cat","embeddable":true,"href":"https:\/\/fysiolab.dk\/no\/wp-json\/wp\/v2\/product_cat?post=84185"},{"taxonomy":"product_tag","embeddable":true,"href":"https:\/\/fysiolab.dk\/no\/wp-json\/wp\/v2\/product_tag?post=84185"}],"curies":[{"name":"wp","href":"https:\/\/api.w.org\/{rel}","templated":true}]}}