{"id":84263,"date":"2023-07-16T13:52:41","date_gmt":"2023-07-16T11:52:41","guid":{"rendered":"https:\/\/fysiolab.dk\/product\/bauerfeind-knestropp-genupoint\/"},"modified":"2025-12-18T09:21:43","modified_gmt":"2025-12-18T08:21:43","slug":"bauerfeind-knestropp-genupoint","status":"publish","type":"product","link":"https:\/\/fysiolab.dk\/no\/product\/bauerfeind-knestropp-genupoint\/","title":{"rendered":"Bauerfeind knestropp, GenuPoint"},"content":{"rendered":"<p><b>GenuPoint<\/b><\/p>\n<p>GenuPoint er en nyutviklet kompresjonsrem for smertelindring av patellarsenen.<\/p>\n<p>Bruk av knestropper har v\u00e6rt kjent lenge, men utfordringen har v\u00e6rt materialet, passformen og evnen til \u00e5 trykke spesifikt p\u00e5 og rundt den smertefulle, overbelastede patellarsenen.<\/p>\n<p>Bauerfeind har n\u00e5 utviklet en ny unik stropp, og vi anbefaler GenuPoint til personer med hopperkne og betennelse i slimposen under knesk\u00e5len.<\/p>\n<p><b>  GenuPoint tilbyr f\u00f8lgende fordeler:  <\/b><\/p>\n<p>- M\u00e5lrettet smertelindring for patellarsenen og bursaen under knesk\u00e5len.<\/p>\n<p>- St\u00f8tter rundt senen og styrer patellarsenen under bevegelse og belastning.<\/p>\n<p>- Den smale og anatomisk formede stroppen sitter optimalt rett under knesk\u00e5len og gir en f\u00f8lelse av bevegelsesfrihet - selv ved dype kneb\u00f8yninger.<\/p>\n<p>- Effektiv smertelindring takket v\u00e6re spesialtilpassede anatomiske trykkputer p\u00e5 og rundt patellarsenen.<\/p>\n<p>- Borrel\u00e5sstropper p\u00e5 begge sider gj\u00f8r det mulig \u00e5 justere kompresjonsgraden uten at senen vris p\u00e5 tvers.<\/p>\n<p>- Den uvanlig flate utformingen gj\u00f8r det mindre smertefullt \u00e5 lande p\u00e5 n\u00e5r man faller under aktivitet.<\/p>\n<p><b>St\u00f8rrelsesguide (se video for instruksjoner lenger ned i teksten)<\/b><\/p>\n<p><strong>Omkretsen m\u00e5les under knesk\u00e5len  <\/strong><\/p>\n<p><a href=\"https:\/\/dev.fysiolab.dk\/wp-content\/uploads\/2025\/05\/K3-1.png\"><img fetchpriority=\"high\" decoding=\"async\" class=\"alignnone size-medium wp-image-202393482\" src=\"https:\/\/dev.fysiolab.dk\/wp-content\/uploads\/2025\/05\/K3-1-300x169.png\" alt=\"\" width=\"300\" height=\"169\" title=\"\"><\/a><\/p>\n<p><strong>Omkrets Str<\/strong><\/p>\n<p><strong>28-30 cm 1<\/strong><\/p>\n<p><strong>30-35 cm 2<\/strong><\/p>\n<p><strong>35-44 cm 3<\/strong><\/p>\n<p><iframe title=\"Opm\u00e5lingsvejledning til kn\u00e6 FysioLab\" width=\"800\" height=\"450\" src=\"https:\/\/www.youtube.com\/embed\/00TC7Jtjqs8?feature=oembed\" frameborder=\"0\" allow=\"accelerometer; autoplay; clipboard-write; encrypted-media; gyroscope; picture-in-picture; web-share\" referrerpolicy=\"strict-origin-when-cross-origin\" allowfullscreen><\/iframe><\/p>\n","protected":false},"excerpt":{"rendered":"<p><strong>Bauerfeinds GenuPoint er en kompresjonsbandasje som st\u00f8tter patellarsenen under belastning. Anbefales for hopperkne, l\u00f8perkne og Osgood schlatter kne. <\/strong><\/p>\n","protected":false},"featured_media":84278,"comment_status":"closed","ping_status":"closed","template":"","meta":{"_acf_changed":false},"product_brand":[],"product_cat":[2734,2354,2011,1978,2010,1937,2009,1933],"product_tag":[2356],"class_list":{"0":"post-84263","1":"product","2":"type-product","3":"status-publish","4":"has-post-thumbnail","6":"product_cat-bauerfeind-knestoette","7":"product_cat-bondetamp","8":"product_cat-hopperkneet","9":"product_cat-knestoetter","10":"product_cat-loeperkne","11":"product_cat-merkevarer","12":"product_cat-osgood-snakk","13":"product_cat-skinner-og-stoetteskinner","14":"product_tag-bondetamp","16":"first","17":"instock","18":"taxable","19":"shipping-taxable","20":"purchasable","21":"product-type-variable"},"acf":[],"_links":{"self":[{"href":"https:\/\/fysiolab.dk\/no\/wp-json\/wp\/v2\/product\/84263","targetHints":{"allow":["GET"]}}],"collection":[{"href":"https:\/\/fysiolab.dk\/no\/wp-json\/wp\/v2\/product"}],"about":[{"href":"https:\/\/fysiolab.dk\/no\/wp-json\/wp\/v2\/types\/product"}],"replies":[{"embeddable":true,"href":"https:\/\/fysiolab.dk\/no\/wp-json\/wp\/v2\/comments?post=84263"}],"wp:featuredmedia":[{"embeddable":true,"href":"https:\/\/fysiolab.dk\/no\/wp-json\/wp\/v2\/media\/84278"}],"wp:attachment":[{"href":"https:\/\/fysiolab.dk\/no\/wp-json\/wp\/v2\/media?parent=84263"}],"wp:term":[{"taxonomy":"product_brand","embeddable":true,"href":"https:\/\/fysiolab.dk\/no\/wp-json\/wp\/v2\/product_brand?post=84263"},{"taxonomy":"product_cat","embeddable":true,"href":"https:\/\/fysiolab.dk\/no\/wp-json\/wp\/v2\/product_cat?post=84263"},{"taxonomy":"product_tag","embeddable":true,"href":"https:\/\/fysiolab.dk\/no\/wp-json\/wp\/v2\/product_tag?post=84263"}],"curies":[{"name":"wp","href":"https:\/\/api.w.org\/{rel}","templated":true}]}}