{"id":84281,"date":"2023-07-16T13:52:17","date_gmt":"2023-07-16T11:52:17","guid":{"rendered":"https:\/\/fysiolab.dk\/product\/bauerfeind-saale-ergopad-ball-racket\/"},"modified":"2025-12-18T09:21:43","modified_gmt":"2025-12-18T08:21:43","slug":"bauerfeind-saale-ergopad-ball-racket","status":"publish","type":"product","link":"https:\/\/fysiolab.dk\/no\/product\/bauerfeind-saale-ergopad-ball-racket\/","title":{"rendered":"Bauerfeind s\u00e5le, Ergopad Ball &amp; Racket"},"content":{"rendered":"<p><b>BAUERFEIND Ergopad BALL &amp; RACKET<\/b><\/p>\n<p>St\u00f8tter og lindrer f\u00f8ttene under ballsport<\/p>\n<p><b>Funksjoner og egenskaper<\/b><\/p>\n<p>- Forh\u00f8yet h\u00e6l for \u00e5 stabilisere ankelen ved raske retningsendringer<\/p>\n<p>- Sensomotoriske plaster som stimulerer den stabiliserende fotmuskulaturen samtidig som de st\u00f8tter fotbuen og fotens naturlige bevegelse.<\/p>\n<p>- Antibakteriell og luktkontroll<\/p>\n<p>S\u00e5len gir stabilitet ved raske retningsforandringer. St\u00f8tter fotens naturlige bevegelse og fleksibilitet for \u00e5 bidra til bedre ytelse under ballaktiviteter <\/p>\n<p><b>St\u00f8rrelse<\/b><\/p>\n<p>Skost\u00f8rrelse<\/p>\n","protected":false},"excerpt":{"rendered":"<p><strong>Bauerfeind-s\u00e5le anbefalt for ulike sportsaktiviteter. \u00d8kt h\u00e6lst\u00f8tte som stabiliserer ankelen og forhindrer vridning, og ulike soner i s\u00e5len som gir \u00f8kt tilbakemelding p\u00e5 fot- og leddposisjon <\/strong><\/p>\n","protected":false},"featured_media":84286,"comment_status":"closed","ping_status":"closed","template":"","meta":{"_acf_changed":false},"product_brand":[3090],"product_cat":[2589,2354,1937,1933,1994,2016],"product_tag":[2356],"class_list":{"0":"post-84281","1":"product","2":"type-product","3":"status-publish","4":"has-post-thumbnail","6":"product_brand-bauerfeind","7":"product_cat-bauerfeind-saaler-no","8":"product_cat-bondetamp","9":"product_cat-merkevarer","10":"product_cat-skinner-og-stoetteskinner","11":"product_cat-sko-og-saaler-no","12":"product_cat-uttak","13":"product_tag-bondetamp","15":"first","16":"outofstock","17":"sale","18":"taxable","19":"shipping-taxable","20":"purchasable","21":"product-type-variable"},"acf":[],"_links":{"self":[{"href":"https:\/\/fysiolab.dk\/no\/wp-json\/wp\/v2\/product\/84281","targetHints":{"allow":["GET"]}}],"collection":[{"href":"https:\/\/fysiolab.dk\/no\/wp-json\/wp\/v2\/product"}],"about":[{"href":"https:\/\/fysiolab.dk\/no\/wp-json\/wp\/v2\/types\/product"}],"replies":[{"embeddable":true,"href":"https:\/\/fysiolab.dk\/no\/wp-json\/wp\/v2\/comments?post=84281"}],"wp:featuredmedia":[{"embeddable":true,"href":"https:\/\/fysiolab.dk\/no\/wp-json\/wp\/v2\/media\/84286"}],"wp:attachment":[{"href":"https:\/\/fysiolab.dk\/no\/wp-json\/wp\/v2\/media?parent=84281"}],"wp:term":[{"taxonomy":"product_brand","embeddable":true,"href":"https:\/\/fysiolab.dk\/no\/wp-json\/wp\/v2\/product_brand?post=84281"},{"taxonomy":"product_cat","embeddable":true,"href":"https:\/\/fysiolab.dk\/no\/wp-json\/wp\/v2\/product_cat?post=84281"},{"taxonomy":"product_tag","embeddable":true,"href":"https:\/\/fysiolab.dk\/no\/wp-json\/wp\/v2\/product_tag?post=84281"}],"curies":[{"name":"wp","href":"https:\/\/api.w.org\/{rel}","templated":true}]}}