{"id":84282,"date":"2023-07-16T13:49:08","date_gmt":"2023-07-16T11:49:08","guid":{"rendered":"https:\/\/fysiolab.dk\/product\/bauerfeind-ankelstoette-achillotrain-utgaatt-av-produksjon\/"},"modified":"2025-12-18T09:21:44","modified_gmt":"2025-12-18T08:21:44","slug":"bauerfeind-ankelstoette-achillotrain-utgaatt-av-produksjon","status":"publish","type":"product","link":"https:\/\/fysiolab.dk\/no\/product\/bauerfeind-ankelstoette-achillotrain-utgaatt-av-produksjon\/","title":{"rendered":"Bauerfeind ankelst\u00f8tte, AchilloTrain - Utg\u00e5tt av produksjon"},"content":{"rendered":"<p><b>Bauerfeind AchilloTrain<\/b><\/p>\n<p>AchilloTrain er en kompresjonsbandasje som bidrar til \u00e5 lindre smerte og stabilisere akillessenen uten \u00e5 begrense bevegeligheten.<\/p>\n<p><b>Indikasjoner:  <\/b><\/p>\n<p>- Akillodyni (tendinose, peritendinitt, subakillesbursitt)<\/p>\n<p>- Etterbehandling av akillessenerupturer<\/p>\n<p><b>Kjennetegn:<\/b><\/p>\n<p>- Superelastisk strikk laget av pustende materialer gir effektiv kompresjon og er ekstremt behagelig \u00e5 ha p\u00e5.<\/p>\n<p>- Bandasjen er anatomisk formet for \u00e5 sikre h\u00f8y b\u00e6rekomfort.<\/p>\n<p>- Den integrerte seneputen er viskoelastisk og anatomisk formet.<\/p>\n<p>- En avtakbar h\u00e6lkile er integrert i bandasjen.<\/p>\n<p>- En separat h\u00e6lpute for lengdeutjevning p\u00e5 motsatt side er inkludert.<\/p>\n<p><b>Virkem\u00e5te:<\/b><\/p>\n<p>- Profilinnsatsen, som g\u00e5r langs akillessenen, s\u00f8rger for et jevnt trykk og gir en lokal massasjeeffekt under bevegelse. Dette resulterer i en lokal forbedring av stoffskiftet og reduksjon av \u00f8demer. <\/p>\n<p>- Forh\u00f8yelsen av h\u00e6len (ca. 6 mm) ved hjelp av den integrerte viskoelastiske kilen avlaster akillessenen.<\/p>\n<p>- Ved \u00e5 p\u00e5virke propriosepsjonen st\u00f8ttes koordinert muskelkontroll.<\/p>\n<p>- AchilloTrain Pro er en annen modell av AchilloTrain som st\u00f8tter ankelen ytterligere p\u00e5 innsiden og utsiden av foten.<\/p>\n<p><strong>St\u00f8rrelsesguide<\/strong><\/p>\n<p><strong>M\u00e5l omkretsen av ankelen over knoklene<\/strong><\/p>\n<p><strong><a href=\"https:\/\/dev.fysiolab.dk\/wp-content\/uploads\/2025\/05\/measurement_malleotrain-s.jpg\"><img fetchpriority=\"high\" decoding=\"async\" class=\"alignnone size-medium wp-image-202392051\" src=\"https:\/\/dev.fysiolab.dk\/wp-content\/uploads\/2025\/05\/measurement_malleotrain-s-300x230.jpg\" alt=\"\" width=\"300\" height=\"230\" title=\"\"><\/a><\/strong><\/p>\n<p><strong>Omkrets Str.<\/strong><\/p>\n<p><strong>17-19 cm 1<\/strong><\/p>\n<p><strong>19-21 cm 2<\/strong><\/p>\n<p><strong>21-23 cm 3<\/strong><\/p>\n<p><strong>23-25 cm 4<\/strong><\/p>\n<p><strong>25-27 cm 5<\/strong><\/p>\n<p><strong>27-29 cm 6<\/strong><\/p>\n<p>&nbsp;<\/p>\n<p><iframe title=\"How to fit: AchilloTrain\" width=\"800\" height=\"450\" src=\"https:\/\/www.youtube.com\/embed\/IuXX4PjnHgc?feature=oembed\" frameborder=\"0\" allow=\"accelerometer; autoplay; clipboard-write; encrypted-media; gyroscope; picture-in-picture; web-share\" referrerpolicy=\"strict-origin-when-cross-origin\" allowfullscreen><\/iframe><\/p>\n<p>&nbsp;<\/p>\n","protected":false},"excerpt":{"rendered":"<p><strong>AchilloTrain er en kompresjonsbandasje som bidrar til \u00e5 lindre smerter og stabilisere akillessenen uten \u00e5 begrense bevegeligheten<\/strong><strong>.<\/strong><\/p>\n<p><strong>Denne bandasjen er utg\u00e5tt og erstattet av en ny og forbedret versjon som er tilgjengelig her: <a href=\"https:\/\/fysiolab.dk\/no\/product\/bauerfeind-achillotrain-8\/\">Bauerfeind Achillotrain 8<\/a><\/strong><\/p>\n<p>https:\/\/www.youtube.com\/watch?v=rkUnY8rnXpY<\/p>\n","protected":false},"featured_media":84309,"comment_status":"closed","ping_status":"closed","template":"","meta":{"_acf_changed":false},"product_brand":[],"product_cat":[1992,2762,2354,1937,1933,1993,1995,2016],"product_tag":[2356],"class_list":{"0":"post-84282","1":"product","2":"type-product","3":"status-publish","4":"has-post-thumbnail","6":"product_cat-ankelskinne","7":"product_cat-bauerfeind-akillesbandasje","8":"product_cat-bondetamp","9":"product_cat-merkevarer","10":"product_cat-skinner-og-stoetteskinner","11":"product_cat-smerter-i-akillessenen","12":"product_cat-smerter-i-haelen","13":"product_cat-uttak","14":"product_tag-bondetamp","16":"first","17":"instock","18":"sale","19":"taxable","20":"shipping-taxable","21":"purchasable","22":"product-type-variable"},"acf":[],"_links":{"self":[{"href":"https:\/\/fysiolab.dk\/no\/wp-json\/wp\/v2\/product\/84282","targetHints":{"allow":["GET"]}}],"collection":[{"href":"https:\/\/fysiolab.dk\/no\/wp-json\/wp\/v2\/product"}],"about":[{"href":"https:\/\/fysiolab.dk\/no\/wp-json\/wp\/v2\/types\/product"}],"replies":[{"embeddable":true,"href":"https:\/\/fysiolab.dk\/no\/wp-json\/wp\/v2\/comments?post=84282"}],"wp:featuredmedia":[{"embeddable":true,"href":"https:\/\/fysiolab.dk\/no\/wp-json\/wp\/v2\/media\/84309"}],"wp:attachment":[{"href":"https:\/\/fysiolab.dk\/no\/wp-json\/wp\/v2\/media?parent=84282"}],"wp:term":[{"taxonomy":"product_brand","embeddable":true,"href":"https:\/\/fysiolab.dk\/no\/wp-json\/wp\/v2\/product_brand?post=84282"},{"taxonomy":"product_cat","embeddable":true,"href":"https:\/\/fysiolab.dk\/no\/wp-json\/wp\/v2\/product_cat?post=84282"},{"taxonomy":"product_tag","embeddable":true,"href":"https:\/\/fysiolab.dk\/no\/wp-json\/wp\/v2\/product_tag?post=84282"}],"curies":[{"name":"wp","href":"https:\/\/api.w.org\/{rel}","templated":true}]}}