{"id":84314,"date":"2023-07-16T13:49:08","date_gmt":"2023-07-16T11:49:08","guid":{"rendered":"https:\/\/fysiolab.dk\/product\/bauerfeind-sports-kompresjon-for-leggene\/"},"modified":"2025-12-18T09:21:44","modified_gmt":"2025-12-18T08:21:44","slug":"bauerfeind-sports-kompresjon-for-leggene","status":"publish","type":"product","link":"https:\/\/fysiolab.dk\/no\/product\/bauerfeind-sports-kompresjon-for-leggene\/","title":{"rendered":"Bauerfeind Sports kompresjon for leggene"},"content":{"rendered":"<p><b>  BAUERFEIND KOMPRESJONSKLEMMER KAVALETTER  <\/b><\/p>\n<p><b>  Laget for \u00e5 styrke leggene dine under ballspill, l\u00f8ping, racketsport og andre aktiviteter  <\/b><\/p>\n<p>- Pustende h\u00f8yteknologisk mikrofiber som f\u00f8les godt mot leggen<\/p>\n<p>- Stoffet er sv\u00e6rt elastisk og perfekt sammensatt for kompresjon<\/p>\n<p>- Slitesterk, langvarig kvalitet for daglig bruk.<\/p>\n<p><b>Funksjonalitet  <\/b><\/p>\n<p>Mer kraft til leggmusklene dine. Sportskompresjonshylse for komfortabel og fast kompresjon som \u00f8ker sirkulasjonen (blodgjennomstr\u00f8mningen) og tilf\u00f8rselen av oksygen til musklene. Resultatet er at musklene kan jobbe lenger enn vanlig og restituere seg raskere. Musklene varmes ogs\u00e5 opp raskere, noe som reduserer risikoen for skader og \u00f8ker den generelle ytelsen.   <\/p>\n<p><b>St\u00f8rrelse<\/b><\/p>\n<p><a href=\"https:\/\/dev.fysiolab.dk\/wp-content\/uploads\/2025\/05\/Lower_leg-2.png\"><img fetchpriority=\"high\" decoding=\"async\" class=\"alignnone wp-image-202395296\" src=\"https:\/\/dev.fysiolab.dk\/wp-content\/uploads\/2025\/05\/Lower_leg-2-300x156.png\" alt=\"\" width=\"431\" height=\"224\" title=\"\"><\/a><\/p>\n","protected":false},"excerpt":{"rendered":"<p>https:\/\/player.vimeo.com\/video\/200307134?color=ffffff&amp;title=0&amp;byline=0&amp;portrait=0<\/p>\n","protected":false},"featured_media":84343,"comment_status":"closed","ping_status":"closed","template":"","meta":{"_acf_changed":false},"product_brand":[],"product_cat":[1992,2354,1937,2685,2254,1933,2255],"product_tag":[2356],"class_list":{"0":"post-84314","1":"product","2":"type-product","3":"status-publish","4":"has-post-thumbnail","6":"product_cat-ankelskinne","7":"product_cat-bondetamp","8":"product_cat-merkevarer","9":"product_cat-skinnebein-og-legg","10":"product_cat-skinnebeinsbetennelse","11":"product_cat-skinner-og-stoetteskinner","12":"product_cat-stoettestroemper-no","13":"product_tag-bondetamp","15":"first","16":"instock","17":"taxable","18":"shipping-taxable","19":"purchasable","20":"product-type-variable"},"acf":[],"_links":{"self":[{"href":"https:\/\/fysiolab.dk\/no\/wp-json\/wp\/v2\/product\/84314","targetHints":{"allow":["GET"]}}],"collection":[{"href":"https:\/\/fysiolab.dk\/no\/wp-json\/wp\/v2\/product"}],"about":[{"href":"https:\/\/fysiolab.dk\/no\/wp-json\/wp\/v2\/types\/product"}],"replies":[{"embeddable":true,"href":"https:\/\/fysiolab.dk\/no\/wp-json\/wp\/v2\/comments?post=84314"}],"wp:featuredmedia":[{"embeddable":true,"href":"https:\/\/fysiolab.dk\/no\/wp-json\/wp\/v2\/media\/84343"}],"wp:attachment":[{"href":"https:\/\/fysiolab.dk\/no\/wp-json\/wp\/v2\/media?parent=84314"}],"wp:term":[{"taxonomy":"product_brand","embeddable":true,"href":"https:\/\/fysiolab.dk\/no\/wp-json\/wp\/v2\/product_brand?post=84314"},{"taxonomy":"product_cat","embeddable":true,"href":"https:\/\/fysiolab.dk\/no\/wp-json\/wp\/v2\/product_cat?post=84314"},{"taxonomy":"product_tag","embeddable":true,"href":"https:\/\/fysiolab.dk\/no\/wp-json\/wp\/v2\/product_tag?post=84314"}],"curies":[{"name":"wp","href":"https:\/\/api.w.org\/{rel}","templated":true}]}}