{"id":84321,"date":"2023-07-16T13:51:31","date_gmt":"2023-07-16T11:51:31","guid":{"rendered":"https:\/\/fysiolab.dk\/product\/bauerfeind-albuestoette-epitrain\/"},"modified":"2025-12-18T09:21:43","modified_gmt":"2025-12-18T08:21:43","slug":"bauerfeind-albuestoette-epitrain","status":"publish","type":"product","link":"https:\/\/fysiolab.dk\/no\/product\/bauerfeind-albuestoette-epitrain\/","title":{"rendered":"Bauerfeind albuest\u00f8tte, EpiTrain"},"content":{"rendered":"<p><b>Bauerfeind EpiTrain<\/b><\/p>\n<p>Epitrain albuest\u00f8tte fra tyske Bauerfeind gir optimal kompresjon og smertelindring for overbelastet albue, f.eks. \"tennisalbue\" eller \"golferalbue\". <\/p>\n<p>- Anatomisk spesialvev for komfortabel bruk, pusteevne og sikker posisjonering - uten at det g\u00e5r p\u00e5 bekostning av bevegeligheten<\/p>\n<p>2 innsydde viskoelastiske innlegg gir trykkavlastning og smertelindring<\/p>\n<p>- Epitrain-bandasjen anbefales spesielt til personer med irritasjonstilstander som golf- og tennisalbue, etter brudd i albueomr\u00e5det og ved slitasjegikt i albuen.<\/p>\n<p><b>St\u00f8rrelsesguide<\/b><\/p>\n<p><strong>St\u00f8rrelsen er m\u00e5lt 12 cm fra albuen p\u00e5 underarmen. Bandasjen passer b\u00e5de til h\u00f8yre og venstre arm <\/strong><\/p>\n<p><a href=\"https:\/\/dev.fysiolab.dk\/wp-content\/uploads\/2025\/05\/2875-epitrain_massabnahme-147.jpg\"><img fetchpriority=\"high\" decoding=\"async\" class=\"alignnone size-medium wp-image-202394225\" src=\"https:\/\/dev.fysiolab.dk\/wp-content\/uploads\/2025\/05\/2875-epitrain_massabnahme-147-300x168.jpg\" alt=\"\" width=\"300\" height=\"168\" title=\"\"><\/a><\/p>\n<p><strong>St\u00f8rrelse 0 = 21-23 cm<\/strong><\/p>\n<p><strong>St\u00f8rrelse 1 = 23-25 cm<\/strong><\/p>\n<p><strong>St\u00f8rrelse 2 = 25-27 cm<\/strong><\/p>\n<p><strong>St\u00f8rrelse 3 = 27-29 cm<\/strong><\/p>\n<p><strong>St\u00f8rrelse 4 = 29-31 cm<\/strong><\/p>\n<p><strong>St\u00f8rrelse 5 = 31-33 cm<\/strong><\/p>\n<p><strong>St\u00f8rrelse 6 = 33-35 cm<\/strong><\/p>\n<p><b>Indikasjoner:  <\/b><\/p>\n<p>- Slitasjegikt<\/p>\n<p>- Postoperative irritasjoner<\/p>\n<p>- Posttraumatisk<\/p>\n<p>- Epicondylitis humeri<\/p>\n<p><iframe title=\"How to put EpiTrain correctly\" width=\"800\" height=\"450\" src=\"https:\/\/www.youtube.com\/embed\/gR1Ze9e67bc?feature=oembed\" frameborder=\"0\" allow=\"accelerometer; autoplay; clipboard-write; encrypted-media; gyroscope; picture-in-picture; web-share\" referrerpolicy=\"strict-origin-when-cross-origin\" allowfullscreen><\/iframe><\/p>\n<p><b>Kjennetegn:<\/b><\/p>\n<p>- Anatomisk formet strikk: For komfortabel bruk og sikker posisjonering.<\/p>\n<p>- Viskoelastiske pads med epikondylform for trykkavlastning og sikker posisjonering av bandasjen.<\/p>\n<p>- Kompresjonsreduserte bandasjeender reduserer risikoen for sirkulasjonsforstyrrelser.<\/p>\n<p><b>Virkem\u00e5te:  <\/b><\/p>\n<p>- Den doserte kompresjonen gir smertelindring og bidrar til \u00e5 l\u00f8se opp spenninger.<\/p>\n<p>- Takket v\u00e6re putene omfordeles bandasjens kompresjon fra epikondylene til det omkringliggende bl\u00f8tvevet.<\/p>\n<p>- B\u00e5de radialt og ulnaris s\u00f8rger profilinnsatsene for bedre metabolisme takket v\u00e6re intermitterende kompresjon.<\/p>\n<p>&nbsp;<\/p>\n","protected":false},"excerpt":{"rendered":"<p><strong>Bauerfeinds Epitrain virker ved \u00e5 p\u00e5f\u00f8re kompresjon i og rundt albuen. Kompresjonen reduserer smerte og stimulerer musklene rundt albuen. Anbefales for golf- og tennisalbue  <\/strong><\/p>\n","protected":false},"featured_media":84374,"comment_status":"closed","ping_status":"closed","template":"","meta":{"_acf_changed":false},"product_brand":[],"product_cat":[1932,2753,2354,1935,1937,1936,1933,1934],"product_tag":[2356],"class_list":{"0":"post-84321","1":"product","2":"type-product","3":"status-publish","4":"has-post-thumbnail","6":"product_cat-albue-no","7":"product_cat-bauerfeind-albuestoette","8":"product_cat-bondetamp","9":"product_cat-golfalbue-no","10":"product_cat-merkevarer","11":"product_cat-musens-arm","12":"product_cat-skinner-og-stoetteskinner","13":"product_cat-tennisalbue-no","14":"product_tag-bondetamp","16":"first","17":"instock","18":"taxable","19":"shipping-taxable","20":"purchasable","21":"product-type-variable"},"acf":[],"_links":{"self":[{"href":"https:\/\/fysiolab.dk\/no\/wp-json\/wp\/v2\/product\/84321","targetHints":{"allow":["GET"]}}],"collection":[{"href":"https:\/\/fysiolab.dk\/no\/wp-json\/wp\/v2\/product"}],"about":[{"href":"https:\/\/fysiolab.dk\/no\/wp-json\/wp\/v2\/types\/product"}],"replies":[{"embeddable":true,"href":"https:\/\/fysiolab.dk\/no\/wp-json\/wp\/v2\/comments?post=84321"}],"wp:featuredmedia":[{"embeddable":true,"href":"https:\/\/fysiolab.dk\/no\/wp-json\/wp\/v2\/media\/84374"}],"wp:attachment":[{"href":"https:\/\/fysiolab.dk\/no\/wp-json\/wp\/v2\/media?parent=84321"}],"wp:term":[{"taxonomy":"product_brand","embeddable":true,"href":"https:\/\/fysiolab.dk\/no\/wp-json\/wp\/v2\/product_brand?post=84321"},{"taxonomy":"product_cat","embeddable":true,"href":"https:\/\/fysiolab.dk\/no\/wp-json\/wp\/v2\/product_cat?post=84321"},{"taxonomy":"product_tag","embeddable":true,"href":"https:\/\/fysiolab.dk\/no\/wp-json\/wp\/v2\/product_tag?post=84321"}],"curies":[{"name":"wp","href":"https:\/\/api.w.org\/{rel}","templated":true}]}}