{"id":84350,"date":"2023-07-16T13:49:08","date_gmt":"2023-07-16T11:49:08","guid":{"rendered":"https:\/\/fysiolab.dk\/product\/bauerfeind-ryggstoette-lumbotrain-dame-utgaatt\/"},"modified":"2025-12-18T09:21:44","modified_gmt":"2025-12-18T08:21:44","slug":"bauerfeind-ryggstoette-lumbotrain-dame-utgaatt","status":"publish","type":"product","link":"https:\/\/fysiolab.dk\/no\/product\/bauerfeind-ryggstoette-lumbotrain-dame-utgaatt\/","title":{"rendered":"Bauerfeind ryggst\u00f8tte, LumboTrain, dame - Utg\u00e5tt"},"content":{"rendered":"<p><b>LumboTrain Damemodell  <\/b><\/p>\n<p>Ryggst\u00f8tten er en medisinsk kompresjonsbandasje som stimulerer muskelkorsettet og lindrer lokaliserte korsryggsmerter.<\/p>\n<p>LumboTrain er en aktiv st\u00f8tte. Den virker gjennom aktivitet og kan tilpasses individuelt og sv\u00e6rt enkelt ved hjelp av den brukervennlige borrel\u00e5slukkingen foran. Den virker gjennom kompresjon fra den patenterte spesialvevde strikken som former seg anatomisk etter strukturene i korsryggen og bekkenet.  <\/p>\n<p>Den spesielle viskoelastiske puten som er vevd inn i ryggen, gir trykkstimulering og massasje, fremmer blodgjennomstr\u00f8mningen, lindrer smerte og stimulerer til \u00f8kt muskelkontroll under aktivitet.<\/p>\n<p>Bandasjen kjennetegnes av sv\u00e6rt behagelig b\u00e6rekomfort og h\u00f8y pusteevne, samtidig som det sterke, men tynne materialet tar minimalt med plass under kl\u00e6rne.<\/p>\n<p><b>Vi anbefaler LumboTrain som en aktiv ryggst\u00f8tte for:<\/b><\/p>\n<p>Personer med akutte ryggsmerter<\/p>\n<p>Personer med skiveprolaps som gjennomg\u00e5r konservativ behandling<\/p>\n<p>Personer med en lett slitt korsrygg som utvikler smerter i visse stressituasjoner.<\/p>\n<p>Personer med utilstrekkelig stabilitet og styrke i korsryggen.<\/p>\n<p>Personer etter ryggoperasjoner som \u00f8nsker hjelp til \u00e5 \u00f8ke muskelaktiviteten og samtidig redusere den lokale belastningen p\u00e5 de nedre ryggvirvlene og overgangen til bekkenet.<\/p>\n<p>Personer med tendens til hyppige korsryggsmerter<\/p>\n<p><b>Indikasjoner:  <\/b><\/p>\n<p>LHS-syndrom (akutt)<\/p>\n<p>Degenerasjon\/muskelsvikt HS (mild)<\/p>\n<p>Diskektomi<\/p>\n<p>Konservativ etter prolaps<\/p>\n<p><b>Kjennetegn:  <\/b><\/p>\n<p>Anatomisk formet aktiv st\u00f8tte med individuell passform og h\u00f8y b\u00e6rekomfort.<\/p>\n<p>Praktiske stropper gj\u00f8r det enkelt \u00e5 ta p\u00e5 bandasjen uten \u00e5 m\u00e5tte anstrenge seg.<\/p>\n<p>\u00d8kt luftgjennomtrengelighet med perforert lukking.<\/p>\n<p><b>Virkem\u00e5te:  <\/b><\/p>\n<p>I kombinasjon med den viskoelastiske friksjonsputen lindrer den aktive st\u00f8tten smerte, bidrar til \u00e5 l\u00f8se opp spenninger og aktiverer muskelkontroll gjennom forbedret propriosepsjon.<\/p>\n<p><strong>St\u00f8rrelsesguide  <\/strong><\/p>\n<p><strong>Omkretsen m\u00e5les rundt korsryggen<\/strong><\/p>\n<p><strong> <a href=\"https:\/\/dev.fysiolab.dk\/wp-content\/uploads\/2025\/05\/csm_measurement_lumbotrain_746f50c570-1.jpg\"><img decoding=\"async\" class=\"alignnone wp-image-202391839\" src=\"https:\/\/dev.fysiolab.dk\/wp-content\/uploads\/2025\/05\/csm_measurement_lumbotrain_746f50c570-1-300x230.jpg\" alt=\"\" width=\"173\" height=\"133\" title=\"\"><\/a><\/strong><\/p>\n<p><strong>Omkrets Str<\/strong><\/p>\n<p><strong>70-80 cm 1<\/strong><\/p>\n<p><strong>80-90 cm 2<\/strong><\/p>\n<p><strong>90-100 cm 3<\/strong><\/p>\n<p><strong>100-110 cm 4<\/strong><\/p>\n<p><strong>110-120 cm 5<\/strong><\/p>\n<p><strong>120-130 cm 6<\/strong><\/p>\n<p><strong>130-145 cm 7<\/strong><\/p>\n<p><iframe title=\"LumboTrain Lady: The Ultimate Back Support for Women | Active Relief from Lower Back Pain\" width=\"800\" height=\"450\" src=\"https:\/\/www.youtube.com\/embed\/_zeTCnaa3Gk?feature=oembed\" frameborder=\"0\" allow=\"accelerometer; autoplay; clipboard-write; encrypted-media; gyroscope; picture-in-picture; web-share\" referrerpolicy=\"strict-origin-when-cross-origin\" allowfullscreen><\/iframe><\/p>\n<p>&nbsp;<\/p>\n<p>&nbsp;<\/p>\n<p>&nbsp;<\/p>\n","protected":false},"excerpt":{"rendered":"<p><strong>Anbefales ved akutte og kroniske smerter i korsryggen. Bandasjen har en konisk form som passer perfekt til kvinnekroppen. Bandasjen gir stabilitet og st\u00f8tte for rygg og muskulatur.    <\/strong><\/p>\n<p><strong>Denne bandasjen er utg\u00e5tt og erstattet av den nye og forbedrede versjonen som du finner her: <a href=\"https:\/\/fysiolab.dk\/product\/bauerfeind-lumbotrain-generation-8\/\">Bauerfeind Lumbotrain Generation 8<\/a><\/strong><\/p>\n<p>https:\/\/www.youtube.com\/watch?v=_c2mbw5K7uY<\/p>\n","protected":false},"featured_media":84383,"comment_status":"closed","ping_status":"closed","template":"","meta":{"_acf_changed":false},"product_brand":[],"product_cat":[2188,2189,2755,2754,2354,2191,2504,2192,1937,2184,1933,2186,2187,2016],"product_tag":[2356],"class_list":{"0":"post-84350","1":"product","2":"type-product","3":"status-publish","4":"has-post-thumbnail","6":"product_cat-anstrengt-rygg","7":"product_cat-artrose-i-ryggen","8":"product_cat-bauerfeind-korsryggbelte","9":"product_cat-bauerfeind-ryggstoette","10":"product_cat-bondetamp","11":"product_cat-brudd-i-ryggen-brudd-i-ryggraden","12":"product_cat-graviditet-bekkensmerter-nedre-rygg-avlastning","13":"product_cat-isjias-iskias","14":"product_cat-merkevarer","15":"product_cat-rygg-og-korsrygg","16":"product_cat-skinner-og-stoetteskinner","17":"product_cat-skiveprolaps","18":"product_cat-smerter-i-nedre-del-av-ryggen","19":"product_cat-uttak","20":"product_tag-bondetamp","22":"first","23":"instock","24":"sale","25":"taxable","26":"shipping-taxable","27":"purchasable","28":"product-type-variable"},"acf":[],"_links":{"self":[{"href":"https:\/\/fysiolab.dk\/no\/wp-json\/wp\/v2\/product\/84350","targetHints":{"allow":["GET"]}}],"collection":[{"href":"https:\/\/fysiolab.dk\/no\/wp-json\/wp\/v2\/product"}],"about":[{"href":"https:\/\/fysiolab.dk\/no\/wp-json\/wp\/v2\/types\/product"}],"replies":[{"embeddable":true,"href":"https:\/\/fysiolab.dk\/no\/wp-json\/wp\/v2\/comments?post=84350"}],"wp:featuredmedia":[{"embeddable":true,"href":"https:\/\/fysiolab.dk\/no\/wp-json\/wp\/v2\/media\/84383"}],"wp:attachment":[{"href":"https:\/\/fysiolab.dk\/no\/wp-json\/wp\/v2\/media?parent=84350"}],"wp:term":[{"taxonomy":"product_brand","embeddable":true,"href":"https:\/\/fysiolab.dk\/no\/wp-json\/wp\/v2\/product_brand?post=84350"},{"taxonomy":"product_cat","embeddable":true,"href":"https:\/\/fysiolab.dk\/no\/wp-json\/wp\/v2\/product_cat?post=84350"},{"taxonomy":"product_tag","embeddable":true,"href":"https:\/\/fysiolab.dk\/no\/wp-json\/wp\/v2\/product_tag?post=84350"}],"curies":[{"name":"wp","href":"https:\/\/api.w.org\/{rel}","templated":true}]}}