{"id":84379,"date":"2023-07-16T13:51:31","date_gmt":"2023-07-16T11:51:31","guid":{"rendered":"https:\/\/fysiolab.dk\/product\/bauerfeind-albuefall-epipoint\/"},"modified":"2025-12-18T09:21:43","modified_gmt":"2025-12-18T08:21:43","slug":"bauerfeind-albuefall-epipoint","status":"publish","type":"product","link":"https:\/\/fysiolab.dk\/no\/product\/bauerfeind-albuefall-epipoint\/","title":{"rendered":"Bauerfeind albuefall, EpiPoint"},"content":{"rendered":"<p><b>Bauerfeind EpiPoint<\/b><\/p>\n<p>EpiPoint fra Bauerfeind er en albuest\u00f8tte som gir smertelindring gjennom kompresjon og st\u00f8tte. Bandasjen har god passform og justeres ved hjelp av en borrel\u00e5sstropp. Bandasjen har et viskoelastisk innlegg p\u00e5 innsiden som gir presis avlastning og stimulering ved blant annet tennis- og golfalbue.    <strong>Passer b\u00e5de til venstre og h\u00f8yre<\/strong><\/p>\n<p><b>St\u00f8rrelse<\/b><\/p>\n<p><strong>EpiPoint er en universalst\u00f8rrelse fra 22,5 - 33 cm m\u00e5lt p\u00e5 underarmen (se bildet)<\/strong><\/p>\n<p><a href=\"https:\/\/dev.fysiolab.dk\/wp-content\/uploads\/2025\/05\/A6.png\"><img fetchpriority=\"high\" decoding=\"async\" class=\"alignnone size-medium wp-image-202393531\" src=\"https:\/\/dev.fysiolab.dk\/wp-content\/uploads\/2025\/05\/A6-300x169.png\" alt=\"\" width=\"300\" height=\"169\" title=\"\"><\/a><\/p>\n<p><strong>Bandasjen er enkel \u00e5 justere og tilpasse til den enkelte for best mulig kompresjon og st\u00f8tte<\/strong><\/p>\n","protected":false},"excerpt":{"rendered":"<p><strong>EpiPoint fra Bauerfeind er en albuest\u00f8tte som gir smertelindring gjennom kompresjon og st\u00f8tte. Tilpasset den enkelte for \u00e5 gi \u00f8nsket kompresjon og st\u00f8tte.  <\/strong><\/p>\n","protected":false},"featured_media":84389,"comment_status":"closed","ping_status":"closed","template":"","meta":{"_acf_changed":false},"product_brand":[],"product_cat":[1932,2753,2354,1935,1937,1936,1933,1934],"product_tag":[2356],"class_list":{"0":"post-84379","1":"product","2":"type-product","3":"status-publish","4":"has-post-thumbnail","6":"product_cat-albue-no","7":"product_cat-bauerfeind-albuestoette","8":"product_cat-bondetamp","9":"product_cat-golfalbue-no","10":"product_cat-merkevarer","11":"product_cat-musens-arm","12":"product_cat-skinner-og-stoetteskinner","13":"product_cat-tennisalbue-no","14":"product_tag-bondetamp","16":"first","17":"instock","18":"taxable","19":"shipping-taxable","20":"purchasable","21":"product-type-variable"},"acf":[],"_links":{"self":[{"href":"https:\/\/fysiolab.dk\/no\/wp-json\/wp\/v2\/product\/84379","targetHints":{"allow":["GET"]}}],"collection":[{"href":"https:\/\/fysiolab.dk\/no\/wp-json\/wp\/v2\/product"}],"about":[{"href":"https:\/\/fysiolab.dk\/no\/wp-json\/wp\/v2\/types\/product"}],"replies":[{"embeddable":true,"href":"https:\/\/fysiolab.dk\/no\/wp-json\/wp\/v2\/comments?post=84379"}],"wp:featuredmedia":[{"embeddable":true,"href":"https:\/\/fysiolab.dk\/no\/wp-json\/wp\/v2\/media\/84389"}],"wp:attachment":[{"href":"https:\/\/fysiolab.dk\/no\/wp-json\/wp\/v2\/media?parent=84379"}],"wp:term":[{"taxonomy":"product_brand","embeddable":true,"href":"https:\/\/fysiolab.dk\/no\/wp-json\/wp\/v2\/product_brand?post=84379"},{"taxonomy":"product_cat","embeddable":true,"href":"https:\/\/fysiolab.dk\/no\/wp-json\/wp\/v2\/product_cat?post=84379"},{"taxonomy":"product_tag","embeddable":true,"href":"https:\/\/fysiolab.dk\/no\/wp-json\/wp\/v2\/product_tag?post=84379"}],"curies":[{"name":"wp","href":"https:\/\/api.w.org\/{rel}","templated":true}]}}