{"id":84393,"date":"2023-07-16T13:50:43","date_gmt":"2023-07-16T11:50:43","guid":{"rendered":"https:\/\/fysiolab.dk\/product\/bauerfeind-ankelstoette-achillotrain-pro-utgaatt\/"},"modified":"2025-12-18T09:21:44","modified_gmt":"2025-12-18T08:21:44","slug":"bauerfeind-ankelstoette-achillotrain-pro-utgaatt","status":"publish","type":"product","link":"https:\/\/fysiolab.dk\/no\/product\/bauerfeind-ankelstoette-achillotrain-pro-utgaatt\/","title":{"rendered":"Bauerfeind ankelst\u00f8tte, Achillotrain Pro - Utg\u00e5tt"},"content":{"rendered":"<p><b>Bauerfeind Achillotrain Pro<\/b><\/p>\n<p>Achillotrain Pro-st\u00f8tten fra Bauerfeind motvirker irritasjon i akillessenen gjennom st\u00f8tte og kompresjon. Det anatomisk formede viskoelastiske innlegget med sm\u00e5 knotter masserer overgangen mellom muskel og sene og stimulerer vevstilhelingen. Den anatomisk formede og patenterte vevingen i Achillotrain Pro-bandasjen s\u00f8rger for optimal kompresjon, forebygger hevelse og stimulerer tilheling.    <strong>Passer b\u00e5de h\u00f8yre og venstre fot<\/strong><\/p>\n<p><b>Indikasjoner:  <\/b><\/p>\n<p>- Akillodyni (tendinose, peritendinitt, subakillesbursitt)<\/p>\n<p>- Postoperativ, f.eks. som f\u00f8lge av kroniske akillessener\/senelidelser<\/p>\n<p><b>  Kjennetegn:  <\/b><\/p>\n<p>- Den nye viskoelastiske puten har myke, proprioseptivt stimulerende knotter p\u00e5 innsiden og langsg\u00e5ende riller. Den \u00f8vre tredjedelen av senen og overgangen mellom muskel og sene med dens \"nervepleksus\" stimuleres av to vingeformede puteforlengelser. <\/p>\n<p>- Trikotasje med innlagt strekksone i det ventrale skinnebensomr\u00e5det gj\u00f8r det enklere for pasienten \u00e5 ta p\u00e5 og av bandasjen.<\/p>\n<p>- Ved behov anbefales et h\u00e6linnlegg med impulsdempende pute<\/p>\n<p>- Den korte trikotdelen i fotomr\u00e5det forhindrer trykkoppbygging p\u00e5 5. metatarsalbein.<\/p>\n<p>- Den aktive bandasjen er anatomisk formet for \u00e5 garantere en utmerket passform og er behagelig \u00e5 ha p\u00e5.<\/p>\n<p><b>  Virkem\u00e5te:  <\/b><\/p>\n<p>- Den permanente vekslingen mellom kompresjon og dekompresjon (som ved friksjonsmassasje) fremmer tilhelingen ytterligere via de innlagte knoppene\/knollene og \u00f8demdrenasjen via de langsg\u00e5ende rillene.<\/p>\n<p>- Den samtidige proprioseptive stimuleringen av nerveplexus ved muskelovergangen forbedrer muskelkontrollen. Den sensomotoriske kvaliteten p\u00e5virkes positivt, og den nevromuskul\u00e6re reguleringskretsen st\u00f8ttes. Dette f\u00f8rer til synkronisering og muskelaktivitet.  <\/p>\n<p><iframe title=\"How to fit: AchilloTrain\" width=\"800\" height=\"450\" src=\"https:\/\/www.youtube.com\/embed\/IuXX4PjnHgc?feature=oembed\" frameborder=\"0\" allow=\"accelerometer; autoplay; clipboard-write; encrypted-media; gyroscope; picture-in-picture; web-share\" referrerpolicy=\"strict-origin-when-cross-origin\" allowfullscreen><\/iframe><\/p>\n<p><strong>St\u00f8rrelsesguide<\/strong><\/p>\n<p><strong>M\u00e5l omkretsen av ankelen over knoklene<\/strong><\/p>\n<p><strong>Omkrets Str.<\/strong><\/p>\n<p><strong>17-19 cm 1<\/strong><\/p>\n<p><strong>19-21 cm 2<\/strong><\/p>\n<p><strong>21-23 cm 3<\/strong><\/p>\n<p><strong>23-25 cm 4<\/strong><\/p>\n<p><strong>25-27 cm 5<\/strong><\/p>\n<p><strong>27-29 cm 6<\/strong><\/p>\n<p><a href=\"https:\/\/dev.fysiolab.dk\/wp-content\/uploads\/2025\/05\/measurement_malleotrain-s.jpg\"><img fetchpriority=\"high\" decoding=\"async\" class=\"alignnone size-medium wp-image-202392051\" src=\"https:\/\/dev.fysiolab.dk\/wp-content\/uploads\/2025\/05\/measurement_malleotrain-s-300x230.jpg\" alt=\"\" width=\"300\" height=\"230\" title=\"\"><\/a><\/p>\n","protected":false},"excerpt":{"rendered":"<p><strong>AchilloTrain Pro fra Bauerfeind avlaster akillessenen ved \u00e5 gi st\u00f8tte og kompresjon samt lindring av f.eks. akillessenebetennelse, stiftirritasjon, h\u00e6lsmerter og plantar fasciitt<\/strong><\/p>\n<p><strong>Denne bandasjen er utg\u00e5tt og erstattet av en ny og forbedret variant som er tilgjengelig her: <a href=\"https:\/\/fysiolab.dk\/no\/product\/bauerfeind-achillotrain-8\/\">Bauerfeind Achillotrain 8<\/a><\/strong><\/p>\n<p>https:\/\/www.youtube.com\/watch?v=rkUnY8rnXpY<\/p>\n","protected":false},"featured_media":84408,"comment_status":"closed","ping_status":"closed","template":"","meta":{"_acf_changed":false},"product_brand":[3090],"product_cat":[1992,2762,2354,1937,1933,1993,1995,2016],"product_tag":[2356],"class_list":{"0":"post-84393","1":"product","2":"type-product","3":"status-publish","4":"has-post-thumbnail","6":"product_brand-bauerfeind","7":"product_cat-ankelskinne","8":"product_cat-bauerfeind-akillesbandasje","9":"product_cat-bondetamp","10":"product_cat-merkevarer","11":"product_cat-skinner-og-stoetteskinner","12":"product_cat-smerter-i-akillessenen","13":"product_cat-smerter-i-haelen","14":"product_cat-uttak","15":"product_tag-bondetamp","17":"first","18":"instock","19":"sale","20":"taxable","21":"shipping-taxable","22":"purchasable","23":"product-type-variable"},"acf":[],"_links":{"self":[{"href":"https:\/\/fysiolab.dk\/no\/wp-json\/wp\/v2\/product\/84393","targetHints":{"allow":["GET"]}}],"collection":[{"href":"https:\/\/fysiolab.dk\/no\/wp-json\/wp\/v2\/product"}],"about":[{"href":"https:\/\/fysiolab.dk\/no\/wp-json\/wp\/v2\/types\/product"}],"replies":[{"embeddable":true,"href":"https:\/\/fysiolab.dk\/no\/wp-json\/wp\/v2\/comments?post=84393"}],"wp:featuredmedia":[{"embeddable":true,"href":"https:\/\/fysiolab.dk\/no\/wp-json\/wp\/v2\/media\/84408"}],"wp:attachment":[{"href":"https:\/\/fysiolab.dk\/no\/wp-json\/wp\/v2\/media?parent=84393"}],"wp:term":[{"taxonomy":"product_brand","embeddable":true,"href":"https:\/\/fysiolab.dk\/no\/wp-json\/wp\/v2\/product_brand?post=84393"},{"taxonomy":"product_cat","embeddable":true,"href":"https:\/\/fysiolab.dk\/no\/wp-json\/wp\/v2\/product_cat?post=84393"},{"taxonomy":"product_tag","embeddable":true,"href":"https:\/\/fysiolab.dk\/no\/wp-json\/wp\/v2\/product_tag?post=84393"}],"curies":[{"name":"wp","href":"https:\/\/api.w.org\/{rel}","templated":true}]}}