{"id":84402,"date":"2023-07-16T13:49:08","date_gmt":"2023-07-16T11:49:08","guid":{"rendered":"https:\/\/fysiolab.dk\/product\/bauerfeind-knestoette-genutrain-8\/"},"modified":"2026-03-20T20:08:52","modified_gmt":"2026-03-20T19:08:52","slug":"bauerfeind-knestoette-genutrain-8","status":"publish","type":"product","link":"https:\/\/fysiolab.dk\/no\/product\/bauerfeind-knestoette-genutrain-8\/","title":{"rendered":"Bauerfeind knest\u00f8tte, GenuTrain 8"},"content":{"rendered":"<p><b>GenuTrain<\/b><\/p>\n<p>Genutrain knebandasje fra Bauerfeind er en medisinsk kompresjonsbandasje til hverdagsbruk og ved h\u00f8yere fysisk aktivitet.<\/p>\n<p>Genutrain-skinnen kjennetegnes av utmerket passform og god pusteevne, og er blant de mest anbefalte knest\u00f8ttene i verden.<\/p>\n<p>Den patenterte spesialvevingen gir egenskapene til en kompresjonssokk, som sammen med den anatomiske utformingen minimerer hevelse og stimulerer til \u00f8kt muskelaktivitet. Dette resulterer i \u00f8kt stabilitet, mindre smerte under aktivitet, \u00f8kt lokal metabolisme og redusert restitusjonstid. <\/p>\n<p>GenuTrain 8 er den nyeste versjonen, fullpakket med de siste patenterte innovasjonene innen medisinsk kompresjonsteknologi, som gir optimal b\u00e6rekomfort, smertelindring, \u00f8kt ytelse og holdbarhet.<\/p>\n<p>GenuTrain 8 er lettere og mer pustende enn noensinne.<\/p>\n<p>GenuTrain 8 kan brukes b\u00e5de i hverdagen og under fysisk aktivitet med h\u00f8y intensitet.<\/p>\n<p><b>St\u00f8rrelsesguide (se videoen nedenfor for instruksjoner om hvordan du m\u00e5ler riktig)<\/b><\/p>\n<p><strong>M\u00e5l l\u00e5romkretsen 14 cm over midten av kneet med en lett b\u00f8y i kneet, og m\u00e5l leggomkretsen 12 cm fra midten av kneet.<\/strong><\/p>\n<p><img fetchpriority=\"high\" decoding=\"async\" class=\"alignnone wp-image-106991\" src=\"https:\/\/fysiolab.dk\/wp-content\/uploads\/2026\/03\/GenuTrain_480x480-212x300.webp\" alt=\"\" width=\"275\" height=\"389\" title=\"\" srcset=\"https:\/\/fysiolab.dk\/wp-content\/uploads\/2026\/03\/GenuTrain_480x480-212x300.webp 212w, https:\/\/fysiolab.dk\/wp-content\/uploads\/2026\/03\/GenuTrain_480x480.webp 339w\" sizes=\"(max-width: 275px) 100vw, 275px\" \/><\/p>\n<p>&nbsp;<\/p>\n<p><iframe title=\"Opm\u00e5lingsvejledning til Bauerfeind kn\u00e6bandager\" width=\"800\" height=\"450\" src=\"https:\/\/www.youtube.com\/embed\/6065THzZgT0?feature=oembed\" frameborder=\"0\" allow=\"accelerometer; autoplay; clipboard-write; encrypted-media; gyroscope; picture-in-picture; web-share\" referrerpolicy=\"strict-origin-when-cross-origin\" allowfullscreen><\/iframe><\/p>\n<p><b>  Indikasjoner:  <\/b><\/p>\n<p>- Irritasjonstilstander (tendomyopati, ligamentose, meniskirritasjon, artrose, leddgikt, posttraumatisk og postoperativ)<\/p>\n<p>- F\u00f8lelse av ustabilitet<\/p>\n<p><b>Kjennetegn:<\/b><\/p>\n<p>* Muskel- og seneskader<\/p>\n<p>* Skader p\u00e5 leddb\u00e5nd<\/p>\n<p>* Meniskskader (stabile)<\/p>\n<p>* Kroniske og posttraumatiske irritasjoner etter ukompliserte leddbrudd<\/p>\n<p>* F\u00f8r og etter kneoperasjon<\/p>\n<p>* Hevelse i og rundt kneleddet<\/p>\n<p>* Bruskskader, slitasjegikt og leddgikt<\/p>\n<p>* For \u00e5 forebygge nye kneskader<\/p>\n<p>*F\u00f8lelse av ustabilt kneledd<\/p>\n<p><b>Virkem\u00e5te:<\/b><\/p>\n<p>- Omega-puten omfordeler bandasjens kompresjon fra patella til det omkringliggende bl\u00f8tvevet.<\/p>\n<p>- Bevegelsene i kneleddet virker som en massasje p\u00e5 de parapatellare bl\u00f8tvevsstrukturene, takket v\u00e6re den innsatte pelotringen.<\/p>\n<p>- Kompresjon og massasje fremskynder resorpsjonen av \u00f8demer (hevelser) og effusjoner og lindrer smerte.<\/p>\n<p>- Omega-padens trykkpunkter trykker p\u00e5 Hoffas fettlegeme. De avlaster trykket og reduserer smerter i det retropatellare omr\u00e5det. <\/p>\n<p>- De sideveis plasserte vingene p\u00e5 Omega-puten n\u00e5r den fremre delen av menisklageret og bidrar til \u00e5 lindre smerte gjennom vekslende kompresjon.<\/p>\n<p>- Kompleks stimulering av proprioseptorene via bandasjen har en positiv effekt p\u00e5 den ensomotoriske kontrollen og dermed p\u00e5 den belastningssikre kontrollen av musklene.<\/p>\n<p>https:\/\/www.youtube.com\/watch?v=08gnV8f5fTA<\/p>\n<p>&nbsp;<\/p>\n","protected":false},"excerpt":{"rendered":"<p><strong>GenuTrain fra Bauerfeind er en kompresjonsbandasje som bidrar til \u00e5 lindre milde knesmerter. Anbefales ved meniskskader, leddb\u00e5ndskader og ustabilitet i kneet. <\/strong><\/p>\n","protected":false},"featured_media":84454,"comment_status":"closed","ping_status":"closed","template":"","meta":{"_acf_changed":false},"product_brand":[3090],"product_cat":[1981,2287,2734,2354,1974,2489,1978,1975,1979,1937,1976,1933],"product_tag":[3249,2356],"class_list":{"0":"post-84402","1":"product","2":"type-product","3":"status-publish","4":"has-post-thumbnail","6":"product_brand-bauerfeind","7":"product_cat-artrose-menisk-bruskskade","8":"product_cat-bakerens-cyste","9":"product_cat-bauerfeind-knestoette","10":"product_cat-bondetamp","11":"product_cat-forstuet-kne","12":"product_cat-knebeskytter-for-sport","13":"product_cat-knestoetter","14":"product_cat-lett-ustabilitet-ustabil","15":"product_cat-menisk-no","16":"product_cat-merkevarer","17":"product_cat-overbelastning-no","18":"product_cat-skinner-og-stoetteskinner","19":"product_tag-bauerfeind-knestoette-1","20":"product_tag-bondetamp","22":"first","23":"instock","24":"taxable","25":"shipping-taxable","26":"purchasable","27":"product-type-variable"},"acf":[],"_links":{"self":[{"href":"https:\/\/fysiolab.dk\/no\/wp-json\/wp\/v2\/product\/84402","targetHints":{"allow":["GET"]}}],"collection":[{"href":"https:\/\/fysiolab.dk\/no\/wp-json\/wp\/v2\/product"}],"about":[{"href":"https:\/\/fysiolab.dk\/no\/wp-json\/wp\/v2\/types\/product"}],"replies":[{"embeddable":true,"href":"https:\/\/fysiolab.dk\/no\/wp-json\/wp\/v2\/comments?post=84402"}],"wp:featuredmedia":[{"embeddable":true,"href":"https:\/\/fysiolab.dk\/no\/wp-json\/wp\/v2\/media\/84454"}],"wp:attachment":[{"href":"https:\/\/fysiolab.dk\/no\/wp-json\/wp\/v2\/media?parent=84402"}],"wp:term":[{"taxonomy":"product_brand","embeddable":true,"href":"https:\/\/fysiolab.dk\/no\/wp-json\/wp\/v2\/product_brand?post=84402"},{"taxonomy":"product_cat","embeddable":true,"href":"https:\/\/fysiolab.dk\/no\/wp-json\/wp\/v2\/product_cat?post=84402"},{"taxonomy":"product_tag","embeddable":true,"href":"https:\/\/fysiolab.dk\/no\/wp-json\/wp\/v2\/product_tag?post=84402"}],"curies":[{"name":"wp","href":"https:\/\/api.w.org\/{rel}","templated":true}]}}