{"id":84462,"date":"2025-04-17T15:19:22","date_gmt":"2025-04-17T13:19:22","guid":{"rendered":"https:\/\/fysiolab.dk\/product\/kinesio-cross-tape-k-active-20x30mm-180stk\/"},"modified":"2025-12-18T09:20:32","modified_gmt":"2025-12-18T08:20:32","slug":"kinesio-cross-tape-k-active-20x30mm-180stk","status":"publish","type":"product","link":"https:\/\/fysiolab.dk\/no\/product\/kinesio-cross-tape-k-active-20x30mm-180stk\/","title":{"rendered":"Kinesio Cross Tape K-ACTIVE 20x30mm (180 stk.)"},"content":{"rendered":"<p><strong>Kinesio Cross Tape K-ACTIVE 20&#215;30 mm - 180 stk.<\/strong><\/p>\n<p>Effektiv smertelindring og st\u00f8tte med Cross Tape<\/p>\n<p><strong>Produktbeskrivelse:<\/strong><br \/>\nKinesio Cross Tape K-ACTIVE 20&#215;30 mm er en tape av h\u00f8y kvalitet som er utviklet for \u00e5 gi smertelindring og st\u00f8tte til muskler, ledd og vev. Denne tapen har et kryssm\u00f8nster som etterligner effekten av akupunktur ved \u00e5 stimulere spesifikke punkter p\u00e5 huden, noe som bidrar til \u00e5 lindre smerte, fremme blodsirkulasjonen og st\u00f8tte helingsprosessen. <\/p>\n<p><strong>Fordeler:<\/strong><\/p>\n<ul>\n<li>Smertelindrende effekt: Cross Tape aktiverer nervepunkter og fremmer frigj\u00f8ring av endorfiner, kroppens naturlige smertestillende midler.<\/li>\n<li>Akupunkturlignende effekt: Teipen brukes til \u00e5 stimulere akupunkturpunkter og triggerpunkter, noe som kan lindre muskelspenninger og smerter.<\/li>\n<li>\u00d8ker blodsirkulasjonen: Fremmer tilheling ved \u00e5 \u00f8ke blodstr\u00f8mmen til de behandlede omr\u00e5dene.<\/li>\n<li>Fleksibel og pustende: Tilpasser seg kroppens bevegelser og kan brukes under fysisk aktivitet uten \u00e5 begrense bevegelsesfriheten.<\/li>\n<li>Vannavvisende: Teipen er ideell for bruk under sport eller n\u00e5r du svetter, ettersom den holder seg p\u00e5 plass uten \u00e5 bli p\u00e5virket av fuktighet.<\/li>\n<\/ul>\n<p><strong>St\u00f8rrelse:<\/strong> 20 x 30 mm per stykke - perfekt for m\u00e5lrettet teiping av sm\u00e5, spesifikke omr\u00e5der som muskler, ledd eller triggerpunkter.<\/p>\n<p><strong>Pakken inneholder:<\/strong> 180 stykker - ideelt for b\u00e5de profesjonelle ut\u00f8vere og hjemmebruk.<\/p>\n<p><strong>Du finner f\u00f8lgende st\u00f8rrelser nedenfor:<\/strong><\/p>\n<p><a href=\"https:\/\/fysiolab.dk\/no\/product\/kinesio-cross-tape-k-active-28-x-36-mm-120-stk\/\"><strong>Kinesio Cross Tape K-ACTIVE 28x36mm 120 stk.<\/strong><\/a><\/p>\n<p><a href=\"https:\/\/fysiolab.dk\/no\/product\/kinesio-cross-tape-k-active-44-x-52-mm-40-stk\/\"><strong>Kinesio Cross Tape K-ACTIVE 44x56mm 40 stk<\/strong><\/a><\/p>\n<p><strong>Slik bruker du den:<\/strong><br \/>\nP\u00e5f\u00f8r Kinesio Cross Tape p\u00e5 de \u00f8nskede punktene der det er behov for smertelindring eller st\u00f8tte. Teipen kan brukes p\u00e5 muskler, ledd og akupunkturpunkter for \u00e5 lindre smerte og fremme tilheling. Teipen kan ogs\u00e5 brukes under fysisk aktivitet for \u00e5 st\u00f8tte kroppen uten \u00e5 begrense bevegelsene.  <\/p>\n","protected":false},"excerpt":{"rendered":"<p><strong>Kinesio Cross Tape K-ACTIVE 20&#215;30 mm er en tape av h\u00f8y kvalitet som er utviklet for \u00e5 gi smertelindring og st\u00f8tte til muskler, ledd og vev. Teipen har et kryssm\u00f8nster som etterligner effekten av akupunktur ved \u00e5 stimulere spesifikke punkter p\u00e5 huden, noe som bidrar til \u00e5 lindre smerte, fremme blodsirkulasjonen og st\u00f8tte helingsprosessen. <\/strong><\/p>\n","protected":false},"featured_media":84463,"comment_status":"closed","ping_status":"closed","template":"","meta":{"_acf_changed":false},"product_brand":[],"product_cat":[2435,1948,1937,1941,2440,2087],"product_tag":[2769,1944],"class_list":{"0":"post-84462","1":"product","2":"type-product","3":"status-publish","4":"has-post-thumbnail","6":"product_cat-kinesio-no","7":"product_cat-klinikk","8":"product_cat-merkevarer","9":"product_cat-rekonvalesens-og-sportspleie","10":"product_cat-sportsteip","11":"product_cat-tape-no-2","12":"product_tag-k-aktiv","13":"product_tag-rehabmedic-no","15":"first","16":"instock","17":"taxable","18":"shipping-taxable","19":"purchasable","20":"product-type-simple"},"acf":[],"_links":{"self":[{"href":"https:\/\/fysiolab.dk\/no\/wp-json\/wp\/v2\/product\/84462","targetHints":{"allow":["GET"]}}],"collection":[{"href":"https:\/\/fysiolab.dk\/no\/wp-json\/wp\/v2\/product"}],"about":[{"href":"https:\/\/fysiolab.dk\/no\/wp-json\/wp\/v2\/types\/product"}],"replies":[{"embeddable":true,"href":"https:\/\/fysiolab.dk\/no\/wp-json\/wp\/v2\/comments?post=84462"}],"wp:featuredmedia":[{"embeddable":true,"href":"https:\/\/fysiolab.dk\/no\/wp-json\/wp\/v2\/media\/84463"}],"wp:attachment":[{"href":"https:\/\/fysiolab.dk\/no\/wp-json\/wp\/v2\/media?parent=84462"}],"wp:term":[{"taxonomy":"product_brand","embeddable":true,"href":"https:\/\/fysiolab.dk\/no\/wp-json\/wp\/v2\/product_brand?post=84462"},{"taxonomy":"product_cat","embeddable":true,"href":"https:\/\/fysiolab.dk\/no\/wp-json\/wp\/v2\/product_cat?post=84462"},{"taxonomy":"product_tag","embeddable":true,"href":"https:\/\/fysiolab.dk\/no\/wp-json\/wp\/v2\/product_tag?post=84462"}],"curies":[{"name":"wp","href":"https:\/\/api.w.org\/{rel}","templated":true}]}}