{"id":84468,"date":"2025-04-17T14:55:02","date_gmt":"2025-04-17T12:55:02","guid":{"rendered":"https:\/\/fysiolab.dk\/product\/burncare-relieve-burn-gel-50-ml\/"},"modified":"2025-12-18T09:20:32","modified_gmt":"2025-12-18T08:20:32","slug":"burncare-relieve-burn-gel-50-ml","status":"publish","type":"product","link":"https:\/\/fysiolab.dk\/no\/product\/burncare-relieve-burn-gel-50-ml\/","title":{"rendered":"Burncare Relieve Burn Gel - 50 ml"},"content":{"rendered":"<p><strong>Burncare Relieve Burn Gel - 50 ml<\/strong><\/p>\n<p>Beroligende gel for branns\u00e5r, solbrenthet, insektstikk og -bitt<\/p>\n<p><strong>Produktbeskrivelse:<\/strong><br \/>\nBurncare Relieve Burn Gel er en effektiv kj\u00f8lende gel for rask f\u00f8rstehjelp ved mindre hudskader som brannskader, solbrenthet, insektstikk og -bitt. Den vannbaserte gelen gir umiddelbar smertelindring og kj\u00f8ling, samtidig som den absorberer bakterier og bidrar til \u00e5 holde det ber\u00f8rte omr\u00e5det rent og fuktig. <\/p>\n<p>Gelen danner en beskyttende barriere som holder huden fuktig og beskyttet i opptil 24 timer - noe som bidrar til raskere og jevnere tilheling.<\/p>\n<p><strong>Innhold og sammensetning:<\/strong><\/p>\n<ul>\n<li>90+ % vann - naturlig og effektiv kj\u00f8ling<\/li>\n<li>Tea tree oil - antibakteriell effekt og st\u00f8tte for hudens regenerering<\/li>\n<li>Karbomer og propylenglykol - sikrer fuktighet og en behagelig gelkonsistens<\/li>\n<\/ul>\n<p><strong>Fordeler:<\/strong><\/p>\n<ul>\n<li>Kan brukes ved brannskader, solbrenthet, insektstikk og -bitt<\/li>\n<li>Absorberer bakterier og holder s\u00e5ret rent<\/li>\n<li>Varer i opptil 24 timer og danner en beskyttende barriere<\/li>\n<li>Ikke-klebrig, fargel\u00f8s og enkel \u00e5 p\u00e5f\u00f8re<\/li>\n<li>Perfekt for f\u00f8rstehjelpsskrinet, reisevesken eller bilen<\/li>\n<\/ul>\n<p>P\u00e5f\u00f8ring<strong>:<\/strong><br \/>\nP\u00e5f\u00f8r et tynt lag med gel direkte p\u00e5 det ber\u00f8rte omr\u00e5det - uten \u00e5 gni. Gjenta etter behov, eller dekk til med en steril kompress for ekstra beskyttelse. Ved st\u00f8rre eller alvorlige branns\u00e5r, kontakt lege.  <\/p>\n","protected":false},"excerpt":{"rendered":"<p><strong>Burncare Relieve Burn Gel er en effektiv kj\u00f8lende gel for rask f\u00f8rstehjelp ved mindre hudskader som brannskader, solbrenthet, insektstikk og -bitt. Den vannbaserte gelen gir umiddelbar smertelindring og kj\u00f8ling, samtidig som den absorberer bakterier og bidrar til \u00e5 holde det ber\u00f8rte omr\u00e5det rent og fuktig. <\/strong><\/p>\n<p>&nbsp;<\/p>\n","protected":false},"featured_media":84469,"comment_status":"closed","ping_status":"closed","template":"","meta":{"_acf_changed":false},"product_brand":[3117],"product_cat":[2770,1942,1937,1941],"product_tag":[2771],"class_list":{"0":"post-84468","1":"product","2":"type-product","3":"status-publish","4":"has-post-thumbnail","6":"product_brand-burncare","7":"product_cat-burncare-no","8":"product_cat-foerstehjelp","9":"product_cat-merkevarer","10":"product_cat-rekonvalesens-og-sportspleie","11":"product_tag-burncare-no","13":"first","14":"instock","15":"taxable","16":"shipping-taxable","17":"purchasable","18":"product-type-simple"},"acf":[],"_links":{"self":[{"href":"https:\/\/fysiolab.dk\/no\/wp-json\/wp\/v2\/product\/84468","targetHints":{"allow":["GET"]}}],"collection":[{"href":"https:\/\/fysiolab.dk\/no\/wp-json\/wp\/v2\/product"}],"about":[{"href":"https:\/\/fysiolab.dk\/no\/wp-json\/wp\/v2\/types\/product"}],"replies":[{"embeddable":true,"href":"https:\/\/fysiolab.dk\/no\/wp-json\/wp\/v2\/comments?post=84468"}],"wp:featuredmedia":[{"embeddable":true,"href":"https:\/\/fysiolab.dk\/no\/wp-json\/wp\/v2\/media\/84469"}],"wp:attachment":[{"href":"https:\/\/fysiolab.dk\/no\/wp-json\/wp\/v2\/media?parent=84468"}],"wp:term":[{"taxonomy":"product_brand","embeddable":true,"href":"https:\/\/fysiolab.dk\/no\/wp-json\/wp\/v2\/product_brand?post=84468"},{"taxonomy":"product_cat","embeddable":true,"href":"https:\/\/fysiolab.dk\/no\/wp-json\/wp\/v2\/product_cat?post=84468"},{"taxonomy":"product_tag","embeddable":true,"href":"https:\/\/fysiolab.dk\/no\/wp-json\/wp\/v2\/product_tag?post=84468"}],"curies":[{"name":"wp","href":"https:\/\/api.w.org\/{rel}","templated":true}]}}