{"id":84477,"date":"2025-04-15T20:23:53","date_gmt":"2025-04-15T18:23:53","guid":{"rendered":"https:\/\/fysiolab.dk\/product\/sveltus-suspension-trainer\/"},"modified":"2025-12-18T09:20:33","modified_gmt":"2025-12-18T08:20:33","slug":"sveltus-suspension-trainer","status":"publish","type":"product","link":"https:\/\/fysiolab.dk\/no\/product\/sveltus-suspension-trainer\/","title":{"rendered":"Sveltus Suspension trainer"},"content":{"rendered":"<p><strong>Sveltus Suspension Trainer - din mobile treningspartner for funksjonell styrketrening<\/strong><\/p>\n<p>Tren hvor som helst - n\u00e5r som helst - med Sveltus Suspension Trainer. Dette allsidige utstyret bruker din egen kroppsvekt som motstand og lar deg utf\u00f8re hundrevis av funksjonelle \u00f8velser som aktiverer hele kroppen. Den er ideell for b\u00e5de nybegynnere og erfarne idrettsut\u00f8vere som \u00f8nsker en effektiv og utfordrende trenings\u00f8kt.  <\/p>\n<p>Oppheng til slyngetreneren kan kj\u00f8pes her: <a href=\"https:\/\/fysiolab.dk\/no\/product\/sveltus-x-mount-for-slyngetrening\/\"><strong>X-Mount-oppheng fra Sveltus <\/strong><\/a> <\/p>\n<p>Enten du fokuserer p\u00e5 kjernestyrke, stabilitet, balanse eller eksplosiv muskelkraft, kan du tilpasse \u00f8velsene til akkurat ditt niv\u00e5 - bare ved \u00e5 endre vinkelen eller posisjonen til kroppen din. Den justerbare lengden (117-160 cm) sikrer at du f\u00e5r riktig oppsett for trenings\u00f8kten din, og den kompakte st\u00f8rrelsen gj\u00f8r den enkel \u00e5 ta med i vesken. <\/p>\n<p>Sveltus Suspension Trainer er laget av slitesterke materialer som t\u00e5ler en belastning p\u00e5 opptil 200 kg. Den 4 cm brede stroppen gir stabilitet og komfort under \u00f8velsene, og det smarte forankringssystemet gj\u00f8r det enkelt \u00e5 montere treneren i d\u00f8r\u00e5pninger, p\u00e5 treningsstativ eller utend\u00f8rs - alt etter dine behov. <\/p>\n<p><strong>Fordeler med Sveltus Suspension Trainer:<\/strong><\/p>\n<ul>\n<li>Tren hele kroppen med din egen kroppsvekt<\/li>\n<li>Perfekt for styrke, stabilitet og bevegelighet<\/li>\n<li>Enkel \u00e5 justere og transportere<\/li>\n<li>Solid og slitesterk konstruksjon - maks belastning 200 kg<\/li>\n<li>Enkel \u00e5 sette opp - bruk den hjemme, p\u00e5 treningssenteret eller utend\u00f8rs<\/li>\n<li>Ideell for funksjonell trening, rehabilitering og HIIT<\/li>\n<\/ul>\n<p>Enten du er idrettsut\u00f8ver, personlig trener, fysioterapeut eller bare \u00f8nsker \u00e5 ta hjemmetreningen din til nye h\u00f8yder, er Sveltus Suspension Trainer en trygg investering i styrke og helse.<\/p>\n","protected":false},"excerpt":{"rendered":"<p><strong>Sveltus Suspension Trainer - din mobile treningspartner for funksjonell styrketrening<\/strong><\/p>\n<p><strong>Tren hvor som helst - n\u00e5r som helst - med Sveltus Suspension Trainer. Dette allsidige utstyret bruker din egen kroppsvekt som motstand og lar deg utf\u00f8re hundrevis av funksjonelle \u00f8velser som aktiverer hele kroppen. Den er ideell for b\u00e5de nybegynnere og erfarne idrettsut\u00f8vere som \u00f8nsker en effektiv og utfordrende trenings\u00f8kt.  <\/strong><\/p>\n<p>&nbsp;<\/p>\n","protected":false},"featured_media":84480,"comment_status":"closed","ping_status":"closed","template":"","meta":{"_acf_changed":false},"product_brand":[3118],"product_cat":[2221,1937,2773,1945],"product_tag":[2774],"class_list":{"0":"post-84477","1":"product","2":"type-product","3":"status-publish","4":"has-post-thumbnail","6":"product_brand-sveltus","7":"product_cat-annet-treningsutstyr","8":"product_cat-merkevarer","9":"product_cat-sweltus","10":"product_cat-treningsutstyr","11":"product_tag-sweltus","13":"first","14":"instock","15":"taxable","16":"shipping-taxable","17":"purchasable","18":"product-type-simple"},"acf":[],"_links":{"self":[{"href":"https:\/\/fysiolab.dk\/no\/wp-json\/wp\/v2\/product\/84477","targetHints":{"allow":["GET"]}}],"collection":[{"href":"https:\/\/fysiolab.dk\/no\/wp-json\/wp\/v2\/product"}],"about":[{"href":"https:\/\/fysiolab.dk\/no\/wp-json\/wp\/v2\/types\/product"}],"replies":[{"embeddable":true,"href":"https:\/\/fysiolab.dk\/no\/wp-json\/wp\/v2\/comments?post=84477"}],"wp:featuredmedia":[{"embeddable":true,"href":"https:\/\/fysiolab.dk\/no\/wp-json\/wp\/v2\/media\/84480"}],"wp:attachment":[{"href":"https:\/\/fysiolab.dk\/no\/wp-json\/wp\/v2\/media?parent=84477"}],"wp:term":[{"taxonomy":"product_brand","embeddable":true,"href":"https:\/\/fysiolab.dk\/no\/wp-json\/wp\/v2\/product_brand?post=84477"},{"taxonomy":"product_cat","embeddable":true,"href":"https:\/\/fysiolab.dk\/no\/wp-json\/wp\/v2\/product_cat?post=84477"},{"taxonomy":"product_tag","embeddable":true,"href":"https:\/\/fysiolab.dk\/no\/wp-json\/wp\/v2\/product_tag?post=84477"}],"curies":[{"name":"wp","href":"https:\/\/api.w.org\/{rel}","templated":true}]}}