{"id":84486,"date":"2025-04-03T19:54:45","date_gmt":"2025-04-03T17:54:45","guid":{"rendered":"https:\/\/fysiolab.dk\/product\/sveltus-x-mount-for-slyngetrening\/"},"modified":"2025-12-18T09:20:34","modified_gmt":"2025-12-18T08:20:34","slug":"sveltus-x-mount-for-slyngetrening","status":"publish","type":"product","link":"https:\/\/fysiolab.dk\/no\/product\/sveltus-x-mount-for-slyngetrening\/","title":{"rendered":"Sveltus X-Mount for slyngetrening"},"content":{"rendered":"<p><strong>Sveltus X-Mount for slyngetrening - Sterkt opphengsfeste \u00d8 12 cm<\/strong><\/p>\n<p>Sveltus X-Mount er et robust og p\u00e5litelig vegg- eller takfeste som gj\u00f8r at du kan montere TRX eller andre suspensjonstrenere p\u00e5 en sikker m\u00e5te. Med dette festet f\u00e5r du et solid grunnlag for effektiv slyngetrening uansett hvor du trener. <\/p>\n<p><a href=\"https:\/\/fysiolab.dk\/no\/product\/sveltus-suspension-trainer\/\"><strong>Kj\u00f8p din slyngetrener fra Sveluts her!<\/strong><\/a><\/p>\n<p><strong>Fordeler med Sveltus X-Mount for trening i slynge:<\/strong><\/p>\n<ul>\n<li>Kraftig <strong>materiale<\/strong> - Laget av sterkt og slitesterkt materiale som t\u00e5ler intensiv trening.<\/li>\n<li><strong>Enkel<\/strong> montering - De medf\u00f8lgende skruene gj\u00f8r monteringen rask og enkel, slik at du kan komme i gang med treningen med en gang.<\/li>\n<li><strong>\u00d812 cm<\/strong> - Passer til de fleste suspensjonstrenere som TRX og andre merker, noe som gir fleksibilitet i valg av utstyr.<\/li>\n<li><strong>T\u00e5ler tung belastning<\/strong> - Designet for \u00e5 sikre at opphenget er stabilt og sikkert under trening.<\/li>\n<\/ul>\n<p>Sveltus X-Mount er den ideelle l\u00f8sningen for deg som \u00f8nsker \u00e5 integrere slyngetrening i hjemmet eller p\u00e5 treningssenteret. Den sterke fj\u00e6ringen gj\u00f8r at du kan trene effektivt og trygt, uansett om du er nybegynner eller erfaren fitnessentusiast. <\/p>\n","protected":false},"excerpt":{"rendered":"<p><strong>Sveltus X-Mount er et robust og p\u00e5litelig vegg- eller takfeste som gj\u00f8r at du kan montere TRX eller andre suspensjonstrenere p\u00e5 en sikker m\u00e5te. Med dette festet f\u00e5r du et solid grunnlag for effektiv slyngetrening uansett hvor du trener. <\/strong><\/p>\n","protected":false},"featured_media":84492,"comment_status":"closed","ping_status":"closed","template":"","meta":{"_acf_changed":false},"product_brand":[3118],"product_cat":[2221,1937,2773,1945,2211,2212,2611],"product_tag":[2774],"class_list":{"0":"post-84486","1":"product","2":"type-product","3":"status-publish","4":"has-post-thumbnail","6":"product_brand-sveltus","7":"product_cat-annet-treningsutstyr","8":"product_cat-merkevarer","9":"product_cat-sweltus","10":"product_cat-treningsutstyr","11":"product_cat-trx-no","12":"product_cat-trx-no-2","13":"product_cat-trx-fjaeringsloesninger","14":"product_tag-sweltus","16":"first","17":"instock","18":"taxable","19":"shipping-taxable","20":"purchasable","21":"product-type-simple"},"acf":[],"_links":{"self":[{"href":"https:\/\/fysiolab.dk\/no\/wp-json\/wp\/v2\/product\/84486","targetHints":{"allow":["GET"]}}],"collection":[{"href":"https:\/\/fysiolab.dk\/no\/wp-json\/wp\/v2\/product"}],"about":[{"href":"https:\/\/fysiolab.dk\/no\/wp-json\/wp\/v2\/types\/product"}],"replies":[{"embeddable":true,"href":"https:\/\/fysiolab.dk\/no\/wp-json\/wp\/v2\/comments?post=84486"}],"wp:featuredmedia":[{"embeddable":true,"href":"https:\/\/fysiolab.dk\/no\/wp-json\/wp\/v2\/media\/84492"}],"wp:attachment":[{"href":"https:\/\/fysiolab.dk\/no\/wp-json\/wp\/v2\/media?parent=84486"}],"wp:term":[{"taxonomy":"product_brand","embeddable":true,"href":"https:\/\/fysiolab.dk\/no\/wp-json\/wp\/v2\/product_brand?post=84486"},{"taxonomy":"product_cat","embeddable":true,"href":"https:\/\/fysiolab.dk\/no\/wp-json\/wp\/v2\/product_cat?post=84486"},{"taxonomy":"product_tag","embeddable":true,"href":"https:\/\/fysiolab.dk\/no\/wp-json\/wp\/v2\/product_tag?post=84486"}],"curies":[{"name":"wp","href":"https:\/\/api.w.org\/{rel}","templated":true}]}}