{"id":84500,"date":"2025-04-03T19:35:42","date_gmt":"2025-04-03T17:35:42","guid":{"rendered":"https:\/\/fysiolab.dk\/product\/rehabmedic-open-patella-knebrace\/"},"modified":"2025-12-18T09:20:34","modified_gmt":"2025-12-18T08:20:34","slug":"rehabmedic-open-patella-knebrace","status":"publish","type":"product","link":"https:\/\/fysiolab.dk\/no\/product\/rehabmedic-open-patella-knebrace\/","title":{"rendered":"RehabMedic Open Patella Knebrace"},"content":{"rendered":"<p><strong>RehabMedic Open Patella Knee Brace - Optimal st\u00f8tte og avlastning for kneet<\/strong><\/p>\n<p>RehabMedic Open Patella Knee Brace er utviklet for \u00e5 gi effektiv st\u00f8tte og komfort ved knesmerter og overbelastning. Den har en universell st\u00f8rrelse som kan tilpasses den enkelte, noe som gj\u00f8r den ideell for b\u00e5de rehabilitering og smertelindring. <\/p>\n<p><strong>Fordeler med RehabMedic Open Patella Knebrace:<\/strong><\/p>\n<ul>\n<li><strong>Universell st\u00f8rrelse<\/strong> - kan tilpasses for en skreddersydd passform for de fleste brukere.<\/li>\n<li><strong>\u00c5pen patelladesign<\/strong> - \u00f8ker stabiliteten ved knesk\u00e5len og gir m\u00e5lrettet st\u00f8tte til patella.<\/li>\n<li><strong>Silikonring<\/strong> - Den indre silikonringen rundt knesk\u00e5len gir effektiv avlastning og st\u00f8tte, noe som bidrar til \u00e5 redusere smerte og trykk.<\/li>\n<li><strong>Egnet for overbelastning og knesmerter<\/strong> - Ideell for behandling av uspesifikke smerter i fremre del av kneet, overbelastning og mild ustabilitet i kneet.<\/li>\n<li><strong>Komfortabel og fleksibel<\/strong> - Designet for \u00e5 gi god st\u00f8tte uten \u00e5 begrense bevegelsesfriheten, noe som gj\u00f8r den egnet for b\u00e5de sport og hverdagsbruk.<\/li>\n<\/ul>\n<p>RehabMedic Open Patella Knee Brace er det perfekte valget for deg som \u00f8nsker lindring og st\u00f8tte ved knesmerter eller mild ustabilitet i kneet. Med sin innovative design og justerbare passform kan du fortsette aktivitetene dine med \u00f8kt selvtillit og komfort. <\/p>\n","protected":false},"excerpt":{"rendered":"<p><strong>RehabMedic Open Patella Knee Brace er utviklet for \u00e5 gi effektiv st\u00f8tte og komfort ved knesmerter og overbelastning. Den har en universell st\u00f8rrelse som kan tilpasses den enkelte, noe som gj\u00f8r den ideell for b\u00e5de rehabilitering og smertelindring. <\/strong><\/p>\n","protected":false},"featured_media":95906,"comment_status":"closed","ping_status":"closed","template":"","meta":{"_acf_changed":false},"product_brand":[],"product_cat":[1974,1978,1975,1937,2009,1976,1943,1933,2200,2016],"product_tag":[1944],"class_list":{"0":"post-84500","1":"product","2":"type-product","3":"status-publish","4":"has-post-thumbnail","6":"product_cat-forstuet-kne","7":"product_cat-knestoetter","8":"product_cat-lett-ustabilitet-ustabil","9":"product_cat-merkevarer","10":"product_cat-osgood-snakk","11":"product_cat-overbelastning-no","12":"product_cat-rehabmedic-no","13":"product_cat-skinner-og-stoetteskinner","14":"product_cat-uspesifikke-smerter-i-fremre-del-av-kneet","15":"product_cat-uttak","16":"product_tag-rehabmedic-no","18":"first","19":"instock","20":"sale","21":"taxable","22":"shipping-taxable","23":"purchasable","24":"product-type-simple"},"acf":[],"_links":{"self":[{"href":"https:\/\/fysiolab.dk\/no\/wp-json\/wp\/v2\/product\/84500","targetHints":{"allow":["GET"]}}],"collection":[{"href":"https:\/\/fysiolab.dk\/no\/wp-json\/wp\/v2\/product"}],"about":[{"href":"https:\/\/fysiolab.dk\/no\/wp-json\/wp\/v2\/types\/product"}],"replies":[{"embeddable":true,"href":"https:\/\/fysiolab.dk\/no\/wp-json\/wp\/v2\/comments?post=84500"}],"wp:featuredmedia":[{"embeddable":true,"href":"https:\/\/fysiolab.dk\/no\/wp-json\/wp\/v2\/media\/95906"}],"wp:attachment":[{"href":"https:\/\/fysiolab.dk\/no\/wp-json\/wp\/v2\/media?parent=84500"}],"wp:term":[{"taxonomy":"product_brand","embeddable":true,"href":"https:\/\/fysiolab.dk\/no\/wp-json\/wp\/v2\/product_brand?post=84500"},{"taxonomy":"product_cat","embeddable":true,"href":"https:\/\/fysiolab.dk\/no\/wp-json\/wp\/v2\/product_cat?post=84500"},{"taxonomy":"product_tag","embeddable":true,"href":"https:\/\/fysiolab.dk\/no\/wp-json\/wp\/v2\/product_tag?post=84500"}],"curies":[{"name":"wp","href":"https:\/\/api.w.org\/{rel}","templated":true}]}}