{"id":84521,"date":"2025-04-03T19:15:07","date_gmt":"2025-04-03T17:15:07","guid":{"rendered":"https:\/\/fysiolab.dk\/product\/rehabmedic-albuebandasje\/"},"modified":"2025-12-18T09:20:34","modified_gmt":"2025-12-18T08:20:34","slug":"rehabmedic-albuebandasje","status":"publish","type":"product","link":"https:\/\/fysiolab.dk\/no\/product\/rehabmedic-albuebandasje\/","title":{"rendered":"RehabMedic Albuebandasje"},"content":{"rendered":"<p><strong>RehabMedic Albueskinne - Justerbar st\u00f8tte og smertelindring<\/strong><\/p>\n<p>RehabMedic Elbow Support er utviklet for \u00e5 gi m\u00e5lrettet st\u00f8tte og kompresjon til albueleddet og musklene rundt det. Den er ideell for b\u00e5de forebygging og smertelindring ved tilstander som tennisalbue og golfalbue. <\/p>\n<p><strong>Fordelene med RehabMedic Albuest\u00f8tte:<\/strong><\/p>\n<ul>\n<li><strong>Justerbar passform<\/strong> - borrel\u00e5sstropper gj\u00f8r det enkelt \u00e5 tilpasse st\u00f8tten etter behov.<\/li>\n<li><strong>Effektiv kompresjon<\/strong> - reduserer belastningen p\u00e5 albueleddet og minimerer smerte.<\/li>\n<li><strong>Forebygger og behandler<\/strong> - Anbefales b\u00e5de ved symptomer p\u00e5 tennis- og golfalbue og for \u00e5 forebygge belastningsskader.<\/li>\n<li><strong>Komfortabel og fleksibel<\/strong> - kan brukes hele dagen uten \u00e5 begrense bevegelsesfriheten.<\/li>\n<li><strong>Egnet for sport og daglig bruk<\/strong> - Ideell for personer som utsetter albuen for repetitiv belastning, for eksempel tennisspillere, golfere og h\u00e5ndverkere.<\/li>\n<\/ul>\n<p>RehabMedic Albue Brace gir deg den st\u00f8tten du trenger for \u00e5 kunne fortsette med aktivitetene dine uten un\u00f8dvendig smerte eller ubehag.<\/p>\n","protected":false},"excerpt":{"rendered":"<p><strong>RehabMedic Elbow Support er utviklet for \u00e5 gi m\u00e5lrettet st\u00f8tte og kompresjon til albueleddet og musklene rundt det. Den er ideell for b\u00e5de forebygging og smertelindring ved tilstander som tennisalbue og golfalbue. <\/strong><\/p>\n","protected":false},"featured_media":84523,"comment_status":"closed","ping_status":"closed","template":"","meta":{"_acf_changed":false},"product_brand":[],"product_cat":[1932,1935,1937,1943,1933,1934,2016],"product_tag":[1944],"class_list":{"0":"post-84521","1":"product","2":"type-product","3":"status-publish","4":"has-post-thumbnail","6":"product_cat-albue-no","7":"product_cat-golfalbue-no","8":"product_cat-merkevarer","9":"product_cat-rehabmedic-no","10":"product_cat-skinner-og-stoetteskinner","11":"product_cat-tennisalbue-no","12":"product_cat-uttak","13":"product_tag-rehabmedic-no","15":"first","16":"instock","17":"taxable","18":"shipping-taxable","19":"purchasable","20":"product-type-simple"},"acf":[],"_links":{"self":[{"href":"https:\/\/fysiolab.dk\/no\/wp-json\/wp\/v2\/product\/84521","targetHints":{"allow":["GET"]}}],"collection":[{"href":"https:\/\/fysiolab.dk\/no\/wp-json\/wp\/v2\/product"}],"about":[{"href":"https:\/\/fysiolab.dk\/no\/wp-json\/wp\/v2\/types\/product"}],"replies":[{"embeddable":true,"href":"https:\/\/fysiolab.dk\/no\/wp-json\/wp\/v2\/comments?post=84521"}],"wp:featuredmedia":[{"embeddable":true,"href":"https:\/\/fysiolab.dk\/no\/wp-json\/wp\/v2\/media\/84523"}],"wp:attachment":[{"href":"https:\/\/fysiolab.dk\/no\/wp-json\/wp\/v2\/media?parent=84521"}],"wp:term":[{"taxonomy":"product_brand","embeddable":true,"href":"https:\/\/fysiolab.dk\/no\/wp-json\/wp\/v2\/product_brand?post=84521"},{"taxonomy":"product_cat","embeddable":true,"href":"https:\/\/fysiolab.dk\/no\/wp-json\/wp\/v2\/product_cat?post=84521"},{"taxonomy":"product_tag","embeddable":true,"href":"https:\/\/fysiolab.dk\/no\/wp-json\/wp\/v2\/product_tag?post=84521"}],"curies":[{"name":"wp","href":"https:\/\/api.w.org\/{rel}","templated":true}]}}