{"id":84522,"date":"2025-04-01T21:56:07","date_gmt":"2025-04-01T19:56:07","guid":{"rendered":"https:\/\/fysiolab.dk\/product\/pure2improve-haandgrepstreningssett\/"},"modified":"2025-12-18T09:20:35","modified_gmt":"2025-12-18T08:20:35","slug":"pure2improve-haandgrepstreningssett","status":"publish","type":"product","link":"https:\/\/fysiolab.dk\/no\/product\/pure2improve-haandgrepstreningssett\/","title":{"rendered":"Pure2Improve h\u00e5ndgrepstreningssett"},"content":{"rendered":"<p><strong>Pure2Improve h\u00e5ndgrepstreningssett<\/strong><\/p>\n<p>Pure2Improve Hand Grip Trainer Set er den perfekte l\u00f8sningen for \u00e5 styrke h\u00e5nd-, finger- og underarmmuskulaturen. Settet inneholder to h\u00e5ndgrepstrenere, slik at du kan velge den motstanden som passer best til ditt treningsniv\u00e5 og dine behov. <\/p>\n<p><strong>Det finnes to varianter av dette settet:<\/strong><\/p>\n<ul>\n<li><strong>Medium<\/strong> (10 kg motstand): 4 mm fj\u00e6r, ideell for nybegynnere eller de som \u00f8nsker \u00e5 forbedre grepstyrken med lettere motstand.<\/li>\n<li><strong>Tough<\/strong> (15 kg motstand): 5 mm fj\u00e6r, perfekt for mer erfarne brukere som \u00f8nsker \u00e5 utfordre og styrke h\u00e5ndledd, fingre og underarmer ytterligere.<\/li>\n<\/ul>\n<p>H\u00e5ndgrepstrenerne er ideelle for \u00e5 trene grepsstyrke, noe som er viktig i idretter som klatring og vektl\u00f8fting, samt for rehabilitering av h\u00e5nd- og h\u00e5ndleddsskader. Treningsapparatene bidrar ogs\u00e5 til \u00e5 forbedre blodsirkulasjonen og \u00f8ke muskelstyrken i hender og underarmer. <\/p>\n<p><strong>Fordelene med Pure2Improve Hand Grip Trainer Set:<\/strong><\/p>\n<ul>\n<li>To varianter: Velg mellom middels (10 kg) eller hard (15 kg) motstand for \u00e5 tilpasse treningen til ditt niv\u00e5.<\/li>\n<li>Styrker hender, fingre og underarmer: Effektiv trening av musklene i hender, fingre og underarmer.<\/li>\n<li>Perfekt for idrettsut\u00f8vere og rehabilitering: \u00f8ker gripestyrken og gjenoppbygger hender og underarmer etter skader.<\/li>\n<li>Kompakt og b\u00e6rbar: Lett \u00e5 ta med seg overalt og ideell for hjemmebruk eller p\u00e5 reise.<\/li>\n<\/ul>\n<p>Pure2Improve Hand Grip Trainer Set er en flott m\u00e5te \u00e5 forbedre grepsstyrken og muskelkontrollen p\u00e5, samtidig som du forebygger skader og \u00f8ker prestasjonen i ulike idretter.<\/p>\n","protected":false},"excerpt":{"rendered":"<p><strong>Pure2Improve Hand Grip Trainer Set er den perfekte l\u00f8sningen for \u00e5 styrke h\u00e5nd-, finger- og underarmmuskulaturen. Settet inneholder to h\u00e5ndgrepstrenere, slik at du kan velge den motstanden som passer best til ditt treningsniv\u00e5 og dine behov. <\/strong><\/p>\n","protected":false},"featured_media":84527,"comment_status":"closed","ping_status":"closed","template":"","meta":{"_acf_changed":false},"product_brand":[],"product_cat":[2237,2238,1948,1937,2777,1945],"product_tag":[2778,1944],"class_list":{"0":"post-84522","1":"product","2":"type-product","3":"status-publish","4":"has-post-thumbnail","6":"product_cat-haand-og-fingertrening","7":"product_cat-haand-og-fingertrening-no","8":"product_cat-klinikk","9":"product_cat-merkevarer","10":"product_cat-pure-2-improve-no","11":"product_cat-treningsutstyr","12":"product_tag-p2i-no","13":"product_tag-rehabmedic-no","15":"first","16":"instock","17":"taxable","18":"shipping-taxable","19":"purchasable","20":"product-type-variable"},"acf":[],"_links":{"self":[{"href":"https:\/\/fysiolab.dk\/no\/wp-json\/wp\/v2\/product\/84522","targetHints":{"allow":["GET"]}}],"collection":[{"href":"https:\/\/fysiolab.dk\/no\/wp-json\/wp\/v2\/product"}],"about":[{"href":"https:\/\/fysiolab.dk\/no\/wp-json\/wp\/v2\/types\/product"}],"replies":[{"embeddable":true,"href":"https:\/\/fysiolab.dk\/no\/wp-json\/wp\/v2\/comments?post=84522"}],"wp:featuredmedia":[{"embeddable":true,"href":"https:\/\/fysiolab.dk\/no\/wp-json\/wp\/v2\/media\/84527"}],"wp:attachment":[{"href":"https:\/\/fysiolab.dk\/no\/wp-json\/wp\/v2\/media?parent=84522"}],"wp:term":[{"taxonomy":"product_brand","embeddable":true,"href":"https:\/\/fysiolab.dk\/no\/wp-json\/wp\/v2\/product_brand?post=84522"},{"taxonomy":"product_cat","embeddable":true,"href":"https:\/\/fysiolab.dk\/no\/wp-json\/wp\/v2\/product_cat?post=84522"},{"taxonomy":"product_tag","embeddable":true,"href":"https:\/\/fysiolab.dk\/no\/wp-json\/wp\/v2\/product_tag?post=84522"}],"curies":[{"name":"wp","href":"https:\/\/api.w.org\/{rel}","templated":true}]}}