{"id":84524,"date":"2025-04-03T19:03:11","date_gmt":"2025-04-03T17:03:11","guid":{"rendered":"https:\/\/fysiolab.dk\/product\/active-ankle-t2-ankelskinne\/"},"modified":"2025-12-18T09:20:34","modified_gmt":"2025-12-18T08:20:34","slug":"active-ankle-t2-ankelskinne","status":"publish","type":"product","link":"https:\/\/fysiolab.dk\/no\/product\/active-ankle-t2-ankelskinne\/","title":{"rendered":"Active Ankle T2 Ankelskinne"},"content":{"rendered":"<p><strong>Active Ankle T2 ankelskinne - maksimal stabilitet og komfort i \u00e9n og samme l\u00f8sning<\/strong><\/p>\n<p>Active Ankle T2 er en av de mest p\u00e5litelige ankelbandasjene p\u00e5 markedet og er et foretrukket valg blant b\u00e5de idrettsut\u00f8vere og fysioterapeuter. Den gir god st\u00f8tte og beskyttelse enten du har p\u00e5dratt deg en akutt ankelskade eller \u00f8nsker \u00e5 forebygge skader under idrett og fysisk aktivitet. <\/p>\n<p><strong>Fordeler med aktiv ankel T2:<\/strong><\/p>\n<ul>\n<li><strong>Effektiv beskyttelse og st\u00f8tte<\/strong> - utformet for \u00e5 stabilisere ankelen og redusere risikoen for vridninger, forstuinger og overbelastninger.<\/li>\n<li><strong>Komfortabel passform<\/strong> - Den lette og anatomisk formede skinnen sitter godt rundt ankelen uten \u00e5 begrense bevegelsesfriheten un\u00f8dig.<\/li>\n<li><strong>Passer perfekt i sko<\/strong> - Skinnen er slank og fleksibel nok til \u00e5 passe i de fleste sports- og fritidssko, slik at du kan bevege deg naturlig.<\/li>\n<li><strong>Egnet for b\u00e5de behandling og forebygging<\/strong> - Ideell for rehabilitering etter skader og som et beskyttende tiltak under sportsaktiviteter med h\u00f8y belastning p\u00e5 anklene.<\/li>\n<li><strong>Kan brukes p\u00e5 begge f\u00f8tter<\/strong> - Fleksibel design gj\u00f8r det enkelt \u00e5 bruke skinnen p\u00e5 b\u00e5de h\u00f8yre og venstre fot.<\/li>\n<li>Slitesterkt og slitesterkt materiale - Designet for langvarig bruk med en kombinasjon av stiv ytre st\u00f8tte og polstrede innvendige omr\u00e5der for \u00f8kt komfort.<\/li>\n<li><strong>Stilig design i svart<\/strong> - Diskret og profesjonelt utseende som passer i alle situasjoner.<\/li>\n<\/ul>\n<p><strong>Tilgjengelige st\u00f8rrelser (bestill i henhold til din skost\u00f8rrelse)<\/strong><\/p>\n<ul>\n<li><strong>Small (38-41)<\/strong> - Passer for mindre f\u00f8tter og juniorut\u00f8vere.<\/li>\n<li><strong>Medium (42-44)<\/strong> - Standardst\u00f8rrelse som passer de fleste voksne.<\/li>\n<li><strong>Large (45+)<\/strong> - For st\u00f8rre f\u00f8tter eller personer som trenger ekstra plass.<\/li>\n<\/ul>\n<p>Active Ankle T2 er et ideelt valg for alle som \u00f8nsker en sterk, komfortabel og funksjonell ankelskinne for b\u00e5de sportsbruk og daglig aktivitet. Den kombinerer st\u00f8tte og bevegelsesfrihet, slik at du kan fokusere p\u00e5 prestasjonen uten \u00e5 bekymre deg for ankelskader. <\/p>\n","protected":false},"excerpt":{"rendered":"<p><strong>Active Ankle T2 er en av de mest p\u00e5litelige ankelbandasjene p\u00e5 markedet og er et foretrukket valg blant b\u00e5de idrettsut\u00f8vere og fysioterapeuter. Den gir god st\u00f8tte og beskyttelse enten du har p\u00e5dratt deg en akutt ankelskade eller \u00f8nsker \u00e5 forebygge skader under idrett og fysisk aktivitet. <\/strong><\/p>\n","protected":false},"featured_media":84537,"comment_status":"closed","ping_status":"closed","template":"","meta":{"_acf_changed":false},"product_brand":[],"product_cat":[2262,2074,1992,2182,2076,2181,1933],"product_tag":[2779],"class_list":{"0":"post-84524","1":"product","2":"type-product","3":"status-publish","4":"has-post-thumbnail","6":"product_cat-akutte-smerter-i-ankelen","7":"product_cat-ankelforstuing","8":"product_cat-ankelskinne","9":"product_cat-ankelskinner-for-haandball","10":"product_cat-ankelvridning","11":"product_cat-artrose-i-ankelleddet","12":"product_cat-skinner-og-stoetteskinner","13":"product_tag-aktiv-ankel","15":"first","16":"instock","17":"taxable","18":"shipping-taxable","19":"purchasable","20":"product-type-variable"},"acf":[],"_links":{"self":[{"href":"https:\/\/fysiolab.dk\/no\/wp-json\/wp\/v2\/product\/84524","targetHints":{"allow":["GET"]}}],"collection":[{"href":"https:\/\/fysiolab.dk\/no\/wp-json\/wp\/v2\/product"}],"about":[{"href":"https:\/\/fysiolab.dk\/no\/wp-json\/wp\/v2\/types\/product"}],"replies":[{"embeddable":true,"href":"https:\/\/fysiolab.dk\/no\/wp-json\/wp\/v2\/comments?post=84524"}],"wp:featuredmedia":[{"embeddable":true,"href":"https:\/\/fysiolab.dk\/no\/wp-json\/wp\/v2\/media\/84537"}],"wp:attachment":[{"href":"https:\/\/fysiolab.dk\/no\/wp-json\/wp\/v2\/media?parent=84524"}],"wp:term":[{"taxonomy":"product_brand","embeddable":true,"href":"https:\/\/fysiolab.dk\/no\/wp-json\/wp\/v2\/product_brand?post=84524"},{"taxonomy":"product_cat","embeddable":true,"href":"https:\/\/fysiolab.dk\/no\/wp-json\/wp\/v2\/product_cat?post=84524"},{"taxonomy":"product_tag","embeddable":true,"href":"https:\/\/fysiolab.dk\/no\/wp-json\/wp\/v2\/product_tag?post=84524"}],"curies":[{"name":"wp","href":"https:\/\/api.w.org\/{rel}","templated":true}]}}