{"id":84539,"date":"2025-04-01T21:44:50","date_gmt":"2025-04-01T19:44:50","guid":{"rendered":"https:\/\/fysiolab.dk\/product\/pure2improve-treningshjul\/"},"modified":"2025-12-18T09:20:35","modified_gmt":"2025-12-18T08:20:35","slug":"pure2improve-treningshjul","status":"publish","type":"product","link":"https:\/\/fysiolab.dk\/no\/product\/pure2improve-treningshjul\/","title":{"rendered":"Pure2Improve treningshjul"},"content":{"rendered":"<p><strong>Pure2Improve treningshjul - r\u00f8d og svart<\/strong><\/p>\n<p>Pure2Improve Exercise Wheel er et effektivt treningsverkt\u00f8y som er utviklet for \u00e5 styrke stabiliteten og kjernemuskulaturen. Hjulet m\u00e5ler 25 x 5 x 22 cm og er perfekt for \u00e5 utf\u00f8re en rekke \u00f8velser for kjernemuskulaturen som bidrar til \u00e5 forbedre b\u00e5de styrke og kontroll i mage, rygg og skuldre. <\/p>\n<p>Den kompakte designen gj\u00f8r det enkelt \u00e5 bruke b\u00e5de hjemme og p\u00e5 treningssenteret, og de r\u00f8de og svarte fargene gir et stilig og funksjonelt utseende. Exercise Wheel er ideelt for deg som \u00f8nsker \u00e5 fokusere p\u00e5 stabilitetstrening og forbedre balansen samtidig som du bygger en sterk og tonet kjerne. <\/p>\n<p><strong>Fordelene med Pure2Improve Exercise Wheel:<\/strong><\/p>\n<ul>\n<li><strong>Styrker kjernemuskulaturen<\/strong>: Effektiv trening av magemuskler, rygg og skuldre.<\/li>\n<li><strong>Kompakt design: Dimensjonene<\/strong> 25 x 5 x 22 cm gj\u00f8r den enkel \u00e5 oppbevare og bruke p\u00e5 sm\u00e5 steder.<\/li>\n<li><strong>R\u00f8d og svart farge:<\/strong> Stilig og funksjonell design som passer inn i ethvert treningsmilj\u00f8.<\/li>\n<li><strong>Perfekt for stabilitetstrening<\/strong>: Bidrar til bedre balanse og kontroll.<\/li>\n<\/ul>\n<p>Pure2Improve Exercise Wheel er et uunnv\u00e6rlig verkt\u00f8y for alle som \u00f8nsker \u00e5 forbedre kjernestyrken og stabiliteten gjennom effektive og utfordrende \u00f8velser.<\/p>\n","protected":false},"excerpt":{"rendered":"<p><strong>Pure2Improve Exercise Wheel er et effektivt treningsverkt\u00f8y som er utviklet for \u00e5 styrke stabiliteten og kjernemuskulaturen. Hjulet m\u00e5ler 25 x 5 x 22 cm og er perfekt for \u00e5 utf\u00f8re en rekke \u00f8velser for kjernemuskulaturen som bidrar til \u00e5 forbedre b\u00e5de styrke og kontroll i mage, rygg og skuldre. <\/strong><\/p>\n","protected":false},"featured_media":84541,"comment_status":"closed","ping_status":"closed","template":"","meta":{"_acf_changed":false},"product_brand":[],"product_cat":[2221,1937,2777,1945],"product_tag":[2778,1944],"class_list":{"0":"post-84539","1":"product","2":"type-product","3":"status-publish","4":"has-post-thumbnail","6":"product_cat-annet-treningsutstyr","7":"product_cat-merkevarer","8":"product_cat-pure-2-improve-no","9":"product_cat-treningsutstyr","10":"product_tag-p2i-no","11":"product_tag-rehabmedic-no","13":"first","14":"instock","15":"sale","16":"taxable","17":"shipping-taxable","18":"purchasable","19":"product-type-simple"},"acf":[],"_links":{"self":[{"href":"https:\/\/fysiolab.dk\/no\/wp-json\/wp\/v2\/product\/84539","targetHints":{"allow":["GET"]}}],"collection":[{"href":"https:\/\/fysiolab.dk\/no\/wp-json\/wp\/v2\/product"}],"about":[{"href":"https:\/\/fysiolab.dk\/no\/wp-json\/wp\/v2\/types\/product"}],"replies":[{"embeddable":true,"href":"https:\/\/fysiolab.dk\/no\/wp-json\/wp\/v2\/comments?post=84539"}],"wp:featuredmedia":[{"embeddable":true,"href":"https:\/\/fysiolab.dk\/no\/wp-json\/wp\/v2\/media\/84541"}],"wp:attachment":[{"href":"https:\/\/fysiolab.dk\/no\/wp-json\/wp\/v2\/media?parent=84539"}],"wp:term":[{"taxonomy":"product_brand","embeddable":true,"href":"https:\/\/fysiolab.dk\/no\/wp-json\/wp\/v2\/product_brand?post=84539"},{"taxonomy":"product_cat","embeddable":true,"href":"https:\/\/fysiolab.dk\/no\/wp-json\/wp\/v2\/product_cat?post=84539"},{"taxonomy":"product_tag","embeddable":true,"href":"https:\/\/fysiolab.dk\/no\/wp-json\/wp\/v2\/product_tag?post=84539"}],"curies":[{"name":"wp","href":"https:\/\/api.w.org\/{rel}","templated":true}]}}