{"id":84540,"date":"2025-04-03T18:47:02","date_gmt":"2025-04-03T16:47:02","guid":{"rendered":"https:\/\/fysiolab.dk\/product\/fresco-taabeskyttere-6-stk\/"},"modified":"2025-12-18T09:20:34","modified_gmt":"2025-12-18T08:20:34","slug":"fresco-taabeskyttere-6-stk","status":"publish","type":"product","link":"https:\/\/fysiolab.dk\/no\/product\/fresco-taabeskyttere-6-stk\/","title":{"rendered":"Fresco t\u00e5beskyttere (6 stk)"},"content":{"rendered":"<p><strong>Fresco t\u00e5beskyttere - sk\u00e5nsom beskyttelse og pleie for t\u00e6rne dine<\/strong><\/p>\n<p>Fresco Toe Protectors er utviklet for \u00e5 gi maksimal komfort og beskyttelse for t\u00e6rne dine. Med en myk gel p\u00e5 innsiden lindrer de trykk og friksjon, samtidig som de fukter og mykgj\u00f8r huden. Perfekt for \u00e5 forebygge og lindre h\u00e5rd hud, inngrodde negler, liktorn og nervesmerter.  <\/p>\n<ul>\n<li><strong>Effektiv beskyttelse<\/strong> - reduserer trykk og irritasjon p\u00e5 f\u00f8lsomme omr\u00e5der.<\/li>\n<li><strong>Hudpleie<\/strong> - Den indre gelen fukter og mykgj\u00f8r huden for ekstra komfort.<\/li>\n<li><strong>Hygienisk og allergivennlig<\/strong> - Allergivennlig og antibakteriell gel sikrer sk\u00e5nsom p\u00e5f\u00f8ring.<\/li>\n<li><strong>Fleksibel passform<\/strong> - Kan tilpasses i lengde og brukes p\u00e5 forskjellige t\u00e6r.<\/li>\n<li>Finnes <strong>i to st\u00f8rrelser<\/strong> - Small (\u00d8 1,5 cm) og Large (\u00d8 2 cm), begge 55 mm lange. Lengden kan tilpasses den spesifikke t\u00e5en den skal beskytte. <\/li>\n<li><strong>Gjenbrukbare og vaskbare<\/strong> - enkle \u00e5 rengj\u00f8re og kan brukes om og om igjen.<\/li>\n<\/ul>\n<p>Fresco T\u00e5beskyttere er ideelle for daglig bruk, b\u00e5de forebyggende og ved eksisterende problemer. Beskytt t\u00e6rne dine og opplev \u00f8kt komfort i hverdagen! <\/p>\n","protected":false},"excerpt":{"rendered":"<p><strong>Fresco Toe Protectors er utviklet for \u00e5 gi maksimal komfort og beskyttelse for t\u00e6rne dine. Med en myk gel p\u00e5 innsiden lindrer de trykk og friksjon, samtidig som de fukter og mykgj\u00f8r huden. Perfekt for \u00e5 forebygge og lindre h\u00e5rd hud, inngrodde negler, liktorn og nervesmerter.  <\/strong><\/p>\n","protected":false},"featured_media":84552,"comment_status":"closed","ping_status":"closed","template":"","meta":{"_acf_changed":false},"product_brand":[],"product_cat":[1937,1943],"product_tag":[1944],"class_list":{"0":"post-84540","1":"product","2":"type-product","3":"status-publish","4":"has-post-thumbnail","6":"product_cat-merkevarer","7":"product_cat-rehabmedic-no","8":"product_tag-rehabmedic-no","10":"first","11":"instock","12":"taxable","13":"shipping-taxable","14":"purchasable","15":"product-type-variable"},"acf":[],"_links":{"self":[{"href":"https:\/\/fysiolab.dk\/no\/wp-json\/wp\/v2\/product\/84540","targetHints":{"allow":["GET"]}}],"collection":[{"href":"https:\/\/fysiolab.dk\/no\/wp-json\/wp\/v2\/product"}],"about":[{"href":"https:\/\/fysiolab.dk\/no\/wp-json\/wp\/v2\/types\/product"}],"replies":[{"embeddable":true,"href":"https:\/\/fysiolab.dk\/no\/wp-json\/wp\/v2\/comments?post=84540"}],"wp:featuredmedia":[{"embeddable":true,"href":"https:\/\/fysiolab.dk\/no\/wp-json\/wp\/v2\/media\/84552"}],"wp:attachment":[{"href":"https:\/\/fysiolab.dk\/no\/wp-json\/wp\/v2\/media?parent=84540"}],"wp:term":[{"taxonomy":"product_brand","embeddable":true,"href":"https:\/\/fysiolab.dk\/no\/wp-json\/wp\/v2\/product_brand?post=84540"},{"taxonomy":"product_cat","embeddable":true,"href":"https:\/\/fysiolab.dk\/no\/wp-json\/wp\/v2\/product_cat?post=84540"},{"taxonomy":"product_tag","embeddable":true,"href":"https:\/\/fysiolab.dk\/no\/wp-json\/wp\/v2\/product_tag?post=84540"}],"curies":[{"name":"wp","href":"https:\/\/api.w.org\/{rel}","templated":true}]}}