{"id":84555,"date":"2025-04-01T21:37:33","date_gmt":"2025-04-01T19:37:33","guid":{"rendered":"https:\/\/fysiolab.dk\/product\/pure2improve-yoga-block-belte\/"},"modified":"2025-12-18T09:20:35","modified_gmt":"2025-12-18T08:20:35","slug":"pure2improve-yoga-block-belte","status":"publish","type":"product","link":"https:\/\/fysiolab.dk\/no\/product\/pure2improve-yoga-block-belte\/","title":{"rendered":"Pure2Improve Yoga Block + belte"},"content":{"rendered":"<p><strong>Pure2Improve Yoga Block + belte - Svart<\/strong><\/p>\n<p>Pure2Improve Yoga Block and Belt er det perfekte settet for \u00e5 forbedre yoga- og t\u00f8yningstreningen din. Yogablokken gir ekstra st\u00f8tte og stabilitet, noe som gj\u00f8r det lettere \u00e5 utf\u00f8re \u00f8velsene med riktig linjef\u00f8ring og \u00f8kt komfort. Den har en st\u00f8rrelse p\u00e5 22,5 x 15 x 7,5 cm, noe som gj\u00f8r den ideell for b\u00e5de nybegynnere og erfarne yogier.  <\/p>\n<p>Det medf\u00f8lgende beltet (180 x 4 cm) gj\u00f8r at du kan oppn\u00e5 dypere t\u00f8yninger og bedre fleksibilitet under \u00f8velsene. Det hjelper deg med \u00e5 holde posisjoner og forbedre rekkevidden, spesielt i t\u00f8ynings\u00f8velser der det er behov for ekstra lengde. <\/p>\n<p><strong>Fordeler med Pure2Improve Yoga Block + belte:<\/strong><\/p>\n<ul>\n<li><strong>Yogablokk:<\/strong> M\u00e5ler 22,5 x 15 x 7,5 cm for st\u00f8tte og stabilitet i yoga- eller t\u00f8ye\u00f8velsene dine.<\/li>\n<li><strong>Belte:<\/strong> 180 x 4 cm for \u00f8kt fleksibilitet og st\u00f8tte under t\u00f8yning og posisjonering.<\/li>\n<li><strong>Farge:<\/strong> Elegant svart design som passer til ethvert yogastudio eller treningsomr\u00e5de.<\/li>\n<li><strong>Praktisk og allsidig:<\/strong> Ideell for b\u00e5de nybegynnere og erfarne idrettsut\u00f8vere som \u00f8nsker \u00e5 forbedre treningen sin.<\/li>\n<\/ul>\n<p><strong>Pure2Improve Yoga Block and Belt er et flott tillegg til yogautstyret ditt, og gir deg den st\u00f8tten og fleksibiliteten du trenger for \u00e5 forbedre t\u00f8yninger og posisjoner.<\/strong><\/p>\n","protected":false},"excerpt":{"rendered":"<p><strong>Pure2Improve Yoga Block and Belt er det perfekte settet for \u00e5 forbedre yoga- og t\u00f8yningstreningen din. Yogablokken gir ekstra st\u00f8tte og stabilitet, noe som gj\u00f8r det lettere \u00e5 utf\u00f8re \u00f8velsene med riktig linjef\u00f8ring og \u00f8kt komfort. Den har en st\u00f8rrelse p\u00e5 22,5 x 15 x 7,5 cm, noe som gj\u00f8r den ideell for b\u00e5de nybegynnere og erfarne yogier.  <\/strong><\/p>\n<p><strong>Det medf\u00f8lgende beltet (180 x 4 cm) gj\u00f8r at du kan oppn\u00e5 dypere t\u00f8yninger og bedre fleksibilitet under \u00f8velsene. Det hjelper deg med \u00e5 holde posisjoner og forbedre rekkevidden, spesielt i t\u00f8ynings\u00f8velser der det er behov for ekstra lengde. <\/strong><\/p>\n","protected":false},"featured_media":84561,"comment_status":"closed","ping_status":"closed","template":"","meta":{"_acf_changed":false},"product_brand":[],"product_cat":[1937,2777,1945,2532],"product_tag":[2778,1944],"class_list":{"0":"post-84555","1":"product","2":"type-product","3":"status-publish","4":"has-post-thumbnail","6":"product_cat-merkevarer","7":"product_cat-pure-2-improve-no","8":"product_cat-treningsutstyr","9":"product_cat-yoga-no","10":"product_tag-p2i-no","11":"product_tag-rehabmedic-no","13":"first","14":"instock","15":"sale","16":"taxable","17":"shipping-taxable","18":"purchasable","19":"product-type-simple"},"acf":[],"_links":{"self":[{"href":"https:\/\/fysiolab.dk\/no\/wp-json\/wp\/v2\/product\/84555","targetHints":{"allow":["GET"]}}],"collection":[{"href":"https:\/\/fysiolab.dk\/no\/wp-json\/wp\/v2\/product"}],"about":[{"href":"https:\/\/fysiolab.dk\/no\/wp-json\/wp\/v2\/types\/product"}],"replies":[{"embeddable":true,"href":"https:\/\/fysiolab.dk\/no\/wp-json\/wp\/v2\/comments?post=84555"}],"wp:featuredmedia":[{"embeddable":true,"href":"https:\/\/fysiolab.dk\/no\/wp-json\/wp\/v2\/media\/84561"}],"wp:attachment":[{"href":"https:\/\/fysiolab.dk\/no\/wp-json\/wp\/v2\/media?parent=84555"}],"wp:term":[{"taxonomy":"product_brand","embeddable":true,"href":"https:\/\/fysiolab.dk\/no\/wp-json\/wp\/v2\/product_brand?post=84555"},{"taxonomy":"product_cat","embeddable":true,"href":"https:\/\/fysiolab.dk\/no\/wp-json\/wp\/v2\/product_cat?post=84555"},{"taxonomy":"product_tag","embeddable":true,"href":"https:\/\/fysiolab.dk\/no\/wp-json\/wp\/v2\/product_tag?post=84555"}],"curies":[{"name":"wp","href":"https:\/\/api.w.org\/{rel}","templated":true}]}}