{"id":84563,"date":"2025-04-01T21:27:17","date_gmt":"2025-04-01T19:27:17","guid":{"rendered":"https:\/\/fysiolab.dk\/product\/pure2improve-hoppetau\/"},"modified":"2025-12-18T09:20:35","modified_gmt":"2025-12-18T08:20:35","slug":"pure2improve-hoppetau","status":"publish","type":"product","link":"https:\/\/fysiolab.dk\/no\/product\/pure2improve-hoppetau\/","title":{"rendered":"Pure2Improve Hoppetau"},"content":{"rendered":"<p><strong>Pure2Improve Hoppetau - svart og r\u00f8d<\/strong><\/p>\n<p>Pure2Improve Hoppetau er det perfekte treningsredskapet for b\u00e5de kondisjonstrening og oppvarming. Med en lengde p\u00e5 2,5 meter og lagre i h\u00e5ndtakene sikrer det en jevn og effektiv svingbevegelse, slik at du kan f\u00e5 mest mulig ut av treningen. Hoppetauet er lett og veier bare 118 gram, noe som gj\u00f8r det ideelt for b\u00e5de nybegynnere og erfarne idrettsut\u00f8vere som \u00f8nsker \u00e5 forbedre utholdenhet og koordinasjon.  <\/p>\n<p><strong>Fordeler med Pure2Improve hoppetau:<\/strong><\/p>\n<ul>\n<li>2,5 meter lengde: Perfekt for de fleste brukere og gir mulighet for fleksibel trening.<\/li>\n<li>Lagringer i h\u00e5ndtakene: Sikrer en jevn og effektiv sving som forbedrer treningsopplevelsen.<\/li>\n<li>Lettvekt: Med en vekt p\u00e5 bare 118 gram er den enkel \u00e5 h\u00e5ndtere og gir optimal komfort under trening.<\/li>\n<li>Farge: Svart og r\u00f8d for en stilig og funksjonell design.<\/li>\n<\/ul>\n<p>Pure2Improve-hoppetauet er et godt valg for alle som \u00f8nsker \u00e5 inkorporere hopping i treningen, ettersom det gir effektiv og morsom kondisjonstrening som kan utf\u00f8res hvor som helst.<\/p>\n","protected":false},"excerpt":{"rendered":"<p><strong>Pure2Improve Hoppetau er det perfekte treningsredskapet for b\u00e5de kondisjonstrening og oppvarming. Med en lengde p\u00e5 2,5 meter og lagre i h\u00e5ndtakene sikrer det en jevn og effektiv svingbevegelse, slik at du kan f\u00e5 mest mulig ut av treningen. Hoppetauet er lett og veier bare 118 gram, noe som gj\u00f8r det ideelt for b\u00e5de nybegynnere og erfarne idrettsut\u00f8vere som \u00f8nsker \u00e5 forbedre utholdenhet og koordinasjon.  <\/strong><\/p>\n","protected":false},"featured_media":84564,"comment_status":"closed","ping_status":"closed","template":"","meta":{"_acf_changed":false},"product_brand":[3102],"product_cat":[1937,2777,2226,1945],"product_tag":[2778],"class_list":{"0":"post-84563","1":"product","2":"type-product","3":"status-publish","4":"has-post-thumbnail","6":"product_brand-purepower","7":"product_cat-merkevarer","8":"product_cat-pure-2-improve-no","9":"product_cat-sjippetov-no","10":"product_cat-treningsutstyr","11":"product_tag-p2i-no","13":"first","14":"outofstock","15":"taxable","16":"shipping-taxable","17":"purchasable","18":"product-type-simple"},"acf":[],"_links":{"self":[{"href":"https:\/\/fysiolab.dk\/no\/wp-json\/wp\/v2\/product\/84563","targetHints":{"allow":["GET"]}}],"collection":[{"href":"https:\/\/fysiolab.dk\/no\/wp-json\/wp\/v2\/product"}],"about":[{"href":"https:\/\/fysiolab.dk\/no\/wp-json\/wp\/v2\/types\/product"}],"replies":[{"embeddable":true,"href":"https:\/\/fysiolab.dk\/no\/wp-json\/wp\/v2\/comments?post=84563"}],"wp:featuredmedia":[{"embeddable":true,"href":"https:\/\/fysiolab.dk\/no\/wp-json\/wp\/v2\/media\/84564"}],"wp:attachment":[{"href":"https:\/\/fysiolab.dk\/no\/wp-json\/wp\/v2\/media?parent=84563"}],"wp:term":[{"taxonomy":"product_brand","embeddable":true,"href":"https:\/\/fysiolab.dk\/no\/wp-json\/wp\/v2\/product_brand?post=84563"},{"taxonomy":"product_cat","embeddable":true,"href":"https:\/\/fysiolab.dk\/no\/wp-json\/wp\/v2\/product_cat?post=84563"},{"taxonomy":"product_tag","embeddable":true,"href":"https:\/\/fysiolab.dk\/no\/wp-json\/wp\/v2\/product_tag?post=84563"}],"curies":[{"name":"wp","href":"https:\/\/api.w.org\/{rel}","templated":true}]}}