{"id":84569,"date":"2025-04-01T21:18:37","date_gmt":"2025-04-01T19:18:37","guid":{"rendered":"https:\/\/fysiolab.dk\/product\/pure2improve-motstandsbaand-sett-3-stk\/"},"modified":"2025-12-18T09:20:35","modified_gmt":"2025-12-18T08:20:35","slug":"pure2improve-motstandsbaand-sett-3-stk","status":"publish","type":"product","link":"https:\/\/fysiolab.dk\/no\/product\/pure2improve-motstandsbaand-sett-3-stk\/","title":{"rendered":"Pure2Improve Motstandsb\u00e5nd-sett 3 stk."},"content":{"rendered":"<p><strong>Pure2Improve Resistance Band Set - 3 deler (gul, r\u00f8d og svart)<\/strong><\/p>\n<p>Pure2Improve Resistance Band Set best\u00e5r av tre elastiske b\u00e5nd i forskjellige styrker (gul, r\u00f8d og svart), noe som gj\u00f8r dem ideelle for et bredt spekter av trenings\u00f8velser. De tre ulike styrkene gj\u00f8r at du kan tilpasse motstanden til treningsniv\u00e5et ditt og de spesifikke \u00f8velsene du utf\u00f8rer. <\/p>\n<p>Motstandsb\u00e5nd er perfekte til styrketrening, bevegelighets\u00f8velser, rehabilitering og oppvarming. De er enkle \u00e5 transportere og kan brukes hjemme, p\u00e5 treningssenteret eller p\u00e5 farten, noe som gj\u00f8r dem til et allsidig treningsverkt\u00f8y. <\/p>\n<p><strong>Fordelene med Pure2Improve Resistance Band Set:<\/strong><\/p>\n<ul>\n<li><strong>Tre forskjellige styrker:<\/strong> Gul (lett), r\u00f8d (middels) og svart (sterk), slik at du kan tilpasse motstanden til dine behov.<\/li>\n<li><strong>Allsidige \u00f8velser:<\/strong> Ideell for styrketrening, fleksibilitet, rehabilitering og bevegelighetstrening.<\/li>\n<li><strong>Plassbesparende og b\u00e6rbar<\/strong>: Enkel \u00e5 ta med p\u00e5 farten og oppbevare.<\/li>\n<li><strong>Holdbar og slitesterk:<\/strong> Laget av h\u00f8y kvalitet for langvarig bruk og effektiv trening.<\/li>\n<\/ul>\n<p>Pure2Improve Resistance Band Set er et perfekt valg for deg som \u00f8nsker en effektiv og praktisk l\u00f8sning for treningen din, enten det gjelder styrketrening, rehabilitering eller bevegelighetstrening.<\/p>\n","protected":false},"excerpt":{"rendered":"<p><strong>Pure2Improve Resistance Band Set best\u00e5r av tre elastiske b\u00e5nd i forskjellige styrker (gul, r\u00f8d og svart), noe som gj\u00f8r dem ideelle for et bredt spekter av trenings\u00f8velser. De tre ulike styrkene gj\u00f8r at du kan tilpasse motstanden til treningsniv\u00e5et ditt og de spesifikke \u00f8velsene du utf\u00f8rer. <\/strong><\/p>\n","protected":false},"featured_media":84573,"comment_status":"closed","ping_status":"closed","template":"","meta":{"_acf_changed":false},"product_brand":[],"product_cat":[1948,1937,2777,2215,2217,1945],"product_tag":[2778,1944],"class_list":{"0":"post-84569","1":"product","2":"type-product","3":"status-publish","4":"has-post-thumbnail","6":"product_cat-klinikk","7":"product_cat-merkevarer","8":"product_cat-pure-2-improve-no","9":"product_cat-treningsbaand","10":"product_cat-treningsbaand-no","11":"product_cat-treningsutstyr","12":"product_tag-p2i-no","13":"product_tag-rehabmedic-no","15":"first","16":"instock","17":"taxable","18":"shipping-taxable","19":"purchasable","20":"product-type-simple"},"acf":[],"_links":{"self":[{"href":"https:\/\/fysiolab.dk\/no\/wp-json\/wp\/v2\/product\/84569","targetHints":{"allow":["GET"]}}],"collection":[{"href":"https:\/\/fysiolab.dk\/no\/wp-json\/wp\/v2\/product"}],"about":[{"href":"https:\/\/fysiolab.dk\/no\/wp-json\/wp\/v2\/types\/product"}],"replies":[{"embeddable":true,"href":"https:\/\/fysiolab.dk\/no\/wp-json\/wp\/v2\/comments?post=84569"}],"wp:featuredmedia":[{"embeddable":true,"href":"https:\/\/fysiolab.dk\/no\/wp-json\/wp\/v2\/media\/84573"}],"wp:attachment":[{"href":"https:\/\/fysiolab.dk\/no\/wp-json\/wp\/v2\/media?parent=84569"}],"wp:term":[{"taxonomy":"product_brand","embeddable":true,"href":"https:\/\/fysiolab.dk\/no\/wp-json\/wp\/v2\/product_brand?post=84569"},{"taxonomy":"product_cat","embeddable":true,"href":"https:\/\/fysiolab.dk\/no\/wp-json\/wp\/v2\/product_cat?post=84569"},{"taxonomy":"product_tag","embeddable":true,"href":"https:\/\/fysiolab.dk\/no\/wp-json\/wp\/v2\/product_tag?post=84569"}],"curies":[{"name":"wp","href":"https:\/\/api.w.org\/{rel}","templated":true}]}}