{"id":84578,"date":"2025-04-01T20:18:39","date_gmt":"2025-04-01T18:18:39","guid":{"rendered":"https:\/\/fysiolab.dk\/product\/rehabmedic-armslynge\/"},"modified":"2025-12-18T09:20:36","modified_gmt":"2025-12-18T08:20:36","slug":"rehabmedic-armslynge","status":"publish","type":"product","link":"https:\/\/fysiolab.dk\/no\/product\/rehabmedic-armslynge\/","title":{"rendered":"RehabMedic Armslynge"},"content":{"rendered":"<p><strong>RehabMedic Armslynge<\/strong><\/p>\n<p>RehabMedic Armslynge er utviklet for effektiv immobilisering av skulder og albue, noe som gj\u00f8r den ideell til bruk etter skade, operasjon eller under rehabilitering. Armslyngen gir stabil st\u00f8tte og bidrar til \u00e5 redusere bevegelse, fremme tilheling og lindre smerte. <\/p>\n<p>Seilet er komfortabelt og justerbart, noe som sikrer optimal passform for hver enkelt bruker. De justerbare stroppene gj\u00f8r at du kan tilpasse seilet slik at det gir riktig skulder- og albuest\u00f8tte, samtidig som du opprettholder maksimal komfort. <\/p>\n<p><strong>Fordeler med RehabMedic armslynge:<\/strong><\/p>\n<ul>\n<li>Effektiv immobilisering: St\u00f8tter skulderen og albuen under skade eller etter operasjon.<\/li>\n<li>Komfortabel og justerbar: Tilpasser seg kroppen din for optimal komfort og st\u00f8tte.<\/li>\n<li>Egnet for rehabilitering: Fremmer tilheling ved \u00e5 begrense bevegelse og redusere belastning.<\/li>\n<li>Slitesterk kvalitet: Laget av slitesterkt materiale for langvarig bruk.<\/li>\n<\/ul>\n<p><strong>St\u00f8rrelsesguide:<\/strong><\/p>\n<p><strong>M\u00e5l brystomkretsen<\/strong><\/p>\n<p><strong>Omkrets Str<\/strong><\/p>\n<p><strong>70-90 cm Medium<\/strong><\/p>\n<p><strong>90-110 cm stor<\/strong><\/p>\n<p><strong>RehabMedic armslynge er den perfekte l\u00f8sningen for immobilisering og st\u00f8tte av skulder og albue, noe som bidrar til \u00e5 fremskynde helingsprosessen og sikre effektiv rehabilitering.<\/strong><\/p>\n","protected":false},"excerpt":{"rendered":"<p><strong>RehabMedic Armslynge er utviklet for effektiv immobilisering av skulder og albue, noe som gj\u00f8r den ideell til bruk etter skade, operasjon eller under rehabilitering. Armslyngen gir stabil st\u00f8tte og bidrar til \u00e5 redusere bevegelse, fremme tilheling og lindre smerte. <\/strong><\/p>\n","protected":false},"featured_media":84584,"comment_status":"closed","ping_status":"closed","template":"","meta":{"_acf_changed":false},"product_brand":[],"product_cat":[1932,2092,2123,2270,2269,2252,2251,1937,1943,1933,2118,2016],"product_tag":[1944],"class_list":{"0":"post-84578","1":"product","2":"type-product","3":"status-publish","4":"has-post-thumbnail","6":"product_cat-albue-no","7":"product_cat-brudd-i-albuen","8":"product_cat-brudd-og-etter-operasjon-i-skulderen","9":"product_cat-brudd-paa-kragebeinet-kragebeinsbrudd","10":"product_cat-forstuet-skulder","11":"product_cat-immobilisering-av-albuen","12":"product_cat-instabilitet-ustabil-skulder-skuldersmerter-no","13":"product_cat-merkevarer","14":"product_cat-rehabmedic-no","15":"product_cat-skinner-og-stoetteskinner","16":"product_cat-skulder-no","17":"product_cat-uttak","18":"product_tag-rehabmedic-no","20":"first","21":"instock","22":"taxable","23":"shipping-taxable","24":"purchasable","25":"product-type-variable"},"acf":[],"_links":{"self":[{"href":"https:\/\/fysiolab.dk\/no\/wp-json\/wp\/v2\/product\/84578","targetHints":{"allow":["GET"]}}],"collection":[{"href":"https:\/\/fysiolab.dk\/no\/wp-json\/wp\/v2\/product"}],"about":[{"href":"https:\/\/fysiolab.dk\/no\/wp-json\/wp\/v2\/types\/product"}],"replies":[{"embeddable":true,"href":"https:\/\/fysiolab.dk\/no\/wp-json\/wp\/v2\/comments?post=84578"}],"wp:featuredmedia":[{"embeddable":true,"href":"https:\/\/fysiolab.dk\/no\/wp-json\/wp\/v2\/media\/84584"}],"wp:attachment":[{"href":"https:\/\/fysiolab.dk\/no\/wp-json\/wp\/v2\/media?parent=84578"}],"wp:term":[{"taxonomy":"product_brand","embeddable":true,"href":"https:\/\/fysiolab.dk\/no\/wp-json\/wp\/v2\/product_brand?post=84578"},{"taxonomy":"product_cat","embeddable":true,"href":"https:\/\/fysiolab.dk\/no\/wp-json\/wp\/v2\/product_cat?post=84578"},{"taxonomy":"product_tag","embeddable":true,"href":"https:\/\/fysiolab.dk\/no\/wp-json\/wp\/v2\/product_tag?post=84578"}],"curies":[{"name":"wp","href":"https:\/\/api.w.org\/{rel}","templated":true}]}}