{"id":84579,"date":"2025-04-01T21:05:21","date_gmt":"2025-04-01T19:05:21","guid":{"rendered":"https:\/\/fysiolab.dk\/product\/rehabmedic-elastisk-albuestoette\/"},"modified":"2025-12-18T09:20:35","modified_gmt":"2025-12-18T08:20:35","slug":"rehabmedic-elastisk-albuestoette","status":"publish","type":"product","link":"https:\/\/fysiolab.dk\/no\/product\/rehabmedic-elastisk-albuestoette\/","title":{"rendered":"RehabMedic Elastisk albuest\u00f8tte"},"content":{"rendered":"<p><strong>RehabMedic Elastisk albuest\u00f8tte - Beige<\/strong><\/p>\n<p>RehabMedic Elastic Elbow Support er ideell for \u00e5 lindre smerter i albuen og immobilisere albuen etter skade. Den kan tilpasses for \u00e5 gi riktig mengde st\u00f8tte og kompresjon etter behov, noe som bidrar til \u00e5 stabilisere albuen og fremme tilheling. <\/p>\n<p>Den elastiske bandasjen er laget av pustende materiale som holder huden t\u00f8rr og behagelig, selv ved langvarig bruk. Den er ogs\u00e5 gjenbrukbar og vaskbar, noe som gj\u00f8r den b\u00e5de \u00f8konomisk og praktisk. <\/p>\n<p><strong>Fordeler med RehabMedic Elastisk albuest\u00f8tte:<\/strong><\/p>\n<ul>\n<li>Beige farge: Diskret og egnet for hverdagsbruk.<\/li>\n<li>Justerbar st\u00f8tte og kompresjon: Tilpasset den enkelte for optimal st\u00f8tte og smertelindring.<\/li>\n<li>Pustende og behagelig: Holder huden t\u00f8rr og behagelig i lengre perioder.<\/li>\n<li>Gjenbrukbar og vaskbar: Lett vaskbar og gjenbrukbar, noe som gj\u00f8r den \u00f8konomisk og praktisk.<\/li>\n<\/ul>\n<p>RehabMedic Elastic Elbow Support er det ideelle valget for deg som trenger effektiv st\u00f8tte og stabilisering av albuen, samtidig som den gir komfort, fleksibilitet og lang holdbarhet.<\/p>\n","protected":false},"excerpt":{"rendered":"<p><strong>RehabMedic Elastic Elbow Support er ideell for \u00e5 lindre smerter i albuen og immobilisere albuen etter skade. Den kan tilpasses for \u00e5 gi riktig mengde st\u00f8tte og kompresjon etter behov, noe som bidrar til \u00e5 stabilisere albuen og fremme tilheling. <\/strong><\/p>\n","protected":false},"featured_media":84582,"comment_status":"closed","ping_status":"closed","template":"","meta":{"_acf_changed":false},"product_brand":[],"product_cat":[1932,2021,2252,1937,1943,1933,2016],"product_tag":[1944],"class_list":{"0":"post-84579","1":"product","2":"type-product","3":"status-publish","4":"has-post-thumbnail","6":"product_cat-albue-no","7":"product_cat-albuebeskyttelse-for-sport","8":"product_cat-immobilisering-av-albuen","9":"product_cat-merkevarer","10":"product_cat-rehabmedic-no","11":"product_cat-skinner-og-stoetteskinner","12":"product_cat-uttak","13":"product_tag-rehabmedic-no","15":"first","16":"instock","17":"sale","18":"taxable","19":"shipping-taxable","20":"purchasable","21":"product-type-simple"},"acf":[],"_links":{"self":[{"href":"https:\/\/fysiolab.dk\/no\/wp-json\/wp\/v2\/product\/84579","targetHints":{"allow":["GET"]}}],"collection":[{"href":"https:\/\/fysiolab.dk\/no\/wp-json\/wp\/v2\/product"}],"about":[{"href":"https:\/\/fysiolab.dk\/no\/wp-json\/wp\/v2\/types\/product"}],"replies":[{"embeddable":true,"href":"https:\/\/fysiolab.dk\/no\/wp-json\/wp\/v2\/comments?post=84579"}],"wp:featuredmedia":[{"embeddable":true,"href":"https:\/\/fysiolab.dk\/no\/wp-json\/wp\/v2\/media\/84582"}],"wp:attachment":[{"href":"https:\/\/fysiolab.dk\/no\/wp-json\/wp\/v2\/media?parent=84579"}],"wp:term":[{"taxonomy":"product_brand","embeddable":true,"href":"https:\/\/fysiolab.dk\/no\/wp-json\/wp\/v2\/product_brand?post=84579"},{"taxonomy":"product_cat","embeddable":true,"href":"https:\/\/fysiolab.dk\/no\/wp-json\/wp\/v2\/product_cat?post=84579"},{"taxonomy":"product_tag","embeddable":true,"href":"https:\/\/fysiolab.dk\/no\/wp-json\/wp\/v2\/product_tag?post=84579"}],"curies":[{"name":"wp","href":"https:\/\/api.w.org\/{rel}","templated":true}]}}