{"id":84585,"date":"2025-04-01T20:58:18","date_gmt":"2025-04-01T18:58:18","guid":{"rendered":"https:\/\/fysiolab.dk\/product\/rehabmedic-elastisk-haandleddstoette\/"},"modified":"2025-12-18T09:20:36","modified_gmt":"2025-12-18T08:20:36","slug":"rehabmedic-elastisk-haandleddstoette","status":"publish","type":"product","link":"https:\/\/fysiolab.dk\/no\/product\/rehabmedic-elastisk-haandleddstoette\/","title":{"rendered":"RehabMedic Elastisk h\u00e5ndleddst\u00f8tte"},"content":{"rendered":"<p><strong>RehabMedic Elastisk h\u00e5ndleddsst\u00f8tte - Beige<\/strong><\/p>\n<p>RehabMedic Elastic Wrist Support er utviklet for \u00e5 gi effektiv st\u00f8tte og lindring ved smerter, forstuinger og forstrekninger i h\u00e5ndleddet. Den kan tilpasses for \u00e5 gi riktig mengde st\u00f8tte og kompresjon i henhold til dine behov, noe som bidrar til \u00e5 fremme tilheling og stabilisere h\u00e5ndleddet. <\/p>\n<p>Bandasjen er laget av pustende materiale som holder huden t\u00f8rr og behagelig, selv ved langvarig bruk. Den kan gjenbrukes og vaskes, noe som gj\u00f8r den b\u00e5de praktisk og \u00f8konomisk. <\/p>\n<p><strong>Fordeler med RehabMedic Elastisk h\u00e5ndleddst\u00f8tte:<\/strong><\/p>\n<ul>\n<li>Beige farge: Diskret og egnet for hverdagsbruk.<\/li>\n<li>Justerbar st\u00f8tte og kompresjon: Tilpass etter behov for optimal st\u00f8tte og smertelindring.<\/li>\n<li>Pustende og behagelig: Holder huden t\u00f8rr og behagelig i lengre perioder.<\/li>\n<li>Gjenbrukbar og vaskbar: Enkel \u00e5 vaske og gjenbruke, noe som gj\u00f8r den b\u00e5de praktisk og \u00f8konomisk.<\/li>\n<\/ul>\n<p>RehabMedic Elastic Wrist Support er det perfekte valget for deg som \u00f8nsker effektiv st\u00f8tte og smertelindring ved h\u00e5ndleddsproblemer eller skader, samtidig som den gir komfort og fleksibilitet.<\/p>\n","protected":false},"excerpt":{"rendered":"<p><strong>RehabMedic Elastic Wrist Support er utviklet for \u00e5 gi effektiv st\u00f8tte og lindring ved smerter, forstuinger og forstrekninger i h\u00e5ndleddet. Den kan tilpasses for \u00e5 gi riktig mengde st\u00f8tte og kompresjon i henhold til dine behov, noe som bidrar til \u00e5 fremme tilheling og stabilisere h\u00e5ndleddet. <\/strong><\/p>\n","protected":false},"featured_media":84587,"comment_status":"closed","ping_status":"closed","template":"","meta":{"_acf_changed":false},"product_brand":[],"product_cat":[2071,2043,2040,1937,1943,2067,2070,1933,2016],"product_tag":[1944],"class_list":{"0":"post-84585","1":"product","2":"type-product","3":"status-publish","4":"has-post-thumbnail","6":"product_cat-artrose-i-haandleddet","7":"product_cat-forstuing-og-overbelastning-av-haandleddet","8":"product_cat-haand-og-haandleddsskinne","9":"product_cat-merkevarer","10":"product_cat-rehabmedic-no","11":"product_cat-senebetennelse","12":"product_cat-senebetennelse-i-haandleddet","13":"product_cat-skinner-og-stoetteskinner","14":"product_cat-uttak","15":"product_tag-rehabmedic-no","17":"first","18":"instock","19":"sale","20":"taxable","21":"shipping-taxable","22":"purchasable","23":"product-type-simple"},"acf":[],"_links":{"self":[{"href":"https:\/\/fysiolab.dk\/no\/wp-json\/wp\/v2\/product\/84585","targetHints":{"allow":["GET"]}}],"collection":[{"href":"https:\/\/fysiolab.dk\/no\/wp-json\/wp\/v2\/product"}],"about":[{"href":"https:\/\/fysiolab.dk\/no\/wp-json\/wp\/v2\/types\/product"}],"replies":[{"embeddable":true,"href":"https:\/\/fysiolab.dk\/no\/wp-json\/wp\/v2\/comments?post=84585"}],"wp:featuredmedia":[{"embeddable":true,"href":"https:\/\/fysiolab.dk\/no\/wp-json\/wp\/v2\/media\/84587"}],"wp:attachment":[{"href":"https:\/\/fysiolab.dk\/no\/wp-json\/wp\/v2\/media?parent=84585"}],"wp:term":[{"taxonomy":"product_brand","embeddable":true,"href":"https:\/\/fysiolab.dk\/no\/wp-json\/wp\/v2\/product_brand?post=84585"},{"taxonomy":"product_cat","embeddable":true,"href":"https:\/\/fysiolab.dk\/no\/wp-json\/wp\/v2\/product_cat?post=84585"},{"taxonomy":"product_tag","embeddable":true,"href":"https:\/\/fysiolab.dk\/no\/wp-json\/wp\/v2\/product_tag?post=84585"}],"curies":[{"name":"wp","href":"https:\/\/api.w.org\/{rel}","templated":true}]}}