{"id":84586,"date":"2025-04-01T19:57:02","date_gmt":"2025-04-01T17:57:02","guid":{"rendered":"https:\/\/fysiolab.dk\/product\/chattanooga-snap-adaptor-kit\/"},"modified":"2025-12-18T09:20:36","modified_gmt":"2025-12-18T08:20:36","slug":"chattanooga-snap-adaptor-kit","status":"publish","type":"product","link":"https:\/\/fysiolab.dk\/no\/product\/chattanooga-snap-adaptor-kit\/","title":{"rendered":"Chattanooga Snap Adaptor Kit"},"content":{"rendered":"<p><strong>Chattanooga Snap Adaptor Kit<\/strong><\/p>\n<p>Chattanooga Snap Adaptor Kit er en praktisk og effektiv l\u00f8sning som gj\u00f8r det mulig \u00e5 koble ulike elektroder og tilbeh\u00f8r til Chattanooga-enheter som Theta, Rehab og Physio. Dette settet er utviklet for \u00e5 sikre en rask og sikker tilkobling mellom muskelstimulatoren og de \u00f8nskede elektrodene, noe som gj\u00f8r behandlingen mer effektiv og fleksibel.  <\/p>\n<p><a href=\"https:\/\/fysiolab.dk\/no\/product\/kabler-for-bruk-med-elektroder-av-karbongummi\/\"><strong>Adaptersettet brukes sammen med disse kablene, kj\u00f8p her!<\/strong><\/a><\/p>\n<p>Med Snap Adaptor Kit kan du enkelt bytte mellom ulike elektroder og tilbeh\u00f8r, slik at du kan tilpasse behandlingen til hver enkelt pasients behov. Settet er ideelt for b\u00e5de klinisk bruk og hjemmebruk, og gir en p\u00e5litelig og brukervennlig l\u00f8sning for muskelstimulering. <\/p>\n<p><strong>Fordeler med Chattanooga Snap Adaptor Kit:<\/strong><\/p>\n<ul>\n<li>Kompatibilitet: Passer til en rekke Chattanooga-apparater som Theta, Rehab og Physio<\/li>\n<li>Enkel tilkobling: Rask og sikker tilkobling av elektroder og tilbeh\u00f8r<\/li>\n<li>Fleksibilitet: Gj\u00f8r det mulig \u00e5 tilpasse behandlingene med ulike elektroder og tilbeh\u00f8r<\/li>\n<li>Holdbarhet: Designet for langvarig bruk og p\u00e5litelig ytelse<\/li>\n<\/ul>\n<p>Snap Adaptor Kit er den perfekte l\u00f8sningen for \u00e5 f\u00e5 mest mulig ut av Chattanooga-apparatet ditt og gj\u00f8re muskelstimuleringen mer effektiv og allsidig.<\/p>\n","protected":false},"excerpt":{"rendered":"<p><strong>Chattanooga Snap Adaptor Kit er en praktisk og effektiv l\u00f8sning som gj\u00f8r det mulig \u00e5 koble ulike elektroder og tilbeh\u00f8r til Chattanooga-enheter som Theta, Rehab og Physio. Dette settet er utviklet for \u00e5 sikre en rask og sikker tilkobling mellom muskelstimulatoren og de \u00f8nskede elektrodene, noe som gj\u00f8r behandlingen mer effektiv og fleksibel.  <\/strong><\/p>\n","protected":false},"featured_media":84589,"comment_status":"closed","ping_status":"closed","template":"","meta":{"_acf_changed":false},"product_brand":[],"product_cat":[2715,1950,1937,2507],"product_tag":[2612,2019],"class_list":{"0":"post-84586","1":"product","2":"type-product","3":"status-publish","4":"has-post-thumbnail","6":"product_cat-chattanooga-no","7":"product_cat-elektroterapi","8":"product_cat-merkevarer","9":"product_cat-tilbehoer-no","10":"product_tag-chattanooga-no","11":"product_tag-compex-no","13":"first","14":"instock","15":"taxable","16":"shipping-taxable","17":"purchasable","18":"product-type-simple"},"acf":[],"_links":{"self":[{"href":"https:\/\/fysiolab.dk\/no\/wp-json\/wp\/v2\/product\/84586","targetHints":{"allow":["GET"]}}],"collection":[{"href":"https:\/\/fysiolab.dk\/no\/wp-json\/wp\/v2\/product"}],"about":[{"href":"https:\/\/fysiolab.dk\/no\/wp-json\/wp\/v2\/types\/product"}],"replies":[{"embeddable":true,"href":"https:\/\/fysiolab.dk\/no\/wp-json\/wp\/v2\/comments?post=84586"}],"wp:featuredmedia":[{"embeddable":true,"href":"https:\/\/fysiolab.dk\/no\/wp-json\/wp\/v2\/media\/84589"}],"wp:attachment":[{"href":"https:\/\/fysiolab.dk\/no\/wp-json\/wp\/v2\/media?parent=84586"}],"wp:term":[{"taxonomy":"product_brand","embeddable":true,"href":"https:\/\/fysiolab.dk\/no\/wp-json\/wp\/v2\/product_brand?post=84586"},{"taxonomy":"product_cat","embeddable":true,"href":"https:\/\/fysiolab.dk\/no\/wp-json\/wp\/v2\/product_cat?post=84586"},{"taxonomy":"product_tag","embeddable":true,"href":"https:\/\/fysiolab.dk\/no\/wp-json\/wp\/v2\/product_tag?post=84586"}],"curies":[{"name":"wp","href":"https:\/\/api.w.org\/{rel}","templated":true}]}}