{"id":84590,"date":"2025-04-01T19:44:45","date_gmt":"2025-04-01T17:44:45","guid":{"rendered":"https:\/\/fysiolab.dk\/product\/chattanooga-theta-muskelstimulator\/"},"modified":"2025-12-18T09:20:36","modified_gmt":"2025-12-18T08:20:36","slug":"chattanooga-theta-muskelstimulator","status":"publish","type":"product","link":"https:\/\/fysiolab.dk\/no\/product\/chattanooga-theta-muskelstimulator\/","title":{"rendered":"Chattanooga Theta-muskelstimulator"},"content":{"rendered":"<p><strong>Chattanooga Theta-muskelstimulator<\/strong><\/p>\n<p>Chattanooga Theta Muscle Stimulator er et avansert apparat som er utviklet for effektiv muskelstimulering og rehabilitering. Denne enheten er ideell for bruk i fysioterapi, klinikker og hjemmebehandling, der den bidrar til \u00e5 lindre smerte, forbedre muskelstyrken og fremme rehabilitering. Theta-modellen er kjent for sin brukervennlighet og p\u00e5litelige ytelse, noe som gj\u00f8r den til et popul\u00e6rt valg blant fagfolk og pasienter.  <\/p>\n<p>Chattanooga Theta har et bredt utvalg av programmer og intensitetsniv\u00e5er som kan tilpasses, og gir mulighet for m\u00e5lrettet behandling av muskel- og leddproblemer. Den elektriske stimuleringen aktiverer musklene, fremmer blodsirkulasjonen og st\u00f8tter gjenoppbyggingen av muskelvev, noe som bidrar til b\u00e5de akutt og langsiktig rehabilitering. <\/p>\n<p><strong>Fordelene med Chattanooga Theta Muscle Stimulator:<\/strong><\/p>\n<ul>\n<li>Effektiv smertelindring og muskelrehabilitering<\/li>\n<li>Justerbare programmer og intensiteter for m\u00e5lrettet behandling<\/li>\n<li>Brukervennlig og enkel \u00e5 bruke b\u00e5de p\u00e5 klinikken og hjemme<\/li>\n<li>H\u00f8y kvalitet og p\u00e5litelighet fra Chattanooga<\/li>\n<\/ul>\n<p><strong>Inkludert:<\/strong><\/p>\n<ul>\n<li>Lader<\/li>\n<li>Batteripakke<\/li>\n<li>Kabling<\/li>\n<li>Bruksanvisning + USB<\/li>\n<li>Gel<\/li>\n<li>Motorisk spiss penn<\/li>\n<li>Reiseveske<\/li>\n<li>Snap-adapter (slik at du kan bytte mellom pinnetilkobling og snap-tilkobling)<\/li>\n<li>Elektroder: 2 poser 5&#215;5 cm (4 stk.) og 2 poser 5&#215;10 cm (2 stk.)<\/li>\n<\/ul>\n<p><strong>Funksjoner og fordeler<\/strong><\/p>\n<p>- 4 programkategorier \"Standard\" + 4 programkategorier \"Full\":<br \/>\nRehabilitering I &amp; II<br \/>\nSmertelindring I &amp; II<br \/>\nVaskulariseringsbehandling<br \/>\nNevrologisk rehabilitering<br \/>\nTrening, fitness I &amp; II<\/p>\n<p>- Mi Technique<br \/>\nFire funksjoner p\u00e5 alle fire kanaler: Mi-Scan, Mi-Tens, Mi-Range, Mi-Action (aktiv \u00f8kt der sammentrekningen starter ved at pasienten initierer bevegelsen som starter stimuleringen) 2 Mi-kabler medf\u00f8lger.<\/p>\n<p>- 2+2<br \/>\nVelg program for kanal 1 og 2, og velg deretter et annet program for kanal 3 og 4. Dette gj\u00f8r at du kan behandle to forskjellige kroppsdeler eller to pasienter samtidig, og funksjonen muliggj\u00f8r samtidig TENS- og NMES-stimulering.<\/p>\n<p>- Triggerfunksjon<br \/>\nStarter stimuleringen ved \u00e5 trykke p\u00e5 triggerknappen - slik at du kan bestemme n\u00e5r stimuleringen skal starte.<\/p>\n<p>- Skip-funksjonen gj\u00f8r det mulig \u00e5 hoppe fremover i et sekvensielt stimuleringsprogram for \u00e5 g\u00e5 til neste sekvens.<\/p>\n<p>- Motorpunktpenn medf\u00f8lger, som du bruker til \u00e5 lokalisere motorpunktet n\u00f8yaktig for optimal NMES-stimulering og for best mulig effekt og komfort.<\/p>\n<p>- Programmerbarhet<br \/>\nGj\u00f8r det mulig \u00e5 lage personlige programmer for \u00e5 skreddersy spesifikke programmer for visse unike behandlingssituasjoner.<\/p>\n<p><span lang=\"SV\">- Praktisk veiledning<\/span><span lang=\"SV\"><br \/>\nEn detaljert praktisk h\u00e5ndbok med bilder som hjelper deg som terapeut med \u00e5 velge riktig program og parametere i ulike behandlingssituasjoner.<span class=\"apple-converted-space\"> <\/span><\/span> <\/p>\n<p><span lang=\"SV\">- Smart automatisk lading med tilh\u00f8rende kabel. Stimulatoren er fulladet etter maks. 2,5 timer. <\/span><\/p>\n<p>- Maksimal pulsintensitet: 120 mA<br \/>\n- Pulsbredde: 30 - 400 \u00b5s<br \/>\n- Pulsfrekvens: 1 - 150 Hz<\/p>\n<p>- Garantien gjelder i 3 \u00e5r fra kj\u00f8psdatoen.<\/p>\n<p>Chattanooga Theta Muscle Stimulator er en ideell l\u00f8sning for dem som er p\u00e5 utkikk etter en effektiv og p\u00e5litelig metode for \u00e5 st\u00f8tte muskelrestitusjon, smertelindring og rehabilitering.<\/p>\n","protected":false},"excerpt":{"rendered":"<p><strong>Chattanooga Theta Muscle Stimulator er et avansert apparat som er utviklet for effektiv muskelstimulering og rehabilitering. Denne enheten er ideell for bruk i fysioterapi, klinikker og hjemmebehandling, der den bidrar til \u00e5 lindre smerte, forbedre muskelstyrken og fremme rehabilitering. Theta-modellen er kjent for sin brukervennlighet og p\u00e5litelige ytelse, noe som gj\u00f8r den til et popul\u00e6rt valg blant fagfolk og pasienter.  <\/strong><\/p>\n","protected":false},"featured_media":84592,"comment_status":"closed","ping_status":"closed","template":"","meta":{"_acf_changed":false},"product_brand":[],"product_cat":[2715,2013,2029,2030,1950,1937],"product_tag":[2612,2019],"class_list":{"0":"post-84590","1":"product","2":"type-product","3":"status-publish","4":"has-post-thumbnail","6":"product_cat-chattanooga-no","7":"product_cat-compex-no-2","8":"product_cat-compex-muskelstimulator-no","9":"product_cat-compex-muskelstimulator-no-2","10":"product_cat-elektroterapi","11":"product_cat-merkevarer","12":"product_tag-chattanooga-no","13":"product_tag-compex-no","15":"first","16":"instock","17":"taxable","18":"shipping-taxable","19":"purchasable","20":"product-type-simple"},"acf":[],"_links":{"self":[{"href":"https:\/\/fysiolab.dk\/no\/wp-json\/wp\/v2\/product\/84590","targetHints":{"allow":["GET"]}}],"collection":[{"href":"https:\/\/fysiolab.dk\/no\/wp-json\/wp\/v2\/product"}],"about":[{"href":"https:\/\/fysiolab.dk\/no\/wp-json\/wp\/v2\/types\/product"}],"replies":[{"embeddable":true,"href":"https:\/\/fysiolab.dk\/no\/wp-json\/wp\/v2\/comments?post=84590"}],"wp:featuredmedia":[{"embeddable":true,"href":"https:\/\/fysiolab.dk\/no\/wp-json\/wp\/v2\/media\/84592"}],"wp:attachment":[{"href":"https:\/\/fysiolab.dk\/no\/wp-json\/wp\/v2\/media?parent=84590"}],"wp:term":[{"taxonomy":"product_brand","embeddable":true,"href":"https:\/\/fysiolab.dk\/no\/wp-json\/wp\/v2\/product_brand?post=84590"},{"taxonomy":"product_cat","embeddable":true,"href":"https:\/\/fysiolab.dk\/no\/wp-json\/wp\/v2\/product_cat?post=84590"},{"taxonomy":"product_tag","embeddable":true,"href":"https:\/\/fysiolab.dk\/no\/wp-json\/wp\/v2\/product_tag?post=84590"}],"curies":[{"name":"wp","href":"https:\/\/api.w.org\/{rel}","templated":true}]}}