{"id":84595,"date":"2025-04-01T19:39:13","date_gmt":"2025-04-01T17:39:13","guid":{"rendered":"https:\/\/fysiolab.dk\/product\/chattanooga-rehab-muskelstimulator\/"},"modified":"2025-12-18T09:20:37","modified_gmt":"2025-12-18T08:20:37","slug":"chattanooga-rehab-muskelstimulator","status":"publish","type":"product","link":"https:\/\/fysiolab.dk\/no\/product\/chattanooga-rehab-muskelstimulator\/","title":{"rendered":"Chattanooga Rehab Muskelstimulator"},"content":{"rendered":"<p><strong>Chattanooga Rehab Muskelstimulator<\/strong><\/p>\n<p>Chattanooga Rehab Muscle Stimulator er et avansert apparat som er utviklet for effektiv muskelstimulering og rehabilitering. Denne enheten er ideell for fysioterapeuter, klinikker og hjemmetrening, da den bidrar til \u00e5 lindre smerte, fremme muskelrestitusjon og forbedre bevegeligheten. <\/p>\n<p>Med en rekke programmer og intensitetsinnstillinger kan Chattanooga Rehab tilpasses n\u00f8yaktig til hver enkelt pasients behov. Den bruker elektrisk stimulering for \u00e5 aktivere musklene, noe som kan hjelpe med alt fra akutt smertelindring til langsiktig muskeloppbygging og rehabilitering. <\/p>\n<p><strong>Fordelene med Chattanooga Rehab Muscle Stimulator:<\/strong><\/p>\n<ul>\n<li>Effektiv smertelindring og muskelrehabilitering<\/li>\n<li>Skreddersydde programmer og intensiteter for presis behandling<\/li>\n<li>Enkel \u00e5 bruke og fleksibel for b\u00e5de klinisk bruk og hjemmebruk<\/li>\n<li>H\u00f8y kvalitet og p\u00e5litelighet fra Chattanooga<\/li>\n<\/ul>\n<p><strong>Inkludert:<\/strong><\/p>\n<ul>\n<li>Lader<\/li>\n<li>Batteripakke<\/li>\n<li>Kabling<\/li>\n<li>Bruksanvisning + USB<\/li>\n<li>Gel<\/li>\n<li>Motorisk spiss penn<\/li>\n<li>Reiseveske<\/li>\n<li>Snap-adapter (slik at du kan bytte mellom pinnetilkobling og snap-tilkobling)<\/li>\n<li>Elektroder: 2 poser 5&#215;5 cm (4 stk.) og 2 poser 5&#215;10 cm (2 stk.)<\/li>\n<\/ul>\n<p><strong><span lang=\"SV\">Funksjoner og fordeler<\/span><\/strong><\/p>\n<p><span lang=\"SV\">- 4 behandlingsprogrammer<\/span><span lang=\"SV\">(hver kategori inneholder en rekke ulike programmer)<br \/>\n<\/span><span lang=\"SV\">Rehabilitering I<br \/>\n<\/span><span lang=\"SV\">Smertelindring I<br \/>\n<\/span><span lang=\"SV\">Sirkulasjon I<br \/>\n<\/span><span lang=\"SV\">Programkonfigurasjon Standard <\/span> <\/p>\n<p><span lang=\"SV\">- Mi-Ready - bestilles separat! (V\u00e5r MI-teknologi, Muscle Intelligence\u2122-teknologi, er unik p\u00e5 markedet. Den gir automatisk stimulering tilpasset den enkelte pasients fysiologi). <span class=\"apple-converted-space\"> <\/span>4 funksjoner - Mi-Scan, Mi-Tens, Mi-Range og Mi-Action.<\/span><\/p>\n<p>- 2+2<br \/>\nVelg program for kanal 1 og 2, og velg deretter et annet program for kanal 3 og 4. Dette gj\u00f8r at du kan behandle to forskjellige kroppsdeler eller to pasienter samtidig, og funksjonen muliggj\u00f8r samtidig TENS- og NMES-stimulering.<\/p>\n<p><span lang=\"SV\">- Skip-funksjonen gj\u00f8r det mulig \u00e5 hoppe fremover i et sekvensielt stimuleringsprogram for \u00e5 g\u00e5 til neste sekvens.  <\/span><\/p>\n<p>- Motorpunktpenn medf\u00f8lger, som du bruker til \u00e5 lokalisere motorpunktet n\u00f8yaktig for optimal NMES-stimulering og for best mulig effekt og komfort.<span class=\"apple-converted-space\"> <\/span><\/p>\n<p>- Programmerbarhet<br \/>\nGj\u00f8r det mulig \u00e5 lage personlige programmer for \u00e5 skreddersy spesifikke programmer for visse unike behandlingssituasjoner.<\/p>\n<p>- Praktisk h\u00e5ndbok<br \/>\nDet er utviklet en detaljert praktisk h\u00e5ndbok som skal hjelpe deg som terapeut med \u00e5 velge riktig program og parametere i ulike behandlingssituasjoner.<span class=\"apple-converted-space\"> <\/span><\/p>\n<p><span lang=\"SV\">- Smart automatisk lading med tilh\u00f8rende kabel. Stimulatoren er fulladet etter maks. 2,5 timer. <\/span><\/p>\n<p>- Maksimal pulsintensitet: 120 mA<br \/>\n- Pulsbredde: 30 - 400 \u00b5s<br \/>\n- Pulsfrekvens: 1 - 150 Hz<\/p>\n<p><strong>- Garantien gjelder i 3 \u00e5r fra kj\u00f8psdatoen.<\/strong><\/p>\n<p>Opplev bedre muskelrestitusjon og smertelindring med Chattanooga Rehab Muscle Stimulator - en p\u00e5litelig l\u00f8sning for effektiv muskelstimulering.<\/p>\n","protected":false},"excerpt":{"rendered":"<p><strong>Chattanooga Rehab Muscle Stimulator er et avansert apparat som er utviklet for effektiv muskelstimulering og rehabilitering. Denne enheten er ideell for fysioterapeuter, klinikker og hjemmetrening, da den bidrar til \u00e5 lindre smerte, fremme muskelrestitusjon og forbedre bevegeligheten. <\/strong><\/p>\n<p>&nbsp;<\/p>\n","protected":false},"featured_media":84597,"comment_status":"closed","ping_status":"closed","template":"","meta":{"_acf_changed":false},"product_brand":[],"product_cat":[2715,2013,2029,2030,1950,1937],"product_tag":[2612,2019],"class_list":{"0":"post-84595","1":"product","2":"type-product","3":"status-publish","4":"has-post-thumbnail","6":"product_cat-chattanooga-no","7":"product_cat-compex-no-2","8":"product_cat-compex-muskelstimulator-no","9":"product_cat-compex-muskelstimulator-no-2","10":"product_cat-elektroterapi","11":"product_cat-merkevarer","12":"product_tag-chattanooga-no","13":"product_tag-compex-no","15":"first","16":"instock","17":"taxable","18":"shipping-taxable","19":"purchasable","20":"product-type-simple"},"acf":[],"_links":{"self":[{"href":"https:\/\/fysiolab.dk\/no\/wp-json\/wp\/v2\/product\/84595","targetHints":{"allow":["GET"]}}],"collection":[{"href":"https:\/\/fysiolab.dk\/no\/wp-json\/wp\/v2\/product"}],"about":[{"href":"https:\/\/fysiolab.dk\/no\/wp-json\/wp\/v2\/types\/product"}],"replies":[{"embeddable":true,"href":"https:\/\/fysiolab.dk\/no\/wp-json\/wp\/v2\/comments?post=84595"}],"wp:featuredmedia":[{"embeddable":true,"href":"https:\/\/fysiolab.dk\/no\/wp-json\/wp\/v2\/media\/84597"}],"wp:attachment":[{"href":"https:\/\/fysiolab.dk\/no\/wp-json\/wp\/v2\/media?parent=84595"}],"wp:term":[{"taxonomy":"product_brand","embeddable":true,"href":"https:\/\/fysiolab.dk\/no\/wp-json\/wp\/v2\/product_brand?post=84595"},{"taxonomy":"product_cat","embeddable":true,"href":"https:\/\/fysiolab.dk\/no\/wp-json\/wp\/v2\/product_cat?post=84595"},{"taxonomy":"product_tag","embeddable":true,"href":"https:\/\/fysiolab.dk\/no\/wp-json\/wp\/v2\/product_tag?post=84595"}],"curies":[{"name":"wp","href":"https:\/\/api.w.org\/{rel}","templated":true}]}}