{"id":84596,"date":"2025-04-01T20:40:58","date_gmt":"2025-04-01T18:40:58","guid":{"rendered":"https:\/\/fysiolab.dk\/product\/rehabmedic-elastisk-knestoette\/"},"modified":"2025-12-18T09:20:36","modified_gmt":"2025-12-18T08:20:36","slug":"rehabmedic-elastisk-knestoette","status":"publish","type":"product","link":"https:\/\/fysiolab.dk\/no\/product\/rehabmedic-elastisk-knestoette\/","title":{"rendered":"RehabMedic Elastisk knest\u00f8tte"},"content":{"rendered":"<p><strong>RehabMedic Elastisk knest\u00f8tte - Beige<\/strong><\/p>\n<p>RehabMedic Elastic Knee Support er den ideelle l\u00f8sningen for deg som trenger st\u00f8tte og kompresjon for kneet. Bandasjen kan tilpasses for \u00e5 sikre riktig mengde st\u00f8tte og kompresjon i henhold til personlige behov og preferanser. <\/p>\n<p>Knest\u00f8tten er laget av pustende materiale, noe som gj\u00f8r den behagelig \u00e5 ha p\u00e5 seg i lengre tid, samtidig som den s\u00f8rger for god luftsirkulasjon. Den er ogs\u00e5 vaskbar og gjenbrukbar, noe som gj\u00f8r den b\u00e5de \u00f8konomisk og milj\u00f8vennlig. <\/p>\n<p>Fordeler med RehabMedic Elastic Knee Support:<\/p>\n<ul>\n<li><strong>Beige farge:<\/strong> Diskret og passer til de fleste antrekk.<\/li>\n<li><strong>Justerbar st\u00f8tte og kompresjon:<\/strong> Tilpasset den enkelte bruker for optimal komfort og ytelse.<\/li>\n<li><strong>Pustende og behagelig:<\/strong> Holder huden t\u00f8rr og behagelig hele dagen.<\/li>\n<li><strong>Gjenbrukbar og vaskbar:<\/strong> Enkel \u00e5 vaske og gjenbruke, noe som gj\u00f8r den b\u00e5de praktisk og \u00f8konomisk.<\/li>\n<\/ul>\n<p>RehabMedic Elastic Knee Support er et perfekt valg for deg som \u00f8nsker effektiv knest\u00f8tte samtidig som den gir komfort, fleksibilitet og holdbarhet i \u00e9n og samme l\u00f8sning.<\/p>\n","protected":false},"excerpt":{"rendered":"<p><strong>RehabMedic Elastic Knee Support er den ideelle l\u00f8sningen for deg som trenger st\u00f8tte og kompresjon for kneet. Bandasjen kan tilpasses for \u00e5 sikre riktig mengde st\u00f8tte og kompresjon i henhold til personlige behov og preferanser. <\/strong><\/p>\n<p><strong>Knest\u00f8tten er laget av pustende materiale, noe som gj\u00f8r den behagelig \u00e5 ha p\u00e5 seg i lengre tid, samtidig som den s\u00f8rger for god luftsirkulasjon. Den er ogs\u00e5 vaskbar og gjenbrukbar, noe som gj\u00f8r den b\u00e5de \u00f8konomisk og milj\u00f8vennlig. <\/strong><\/p>\n<p>&nbsp;<\/p>\n","protected":false},"featured_media":84598,"comment_status":"closed","ping_status":"closed","template":"","meta":{"_acf_changed":false},"product_brand":[3087],"product_cat":[1974,1978,1975,1937,1976,1943,1933,2016],"product_tag":[1944],"class_list":{"0":"post-84596","1":"product","2":"type-product","3":"status-publish","4":"has-post-thumbnail","6":"product_brand-rehabmedic","7":"product_cat-forstuet-kne","8":"product_cat-knestoetter","9":"product_cat-lett-ustabilitet-ustabil","10":"product_cat-merkevarer","11":"product_cat-overbelastning-no","12":"product_cat-rehabmedic-no","13":"product_cat-skinner-og-stoetteskinner","14":"product_cat-uttak","15":"product_tag-rehabmedic-no","17":"first","18":"instock","19":"sale","20":"taxable","21":"shipping-taxable","22":"purchasable","23":"product-type-simple"},"acf":[],"_links":{"self":[{"href":"https:\/\/fysiolab.dk\/no\/wp-json\/wp\/v2\/product\/84596","targetHints":{"allow":["GET"]}}],"collection":[{"href":"https:\/\/fysiolab.dk\/no\/wp-json\/wp\/v2\/product"}],"about":[{"href":"https:\/\/fysiolab.dk\/no\/wp-json\/wp\/v2\/types\/product"}],"replies":[{"embeddable":true,"href":"https:\/\/fysiolab.dk\/no\/wp-json\/wp\/v2\/comments?post=84596"}],"wp:featuredmedia":[{"embeddable":true,"href":"https:\/\/fysiolab.dk\/no\/wp-json\/wp\/v2\/media\/84598"}],"wp:attachment":[{"href":"https:\/\/fysiolab.dk\/no\/wp-json\/wp\/v2\/media?parent=84596"}],"wp:term":[{"taxonomy":"product_brand","embeddable":true,"href":"https:\/\/fysiolab.dk\/no\/wp-json\/wp\/v2\/product_brand?post=84596"},{"taxonomy":"product_cat","embeddable":true,"href":"https:\/\/fysiolab.dk\/no\/wp-json\/wp\/v2\/product_cat?post=84596"},{"taxonomy":"product_tag","embeddable":true,"href":"https:\/\/fysiolab.dk\/no\/wp-json\/wp\/v2\/product_tag?post=84596"}],"curies":[{"name":"wp","href":"https:\/\/api.w.org\/{rel}","templated":true}]}}