{"id":84600,"date":"2025-04-01T17:54:44","date_gmt":"2025-04-01T15:54:44","guid":{"rendered":"https:\/\/fysiolab.dk\/product\/valutrode-elektroder-50x100-mm-4-stk\/"},"modified":"2025-12-18T09:20:38","modified_gmt":"2025-12-18T08:20:38","slug":"valutrode-elektroder-50x100-mm-4-stk","status":"publish","type":"product","link":"https:\/\/fysiolab.dk\/no\/product\/valutrode-elektroder-50x100-mm-4-stk\/","title":{"rendered":"ValuTrode elektroder 50&#215;100 mm 4 stk."},"content":{"rendered":"<p><strong>ValuTrode X-elektroder - 4 stk (50&#215;100 mm)<\/strong><\/p>\n<p>ValuTrode X-elektrodene er utviklet for \u00e5 gi en behagelig og effektiv behandling med b\u00e5de TENS- og EMS-enheter. Den avanserte gelen sikrer utmerket vedheft, slik at elektrodene sitter sikkert p\u00e5 plass under bruk - selv etter gjentatte p\u00e5f\u00f8ringer. <\/p>\n<p><strong>Disse elektrodene kan brukes til f\u00f8lgende apparater i v\u00e5rt sortiment:<\/strong><\/p>\n<p><a href=\"https:\/\/fysiolab.dk\/no\/product\/cefar-tens-smertelindring\/\"><strong>Cefar Tens Smertelindring<\/strong><\/a><\/p>\n<p><a href=\"https:\/\/fysiolab.dk\/no\/product\/cefar-basic-tens-stimulator\/\"><strong>Cefar Basic Tens  <\/strong><\/a><\/p>\n<p><a href=\"https:\/\/fysiolab.dk\/no\/product\/cefar-rehab-x2-muskelstimulator\/\"><strong>Cefar Rehab X2<\/strong><\/a><\/p>\n<p>Disse elektrodene er spesielt godt egnet for sensitiv hud, da de er sk\u00e5nsomme og behagelige \u00e5 bruke uten \u00e5 irritere. Perfekt for smertelindring, muskelstimulering og rehabilitering. <\/p>\n<p><strong>Spesifikasjoner:<\/strong><\/p>\n<ul>\n<li>St\u00f8rrelse: 50&#215;100 mm<\/li>\n<li>Antall: 4 stykker per pakke<\/li>\n<li>Lang holdbarhet - kan brukes flere ganger<\/li>\n<li>Sk\u00e5nsom mot huden<\/li>\n<li>Passer til de fleste TENS- og EMS-apparater<\/li>\n<\/ul>\n<p><strong>Oppn\u00e5 komfortabel og stabil behandling med ValuTrode X-elektroder - en p\u00e5litelig l\u00f8sning for din behandling!<\/strong><\/p>\n","protected":false},"excerpt":{"rendered":"<p><strong>ValuTrode X-elektrodene er utviklet for \u00e5 gi en behagelig og effektiv behandling med b\u00e5de TENS- og EMS-enheter. Den avanserte gelen sikrer utmerket vedheft, slik at elektrodene sitter sikkert p\u00e5 plass under bruk - selv etter gjentatte p\u00e5f\u00f8ringer. <\/strong><\/p>\n","protected":false},"featured_media":84602,"comment_status":"closed","ping_status":"closed","template":"","meta":{"_acf_changed":false},"product_brand":[3107],"product_cat":[1950,1937,1951,1952],"product_tag":[1953],"class_list":{"0":"post-84600","1":"product","2":"type-product","3":"status-publish","4":"has-post-thumbnail","6":"product_brand-valutrode","7":"product_cat-elektroterapi","8":"product_cat-merkevarer","9":"product_cat-valutrode-no","10":"product_cat-valutrode-elektroder-no","11":"product_tag-valutrode-no","13":"first","14":"instock","15":"sale","16":"taxable","17":"shipping-taxable","18":"purchasable","19":"product-type-simple"},"acf":[],"_links":{"self":[{"href":"https:\/\/fysiolab.dk\/no\/wp-json\/wp\/v2\/product\/84600","targetHints":{"allow":["GET"]}}],"collection":[{"href":"https:\/\/fysiolab.dk\/no\/wp-json\/wp\/v2\/product"}],"about":[{"href":"https:\/\/fysiolab.dk\/no\/wp-json\/wp\/v2\/types\/product"}],"replies":[{"embeddable":true,"href":"https:\/\/fysiolab.dk\/no\/wp-json\/wp\/v2\/comments?post=84600"}],"wp:featuredmedia":[{"embeddable":true,"href":"https:\/\/fysiolab.dk\/no\/wp-json\/wp\/v2\/media\/84602"}],"wp:attachment":[{"href":"https:\/\/fysiolab.dk\/no\/wp-json\/wp\/v2\/media?parent=84600"}],"wp:term":[{"taxonomy":"product_brand","embeddable":true,"href":"https:\/\/fysiolab.dk\/no\/wp-json\/wp\/v2\/product_brand?post=84600"},{"taxonomy":"product_cat","embeddable":true,"href":"https:\/\/fysiolab.dk\/no\/wp-json\/wp\/v2\/product_cat?post=84600"},{"taxonomy":"product_tag","embeddable":true,"href":"https:\/\/fysiolab.dk\/no\/wp-json\/wp\/v2\/product_tag?post=84600"}],"curies":[{"name":"wp","href":"https:\/\/api.w.org\/{rel}","templated":true}]}}