{"id":84610,"date":"2025-03-31T07:52:37","date_gmt":"2025-03-31T05:52:37","guid":{"rendered":"https:\/\/fysiolab.dk\/product\/rehabmedic-haelstoette-i-silikon\/"},"modified":"2025-12-18T09:20:38","modified_gmt":"2025-12-18T08:20:38","slug":"rehabmedic-haelstoette-i-silikon","status":"publish","type":"product","link":"https:\/\/fysiolab.dk\/no\/product\/rehabmedic-haelstoette-i-silikon\/","title":{"rendered":"RehabMedic H\u00e6lst\u00f8tte i silikon"},"content":{"rendered":"<p><strong>RehabMedic Silicone Heel Support - St\u00f8tdemping og avlastning<\/strong><\/p>\n<p>RehabMedic silikonh\u00e6lst\u00f8tte er utviklet for \u00e5 redusere belastningen og gi effektiv st\u00f8tdemping ved gange og l\u00f8ping. Den avlaster h\u00e6lputen og anbefales spesielt ved smerter i h\u00e6len, h\u00e6lspore og smerter i akillessenefestet. <\/p>\n<p>Det myke silikonet s\u00f8rger for h\u00f8y komfort og optimal trykkfordeling, noe som gj\u00f8r h\u00e6lst\u00f8tten ideell til hverdagsbruk eller sport.<\/p>\n<p><strong>St\u00f8rrelser:<\/strong><\/p>\n<ul>\n<li>Medium: Skost\u00f8rrelse 34-37<\/li>\n<li>Large: Skost\u00f8rrelse 38-42.<\/li>\n<li>X-Large Skost\u00f8rrelse. +42<\/li>\n<\/ul>\n","protected":false},"excerpt":{"rendered":"<p><strong>RehabMedic silikonh\u00e6lst\u00f8tte (1 par) er utviklet for \u00e5 redusere belastningen og gi effektiv st\u00f8tdemping ved gange og l\u00f8ping. Den avlaster h\u00e6lputen og anbefales spesielt ved smerter i h\u00e6len, h\u00e6lspore og smerter i akillessenefestet.   <\/strong><\/p>\n<p><strong>Det myke silikonet s\u00f8rger for h\u00f8y komfort og optimal trykkfordeling, noe som gj\u00f8r h\u00e6lst\u00f8tten ideell til hverdagsbruk eller sport.<\/strong><\/p>\n<p>&nbsp;<\/p>\n","protected":false},"featured_media":84629,"comment_status":"closed","ping_status":"closed","template":"","meta":{"_acf_changed":false},"product_brand":[],"product_cat":[1992,1996,1937,1943,1933,2016],"product_tag":[1944],"class_list":{"0":"post-84610","1":"product","2":"type-product","3":"status-publish","4":"has-post-thumbnail","6":"product_cat-ankelskinne","7":"product_cat-haelspore-no","8":"product_cat-merkevarer","9":"product_cat-rehabmedic-no","10":"product_cat-skinner-og-stoetteskinner","11":"product_cat-uttak","12":"product_tag-rehabmedic-no","14":"first","15":"instock","16":"sale","17":"taxable","18":"shipping-taxable","19":"purchasable","20":"product-type-variable"},"acf":[],"_links":{"self":[{"href":"https:\/\/fysiolab.dk\/no\/wp-json\/wp\/v2\/product\/84610","targetHints":{"allow":["GET"]}}],"collection":[{"href":"https:\/\/fysiolab.dk\/no\/wp-json\/wp\/v2\/product"}],"about":[{"href":"https:\/\/fysiolab.dk\/no\/wp-json\/wp\/v2\/types\/product"}],"replies":[{"embeddable":true,"href":"https:\/\/fysiolab.dk\/no\/wp-json\/wp\/v2\/comments?post=84610"}],"wp:featuredmedia":[{"embeddable":true,"href":"https:\/\/fysiolab.dk\/no\/wp-json\/wp\/v2\/media\/84629"}],"wp:attachment":[{"href":"https:\/\/fysiolab.dk\/no\/wp-json\/wp\/v2\/media?parent=84610"}],"wp:term":[{"taxonomy":"product_brand","embeddable":true,"href":"https:\/\/fysiolab.dk\/no\/wp-json\/wp\/v2\/product_brand?post=84610"},{"taxonomy":"product_cat","embeddable":true,"href":"https:\/\/fysiolab.dk\/no\/wp-json\/wp\/v2\/product_cat?post=84610"},{"taxonomy":"product_tag","embeddable":true,"href":"https:\/\/fysiolab.dk\/no\/wp-json\/wp\/v2\/product_tag?post=84610"}],"curies":[{"name":"wp","href":"https:\/\/api.w.org\/{rel}","templated":true}]}}