{"id":84626,"date":"2025-04-01T18:33:46","date_gmt":"2025-04-01T16:33:46","guid":{"rendered":"https:\/\/fysiolab.dk\/product\/2-moduler-for-compex-sp-6-0-og-8-0\/"},"modified":"2025-12-18T09:20:37","modified_gmt":"2025-12-18T08:20:37","slug":"2-moduler-for-compex-sp-6-0-og-8-0","status":"publish","type":"product","link":"https:\/\/fysiolab.dk\/no\/product\/2-moduler-for-compex-sp-6-0-og-8-0\/","title":{"rendered":"2 moduler for Compex SP. 6.0 og 8.0"},"content":{"rendered":"<p><strong>Compex Wireless Modules - Ekstra moduler for SP 6.0 og SP 8.0<\/strong><\/p>\n<p>Utvid din <a href=\"https:\/\/fysiolab.dk\/no\/product\/compex-sport-6-0-traadloes-muskelstimulator\/\"><strong>Compex SP 6.0<\/strong> <\/a>eller <a href=\"https:\/\/fysiolab.dk\/no\/product\/compex-sport-8-0-traadloes-muskelstimulator\/\"><strong>Compex Sp 8.0<\/strong><\/a> med flere tr\u00e5dl\u00f8se moduler for enda mer effektiv muskelstimulering. Med disse modulene kan du stimulere flere muskelgrupper samtidig, slik at du kan optimalisere trening, restitusjon eller rehabilitering. <\/p>\n<p>Med tilleggsmoduler kan du stimulere flere muskler samtidig for bedre resultater, tilpasse behandlingen med flere elektroder og f\u00e5 maksimal fleksibilitet i muskelstimuleringen. Modulene kan enkelt kobles tr\u00e5dl\u00f8st til Compex-enheten din for en enda mer skreddersydd opplevelse. <\/p>\n<p>Perfekt for b\u00e5de idrettsut\u00f8vere og fysioterapeuter - oppgrader din Compex-opplevelse med tilleggsmoduler.<\/p>\n","protected":false},"excerpt":{"rendered":"<p><strong>Utvid din Compex SP 6.0 eller SP 8.0 med flere tr\u00e5dl\u00f8se moduler for enda mer effektiv muskelstimulering. Med disse modulene kan du stimulere flere muskelgrupper samtidig, slik at du kan optimalisere treningen, restitusjonen eller rehabiliteringen. <\/strong><\/p>\n","protected":false},"featured_media":84632,"comment_status":"closed","ping_status":"closed","template":"","meta":{"_acf_changed":false},"product_brand":[],"product_cat":[2013,1950,1937,2507],"product_tag":[2019],"class_list":{"0":"post-84626","1":"product","2":"type-product","3":"status-publish","4":"has-post-thumbnail","6":"product_cat-compex-no-2","7":"product_cat-elektroterapi","8":"product_cat-merkevarer","9":"product_cat-tilbehoer-no","10":"product_tag-compex-no","12":"first","13":"instock","14":"taxable","15":"shipping-taxable","16":"purchasable","17":"product-type-simple"},"acf":[],"_links":{"self":[{"href":"https:\/\/fysiolab.dk\/no\/wp-json\/wp\/v2\/product\/84626","targetHints":{"allow":["GET"]}}],"collection":[{"href":"https:\/\/fysiolab.dk\/no\/wp-json\/wp\/v2\/product"}],"about":[{"href":"https:\/\/fysiolab.dk\/no\/wp-json\/wp\/v2\/types\/product"}],"replies":[{"embeddable":true,"href":"https:\/\/fysiolab.dk\/no\/wp-json\/wp\/v2\/comments?post=84626"}],"wp:featuredmedia":[{"embeddable":true,"href":"https:\/\/fysiolab.dk\/no\/wp-json\/wp\/v2\/media\/84632"}],"wp:attachment":[{"href":"https:\/\/fysiolab.dk\/no\/wp-json\/wp\/v2\/media?parent=84626"}],"wp:term":[{"taxonomy":"product_brand","embeddable":true,"href":"https:\/\/fysiolab.dk\/no\/wp-json\/wp\/v2\/product_brand?post=84626"},{"taxonomy":"product_cat","embeddable":true,"href":"https:\/\/fysiolab.dk\/no\/wp-json\/wp\/v2\/product_cat?post=84626"},{"taxonomy":"product_tag","embeddable":true,"href":"https:\/\/fysiolab.dk\/no\/wp-json\/wp\/v2\/product_tag?post=84626"}],"curies":[{"name":"wp","href":"https:\/\/api.w.org\/{rel}","templated":true}]}}