{"id":84637,"date":"2025-03-30T18:30:29","date_gmt":"2025-03-30T16:30:29","guid":{"rendered":"https:\/\/fysiolab.dk\/product\/kald-bandasje-for-kne-og-albue\/"},"modified":"2025-12-18T09:20:38","modified_gmt":"2025-12-18T08:20:38","slug":"kald-bandasje-for-kne-og-albue","status":"publish","type":"product","link":"https:\/\/fysiolab.dk\/no\/product\/kald-bandasje-for-kne-og-albue\/","title":{"rendered":"Kald bandasje for kne og albue"},"content":{"rendered":"<p><strong>Kald bandasje for kne og albue - Anatomisk form for optimal behandling<\/strong><\/p>\n<p>Denne kuldekompressen er spesialdesignet for kn\u00e6r og albuer, og har en anatomisk form som sikrer en tettsittende og behagelig passform. Den gir effektiv kuldebehandling som bidrar til \u00e5 redusere hevelse, minimere smerte og fremme tilheling ved akutte skader. <\/p>\n<p>Bandasjen er enkel \u00e5 justere og gir en jevn fordeling av kulde for \u00e5 maksimere effekten av behandlingen.  <a href=\"https:\/\/fysiolab.dk\/no\/product\/kulde-varmepose\/?attribute_pa_stoerrelse=oe23cm\"><strong>Ispose kj\u00f8pes separat her<\/strong><\/a><\/p>\n<p><strong>Anbefales for:<\/strong><\/p>\n<ul>\n<li>Akutte skader som forstuinger og forstrekninger<\/li>\n<li>Smerte og hevelse i kne eller albue<\/li>\n<li>Restitusjon etter idrett eller kirurgi<\/li>\n<\/ul>\n<p>Bandasjen er enkel \u00e5 justere slik at kulden fordeles jevnt over det skadede omr\u00e5det for maksimal effekt. Ideell for rask smertelindring og bedre tilheling. <\/p>\n<p>Bestill kj\u00f8lepakken din i dag og f\u00e5 effektiv lindring for kn\u00e6r og albuer!<\/p>\n","protected":false},"excerpt":{"rendered":"<p><strong>Denne kuldekompressen er spesialdesignet for kn\u00e6r og albuer, og har en anatomisk form som sikrer en tettsittende og behagelig passform. Den gir effektiv kuldebehandling som bidrar til \u00e5 redusere hevelse, minimere smerte og fremme tilheling ved akutte skader. <\/strong><\/p>\n<p>&nbsp;<\/p>\n","protected":false},"featured_media":84639,"comment_status":"closed","ping_status":"closed","template":"","meta":{"_acf_changed":false},"product_brand":[],"product_cat":[2433,2119,2120,2121,1937,1943,1941,1933],"product_tag":[1944],"class_list":{"0":"post-84637","1":"product","2":"type-product","3":"status-publish","4":"has-post-thumbnail","6":"product_cat-avlastning-ved-forkjoelelse","7":"product_cat-kald-og-varmebehandling","8":"product_cat-kalde-pakninger","9":"product_cat-kalde-tetninger","10":"product_cat-merkevarer","11":"product_cat-rehabmedic-no","12":"product_cat-rekonvalesens-og-sportspleie","13":"product_cat-skinner-og-stoetteskinner","14":"product_tag-rehabmedic-no","16":"first","17":"instock","18":"taxable","19":"shipping-taxable","20":"purchasable","21":"product-type-simple"},"acf":[],"_links":{"self":[{"href":"https:\/\/fysiolab.dk\/no\/wp-json\/wp\/v2\/product\/84637","targetHints":{"allow":["GET"]}}],"collection":[{"href":"https:\/\/fysiolab.dk\/no\/wp-json\/wp\/v2\/product"}],"about":[{"href":"https:\/\/fysiolab.dk\/no\/wp-json\/wp\/v2\/types\/product"}],"replies":[{"embeddable":true,"href":"https:\/\/fysiolab.dk\/no\/wp-json\/wp\/v2\/comments?post=84637"}],"wp:featuredmedia":[{"embeddable":true,"href":"https:\/\/fysiolab.dk\/no\/wp-json\/wp\/v2\/media\/84639"}],"wp:attachment":[{"href":"https:\/\/fysiolab.dk\/no\/wp-json\/wp\/v2\/media?parent=84637"}],"wp:term":[{"taxonomy":"product_brand","embeddable":true,"href":"https:\/\/fysiolab.dk\/no\/wp-json\/wp\/v2\/product_brand?post=84637"},{"taxonomy":"product_cat","embeddable":true,"href":"https:\/\/fysiolab.dk\/no\/wp-json\/wp\/v2\/product_cat?post=84637"},{"taxonomy":"product_tag","embeddable":true,"href":"https:\/\/fysiolab.dk\/no\/wp-json\/wp\/v2\/product_tag?post=84637"}],"curies":[{"name":"wp","href":"https:\/\/api.w.org\/{rel}","templated":true}]}}