{"id":84641,"date":"2025-03-30T18:19:17","date_gmt":"2025-03-30T16:19:17","guid":{"rendered":"https:\/\/fysiolab.dk\/product\/kald-bandasje-for-fot-ankel-og-haandledd\/"},"modified":"2025-12-18T09:20:38","modified_gmt":"2025-12-18T08:20:38","slug":"kald-bandasje-for-fot-ankel-og-haandledd","status":"publish","type":"product","link":"https:\/\/fysiolab.dk\/no\/product\/kald-bandasje-for-fot-ankel-og-haandledd\/","title":{"rendered":"Kald bandasje for fot, ankel og h\u00e5ndledd"},"content":{"rendered":"<p><strong>Kald bandasje for fot, ankel og h\u00e5ndledd - optimal passform og effektiv smertelindring<\/strong><\/p>\n<p>Denne kuldebandasjen er utviklet for \u00e5 gi m\u00e5lrettet kuldebehandling til fot, ankel og h\u00e5ndledd. Med sin ergonomiske passform gir bandasjen en tettsittende og behagelig st\u00f8tte som effektivt lindrer smerte og reduserer hevelse ved akutte skader. <\/p>\n<p><strong>Anbefales for:<\/strong><\/p>\n<ul>\n<li>Akutte skader som forstuinger og forstrekninger<\/li>\n<li>Smertelindring og reduksjon av hevelser<\/li>\n<li>Restitusjon etter idrett eller fysisk aktivitet<\/li>\n<\/ul>\n<p>Bandasjen er enkel \u00e5 justere og gir en jevn fordeling av kulde for \u00e5 maksimere effekten av behandlingen.  <a href=\"https:\/\/fysiolab.dk\/no\/product\/kulde-varmepose\/\"><strong>Ispose selges separat her<\/strong><\/a><\/p>\n<p>Bestill din kuldepakke i dag og f\u00e5 rask og effektiv smertelindring!<\/p>\n","protected":false},"excerpt":{"rendered":"<p><strong>Denne kuldebandasjen er utviklet for \u00e5 gi m\u00e5lrettet kuldebehandling til fot, ankel og h\u00e5ndledd. Med sin ergonomiske passform gir bandasjen en tettsittende og behagelig st\u00f8tte som effektivt lindrer smerte og reduserer hevelse ved akutte skader. <\/strong><\/p>\n","protected":false},"featured_media":84643,"comment_status":"closed","ping_status":"closed","template":"","meta":{"_acf_changed":false},"product_brand":[],"product_cat":[2433,2119,2120,1937,1943,1941,1933],"product_tag":[1944],"class_list":{"0":"post-84641","1":"product","2":"type-product","3":"status-publish","4":"has-post-thumbnail","6":"product_cat-avlastning-ved-forkjoelelse","7":"product_cat-kald-og-varmebehandling","8":"product_cat-kalde-pakninger","9":"product_cat-merkevarer","10":"product_cat-rehabmedic-no","11":"product_cat-rekonvalesens-og-sportspleie","12":"product_cat-skinner-og-stoetteskinner","13":"product_tag-rehabmedic-no","15":"first","16":"instock","17":"taxable","18":"shipping-taxable","19":"purchasable","20":"product-type-simple"},"acf":[],"_links":{"self":[{"href":"https:\/\/fysiolab.dk\/no\/wp-json\/wp\/v2\/product\/84641","targetHints":{"allow":["GET"]}}],"collection":[{"href":"https:\/\/fysiolab.dk\/no\/wp-json\/wp\/v2\/product"}],"about":[{"href":"https:\/\/fysiolab.dk\/no\/wp-json\/wp\/v2\/types\/product"}],"replies":[{"embeddable":true,"href":"https:\/\/fysiolab.dk\/no\/wp-json\/wp\/v2\/comments?post=84641"}],"wp:featuredmedia":[{"embeddable":true,"href":"https:\/\/fysiolab.dk\/no\/wp-json\/wp\/v2\/media\/84643"}],"wp:attachment":[{"href":"https:\/\/fysiolab.dk\/no\/wp-json\/wp\/v2\/media?parent=84641"}],"wp:term":[{"taxonomy":"product_brand","embeddable":true,"href":"https:\/\/fysiolab.dk\/no\/wp-json\/wp\/v2\/product_brand?post=84641"},{"taxonomy":"product_cat","embeddable":true,"href":"https:\/\/fysiolab.dk\/no\/wp-json\/wp\/v2\/product_cat?post=84641"},{"taxonomy":"product_tag","embeddable":true,"href":"https:\/\/fysiolab.dk\/no\/wp-json\/wp\/v2\/product_tag?post=84641"}],"curies":[{"name":"wp","href":"https:\/\/api.w.org\/{rel}","templated":true}]}}