{"id":84670,"date":"2025-03-30T17:17:05","date_gmt":"2025-03-30T15:17:05","guid":{"rendered":"https:\/\/fysiolab.dk\/product\/rehabmedic-nakke-nakkekrage\/"},"modified":"2025-12-18T09:20:38","modified_gmt":"2025-12-18T08:20:38","slug":"rehabmedic-nakke-nakkekrage","status":"publish","type":"product","link":"https:\/\/fysiolab.dk\/no\/product\/rehabmedic-nakke-nakkekrage\/","title":{"rendered":"RehabMedic Nakke\/nakkekrage"},"content":{"rendered":"<p><strong>RehabMedic Nakkekrage - Stabilisering og st\u00f8tte for nakke og hals<\/strong><\/p>\n<p>RehabMedic Nakkekrage er utviklet for \u00e5 gi optimal st\u00f8tte og stabilisering av nakke og hals etter operasjoner eller skader som nakkesleng og skiveprolaps. Nakkekragen er laget av et komfortabelt og pustende materiale som gir effektiv avlastning og komfort, samtidig som den bidrar til \u00e5 redusere smerte og fremme tilheling. <\/p>\n<p><strong>Anbefales for:<\/strong><\/p>\n<ul>\n<li>Stabilisering og st\u00f8tte etter nakkeoperasjon<\/li>\n<li>Behandling av nakkesleng og skiveprolaps<\/li>\n<li>Lindring av nakkesmerter og stivhet<\/li>\n<\/ul>\n<p><strong>Hals-\/nakkekragen er tilgjengelig i to st\u00f8rrelser:<\/strong><\/p>\n<ul>\n<li>S\/M: Omkrets 35-39 cm<\/li>\n<li>L\/XL: Omkrets 39-45 cm<\/li>\n<\/ul>\n<p>Den lettjusterte passformen s\u00f8rger for at kragen sitter riktig og komfortabelt p\u00e5 plass hele dagen, og gir b\u00e5de st\u00f8tte og bevegelsesfrihet.<\/p>\n<p>Bestill RehabMedic Nakkekrage i dag og f\u00e5 den st\u00f8tten du trenger for nakke og hals!<\/p>\n","protected":false},"excerpt":{"rendered":"<p><strong>RehabMedic Nakkekrage er utviklet for \u00e5 gi optimal st\u00f8tte og stabilisering av nakke og hals etter operasjoner eller skader som nakkesleng og skiveprolaps. Nakkekragen er laget av et komfortabelt og pustende materiale som gir effektiv avlastning og komfort, samtidig som den bidrar til \u00e5 redusere smerte og fremme tilheling. <\/strong><\/p>\n","protected":false},"featured_media":84691,"comment_status":"closed","ping_status":"closed","template":"","meta":{"_acf_changed":false},"product_brand":[],"product_cat":[2114,1937,2112,2113,1943,1933,2116,2115,2016],"product_tag":[1944],"class_list":{"0":"post-84670","1":"product","2":"type-product","3":"status-publish","4":"has-post-thumbnail","6":"product_cat-artrose-i-nakken","7":"product_cat-merkevarer","8":"product_cat-nakke-og-hals-no","9":"product_cat-nakkesleng-whiplash","10":"product_cat-rehabmedic-no","11":"product_cat-skinner-og-stoetteskinner","12":"product_cat-smerter-i-nakken-no","13":"product_cat-stivhet-i-nakken","14":"product_cat-uttak","15":"product_tag-rehabmedic-no","17":"first","18":"outofstock","19":"taxable","20":"shipping-taxable","21":"purchasable","22":"product-type-variable"},"acf":[],"_links":{"self":[{"href":"https:\/\/fysiolab.dk\/no\/wp-json\/wp\/v2\/product\/84670","targetHints":{"allow":["GET"]}}],"collection":[{"href":"https:\/\/fysiolab.dk\/no\/wp-json\/wp\/v2\/product"}],"about":[{"href":"https:\/\/fysiolab.dk\/no\/wp-json\/wp\/v2\/types\/product"}],"replies":[{"embeddable":true,"href":"https:\/\/fysiolab.dk\/no\/wp-json\/wp\/v2\/comments?post=84670"}],"wp:featuredmedia":[{"embeddable":true,"href":"https:\/\/fysiolab.dk\/no\/wp-json\/wp\/v2\/media\/84691"}],"wp:attachment":[{"href":"https:\/\/fysiolab.dk\/no\/wp-json\/wp\/v2\/media?parent=84670"}],"wp:term":[{"taxonomy":"product_brand","embeddable":true,"href":"https:\/\/fysiolab.dk\/no\/wp-json\/wp\/v2\/product_brand?post=84670"},{"taxonomy":"product_cat","embeddable":true,"href":"https:\/\/fysiolab.dk\/no\/wp-json\/wp\/v2\/product_cat?post=84670"},{"taxonomy":"product_tag","embeddable":true,"href":"https:\/\/fysiolab.dk\/no\/wp-json\/wp\/v2\/product_tag?post=84670"}],"curies":[{"name":"wp","href":"https:\/\/api.w.org\/{rel}","templated":true}]}}