{"id":84688,"date":"2025-03-30T15:19:53","date_gmt":"2025-03-30T13:19:53","guid":{"rendered":"https:\/\/fysiolab.dk\/product\/bauerfeind-sacroloc-generasjon-8\/"},"modified":"2025-12-18T09:20:40","modified_gmt":"2025-12-18T08:20:40","slug":"bauerfeind-sacroloc-generasjon-8","status":"publish","type":"product","link":"https:\/\/fysiolab.dk\/no\/product\/bauerfeind-sacroloc-generasjon-8\/","title":{"rendered":"Bauerfeind Sacroloc generasjon 8"},"content":{"rendered":"<p><strong>Bauerfeind SacroLoc Generation 8 - Avansert korsryggst\u00f8tte med optimal passform<\/strong><\/p>\n<p>Bauerfeind SacroLoc Generation 8 er en ny og forbedret korsryggst\u00f8tte som er utviklet for \u00e5 stabilisere og avlaste korsryggen og sacroiliacalomr\u00e5det. Den anatomiske passformen sikrer komfortabel og effektiv st\u00f8tte, samtidig som den er enkel \u00e5 ta av og p\u00e5. De justerbare stroppene gj\u00f8r at du kan tilpasse st\u00f8tten for maksimal komfort og effektivitet.  <\/p>\n<p><strong>Sacroloc Generation 8 anbefales for:<\/strong><\/p>\n<ul>\n<li>Smerter i korsryggen og sacroiliacaleddene (SI-leddene)<\/li>\n<li>Instabilitet og overbelastning i korsryggen<\/li>\n<li>Spenninger og irritasjon i bekkenomr\u00e5det<\/li>\n<li>Rehabilitering og forebygging av ryggproblemer<\/li>\n<\/ul>\n<p>Den innovative konstruksjonen kombinerer m\u00e5lrettet kompresjon med stabiliserende pads som masserer musklene og fremmer blodsirkulasjonen. Materialet er pustende og fleksibelt, noe som sikrer langvarig komfort - b\u00e5de i hverdagen og under fysisk aktivitet. <\/p>\n<p><strong>St\u00f8rrelsesguide:<\/strong><\/p>\n<p><strong>M\u00e5l omkretsen ved bekkenkanten<\/strong><\/p>\n<p><a href=\"https:\/\/dev.fysiolab.dk\/wp-content\/uploads\/2025\/05\/measurement_sacroloc_en_cm.jpg\"><img fetchpriority=\"high\" decoding=\"async\" class=\"alignnone size-medium wp-image-202414446\" src=\"https:\/\/dev.fysiolab.dk\/wp-content\/uploads\/2025\/05\/measurement_sacroloc_en_cm-300x230.jpg\" alt=\"\" width=\"300\" height=\"230\" title=\"\"><\/a> <a href=\"https:\/\/dev.fysiolab.dk\/wp-content\/uploads\/2025\/05\/sizingtable_sacroloc_en_cm-2.jpg\"><img decoding=\"async\" class=\"alignnone size-medium wp-image-202414453\" src=\"https:\/\/dev.fysiolab.dk\/wp-content\/uploads\/2025\/05\/sizingtable_sacroloc_en_cm-2-300x223.jpg\" alt=\"\" width=\"300\" height=\"223\" title=\"\"><\/a><\/p>\n<p><strong>INDIKASJONER:<\/strong><\/p>\n<ul>\n<li>Sakroiliakaleddssyndrom<\/li>\n<li>Artrose i sacroiliacaleddet<\/li>\n<li>Instabilitet i sacroiliacaleddet<\/li>\n<li>Blokkering av sacroiliacaleddet<\/li>\n<li>Myalgier og tendopatier i bekkenregionen<\/li>\n<li>Instabilitet i bekkenringen<\/li>\n<li>For profylakse av tilbakevendende blokkeringer i iliosakralleddet og myotendopatier (m. rectus abdominis, m. piriformis adduktorene)<\/li>\n<li>Symfysebrudd og frigj\u00f8ring<\/li>\n<li>For strukturelle anomalier etter spondylodese i korsryggen<\/li>\n<\/ul>\n<p><strong>EGENSKAPER:<\/strong><\/p>\n<ul>\n<li>Todelt friksjonspute for m\u00e5lrettet bruk.<\/li>\n<li>Kombinasjon av elastisk og uelastisk strikk og funksjonelle stropper for individuell justering av stabiliseringen.<\/li>\n<li>Anatomisk form for h\u00f8y komfort og sikker passform.<\/li>\n<li>Praktiske sl\u00f8yfer for komfortabel og str\u00f8msparende bruk.<\/li>\n<li>H\u00f8y pasientcompliance fordi ortosen kan b\u00e6res skjult under kl\u00e6rne.<\/li>\n<\/ul>\n<p><strong>DRIFTSMODUS:<\/strong><\/p>\n<ul>\n<li>Den todelte puten fremmer blodgjennomstr\u00f8mningen til leddb\u00e5nd og muskler gjennom mikromassasje.<\/li>\n<li>Den proprioseptive input forbedrer muskeltonus.<\/li>\n<li>Ortosen stabiliserer og avlaster iliosakralleddet og bekkenet med en kombinasjon av elastisk og ikke-elastisk strikket materiale.<\/li>\n<li>Stabiliseringsintensiteten kan justeres individuelt med funksjonsstroppene.<\/li>\n<\/ul>\n<p><strong>F\u00e5 skreddersydd st\u00f8tte for korsryggen - bestill Bauerfeind SacroLoc Generation 8 i dag!<\/strong><\/p>\n","protected":false},"excerpt":{"rendered":"<p><strong>Bauerfeind SacroLoc Generation 8 er en ny og forbedret korsryggst\u00f8tte som er utviklet for \u00e5 stabilisere og avlaste korsryggen og sacroiliacalomr\u00e5det. Den anatomiske passformen sikrer komfortabel og effektiv st\u00f8tte, samtidig som den er enkel \u00e5 ta av og p\u00e5. De justerbare stroppene gj\u00f8r at du kan tilpasse st\u00f8tten for maksimal komfort og effektivitet.  <\/strong><\/p>\n","protected":false},"featured_media":84702,"comment_status":"closed","ping_status":"closed","template":"","meta":{"_acf_changed":false},"product_brand":[],"product_cat":[2188,2189,2754,2354,2191,2504,2192,1937,2190,2184,1933,2186,2187],"product_tag":[2356],"class_list":{"0":"post-84688","1":"product","2":"type-product","3":"status-publish","4":"has-post-thumbnail","6":"product_cat-anstrengt-rygg","7":"product_cat-artrose-i-ryggen","8":"product_cat-bauerfeind-ryggstoette","9":"product_cat-bondetamp","10":"product_cat-brudd-i-ryggen-brudd-i-ryggraden","11":"product_cat-graviditet-bekkensmerter-nedre-rygg-avlastning","12":"product_cat-isjias-iskias","13":"product_cat-merkevarer","14":"product_cat-osteoporose-benskjoerhet-i-ryggen","15":"product_cat-rygg-og-korsrygg","16":"product_cat-skinner-og-stoetteskinner","17":"product_cat-skiveprolaps","18":"product_cat-smerter-i-nedre-del-av-ryggen","19":"product_tag-bondetamp","21":"first","22":"instock","23":"taxable","24":"shipping-taxable","25":"purchasable","26":"product-type-variable"},"acf":[],"_links":{"self":[{"href":"https:\/\/fysiolab.dk\/no\/wp-json\/wp\/v2\/product\/84688","targetHints":{"allow":["GET"]}}],"collection":[{"href":"https:\/\/fysiolab.dk\/no\/wp-json\/wp\/v2\/product"}],"about":[{"href":"https:\/\/fysiolab.dk\/no\/wp-json\/wp\/v2\/types\/product"}],"replies":[{"embeddable":true,"href":"https:\/\/fysiolab.dk\/no\/wp-json\/wp\/v2\/comments?post=84688"}],"wp:featuredmedia":[{"embeddable":true,"href":"https:\/\/fysiolab.dk\/no\/wp-json\/wp\/v2\/media\/84702"}],"wp:attachment":[{"href":"https:\/\/fysiolab.dk\/no\/wp-json\/wp\/v2\/media?parent=84688"}],"wp:term":[{"taxonomy":"product_brand","embeddable":true,"href":"https:\/\/fysiolab.dk\/no\/wp-json\/wp\/v2\/product_brand?post=84688"},{"taxonomy":"product_cat","embeddable":true,"href":"https:\/\/fysiolab.dk\/no\/wp-json\/wp\/v2\/product_cat?post=84688"},{"taxonomy":"product_tag","embeddable":true,"href":"https:\/\/fysiolab.dk\/no\/wp-json\/wp\/v2\/product_tag?post=84688"}],"curies":[{"name":"wp","href":"https:\/\/api.w.org\/{rel}","templated":true}]}}